{"id":712879,"date":"2025-08-27T17:01:20","date_gmt":"2025-08-27T14:01:20","guid":{"rendered":"https:\/\/roveyayinevi.com.tr\/index.php\/urun\/blof-kitap\/"},"modified":"2026-04-16T02:21:37","modified_gmt":"2026-04-15T23:21:37","slug":"blof-kitap","status":"publish","type":"product","link":"https:\/\/roveyayinevi.com.tr\/index.php\/urun\/blof-kitap\/","title":{"rendered":"Bl\u00f6f Kitap"},"content":{"rendered":"<p>Serbest stilde yaz\u0131lm\u0131\u015f, hinliklerle, canbazl\u0131klarla s\u00fcslenmi\u015f, gizli b\u00f6lmelere saklanm\u0131\u015f bir kitap. \u00d6nce kendisiyle, sonra yazarlar\u0131yla (ve ba\u015fka yazarlarla), son olarak da (maalesef) okuyucusuyla tatl\u0131 tatl\u0131 makara ge\u00e7en bir kitap. Tansu M. G\u00fclayd\u0131n 1965\u2019te Bergama\u2019da do\u011fdu, psikoloji \u00f6\u011frendi, reklamc\u0131l\u0131k yapt\u0131, sanat\u0131n g\u00fczelli\u011finde karar k\u0131ld\u0131. \u0130lhan Durusel 1965\u2019te Ayval\u0131k&#8217;ta do\u011fdu, edebiyat \u00f6\u011fretmenli\u011fi yapt\u0131, g\u00f6zleri g\u00f6ren bir k\u00fct\u00fcphaneci oldu. <\/p>\n","protected":false},"excerpt":{"rendered":"<p>Serbest stilde yaz\u0131lm\u0131\u015f, hinliklerle, canbazl\u0131klarla s\u00fcslenmi\u015f, gizli b\u00f6lmelere saklanm\u0131\u015f bir kitap. \u00d6nce kendisiyle, sonra yazarlar\u0131yla (ve ba\u015fka yazarlarla), son olarak da (maalesef) okuyucusuyla tatl\u0131 tatl\u0131 makara<span class=\"excerpt-hellip\"> [\u2026]<\/span><\/p>\n","protected":false},"featured_media":0,"template":"","meta":{"_monsterinsights_skip_tracking":false,"_monsterinsights_sitenote_active":false,"_monsterinsights_sitenote_note":"","_monsterinsights_sitenote_category":0},"product_brand":[],"product_cat":[12291,14825],"product_tag":[],"class_list":{"0":"post-712879","1":"product","2":"type-product","3":"status-publish","5":"product_cat-edebiyat","6":"product_cat-mizah","7":"pa_cilt-ciltsiz","8":"pa_tur-kitap","9":"pa_yayinevi-koc-universitesi-yayinlari","10":"pa_yazar-tansu-m-gunaydin-ilhan-durusel","12":"first","13":"instock","14":"sale","15":"shipping-taxable","16":"purchasable","17":"product-type-simple"},"_links":{"self":[{"href":"https:\/\/roveyayinevi.com.tr\/index.php\/wp-json\/wp\/v2\/product\/712879","targetHints":{"allow":["GET"]}}],"collection":[{"href":"https:\/\/roveyayinevi.com.tr\/index.php\/wp-json\/wp\/v2\/product"}],"about":[{"href":"https:\/\/roveyayinevi.com.tr\/index.php\/wp-json\/wp\/v2\/types\/product"}],"wp:attachment":[{"href":"https:\/\/roveyayinevi.com.tr\/index.php\/wp-json\/wp\/v2\/media?parent=712879"}],"wp:term":[{"taxonomy":"product_brand","embeddable":true,"href":"https:\/\/roveyayinevi.com.tr\/index.php\/wp-json\/wp\/v2\/product_brand?post=712879"},{"taxonomy":"product_cat","embeddable":true,"href":"https:\/\/roveyayinevi.com.tr\/index.php\/wp-json\/wp\/v2\/product_cat?post=712879"},{"taxonomy":"product_tag","embeddable":true,"href":"https:\/\/roveyayinevi.com.tr\/index.php\/wp-json\/wp\/v2\/product_tag?post=712879"}],"curies":[{"name":"wp","href":"https:\/\/api.w.org\/{rel}","templated":true}]}}