{"id":712878,"date":"2025-08-27T17:01:19","date_gmt":"2025-08-27T14:01:19","guid":{"rendered":"https:\/\/roveyayinevi.com.tr\/index.php\/urun\/sere-serpe\/"},"modified":"2026-04-16T02:21:37","modified_gmt":"2026-04-15T23:21:37","slug":"sere-serpe","status":"publish","type":"product","link":"https:\/\/roveyayinevi.com.tr\/index.php\/urun\/sere-serpe\/","title":{"rendered":"Sere Serpe"},"content":{"rendered":"<p>Mek\u00e2n\u0131 cennet olsun bu ya\u015fam\u0131n I\u015f\u0131k i\u00e7inde yats\u0131n sesi solu\u011fu \u00e7\u0131kmayan \u00fclkem Ya bu \u015fafa\u011f\u0131 kald\u0131r\u0131n ba\u015f\u0131mdan Ya ben kendimi ataca\u011f\u0131m zeytin a\u011fac\u0131ndan <\/p>\n","protected":false},"excerpt":{"rendered":"<p>Mek\u00e2n\u0131 cennet olsun bu ya\u015fam\u0131n I\u015f\u0131k i\u00e7inde yats\u0131n sesi solu\u011fu \u00e7\u0131kmayan \u00fclkem Ya bu \u015fafa\u011f\u0131 kald\u0131r\u0131n ba\u015f\u0131mdan Ya ben kendimi ataca\u011f\u0131m zeytin a\u011fac\u0131ndan<\/p>\n","protected":false},"featured_media":0,"template":"","meta":{"_monsterinsights_skip_tracking":false,"_monsterinsights_sitenote_active":false,"_monsterinsights_sitenote_note":"","_monsterinsights_sitenote_category":0},"product_brand":[],"product_cat":[12291,12509],"product_tag":[],"class_list":{"0":"post-712878","1":"product","2":"type-product","3":"status-publish","5":"product_cat-edebiyat","6":"product_cat-siir","7":"pa_cilt-ciltsiz","8":"pa_tur-kitap","9":"pa_yayinevi-yapi-kredi-yayinlari","10":"pa_yazar-gultekin-emre","12":"first","13":"instock","14":"sale","15":"shipping-taxable","16":"purchasable","17":"product-type-simple"},"_links":{"self":[{"href":"https:\/\/roveyayinevi.com.tr\/index.php\/wp-json\/wp\/v2\/product\/712878","targetHints":{"allow":["GET"]}}],"collection":[{"href":"https:\/\/roveyayinevi.com.tr\/index.php\/wp-json\/wp\/v2\/product"}],"about":[{"href":"https:\/\/roveyayinevi.com.tr\/index.php\/wp-json\/wp\/v2\/types\/product"}],"wp:attachment":[{"href":"https:\/\/roveyayinevi.com.tr\/index.php\/wp-json\/wp\/v2\/media?parent=712878"}],"wp:term":[{"taxonomy":"product_brand","embeddable":true,"href":"https:\/\/roveyayinevi.com.tr\/index.php\/wp-json\/wp\/v2\/product_brand?post=712878"},{"taxonomy":"product_cat","embeddable":true,"href":"https:\/\/roveyayinevi.com.tr\/index.php\/wp-json\/wp\/v2\/product_cat?post=712878"},{"taxonomy":"product_tag","embeddable":true,"href":"https:\/\/roveyayinevi.com.tr\/index.php\/wp-json\/wp\/v2\/product_tag?post=712878"}],"curies":[{"name":"wp","href":"https:\/\/api.w.org\/{rel}","templated":true}]}}