{"id":712876,"date":"2025-08-27T17:01:18","date_gmt":"2025-08-27T14:01:18","guid":{"rendered":"https:\/\/roveyayinevi.com.tr\/index.php\/urun\/gunesi-patladiginda-sizofreninin-gizemi\/"},"modified":"2026-04-16T02:21:37","modified_gmt":"2026-04-15T23:21:37","slug":"gunesi-patladiginda-sizofreninin-gizemi","status":"publish","type":"product","link":"https:\/\/roveyayinevi.com.tr\/index.php\/urun\/gunesi-patladiginda-sizofreninin-gizemi\/","title":{"rendered":"G\u00fcne\u015fi Patlad\u0131\u011f\u0131nda &#8211; \u015eizofreninin Gizemi"},"content":{"rendered":"<p>Tecrit, zihinsel de\u011fi\u015fikli\u011fe yol a\u00e7an ila\u00e7 tedavileri, tamamen kapat\u0131lma\u2026 G\u00fcn\u00fcm\u00fczde pek \u00e7ok \u015fizofreni hastas\u0131 bu t\u00fcr durumlarla kar\u015f\u0131 kar\u015f\u0131ya. Ge\u00e7mi\u015fte \u00e7o\u011fu zaman hayat boyu hastane odalar\u0131na kapat\u0131lman\u0131n yerini, bug\u00fcn daha \u00e7ok beyin h\u00fccreleri \u00fczerinde \u00f6zel etkiler yaratan ila\u00e7lar alm\u0131\u015f durumda. D\u00fcnya \u00e7ap\u0131nda tan\u0131nm\u0131\u015f psikanalist Christopher Bollas, \u015fizofrenide ila\u00e7 tedavisi d\u0131\u015f\u0131nda daha insanc\u0131l bir tedavinin m\u00fcmk\u00fcn oldu\u011funu ileri s\u00fcr\u00fcyor: \u015eizofreninin ortaya \u00e7\u0131kt\u0131\u011f\u0131 ilk haftalarda yo\u011fun bir psikoterapi uygulamak. Ki\u015finin yan\u0131nda s\u00fcrekli ve uzun s\u00fcre konu\u015fabilece\u011fi birinin olmas\u0131 ise her t\u00fcrl\u00fc tedavinin ana kayna\u011f\u0131. G\u00fcne\u015f Patlad\u0131\u011f\u0131nda, Bollas\u2019\u0131n klinik deneyimlerinde tan\u0131kl\u0131k etti\u011fi \u00e7ocuk ve yeti\u015fkin hastalar\u0131n hik\u00e2yeleri \u00fczerinden, \u015fizofreninin safhalar\u0131n\u0131 ve insan psikolojisinin \u00e7o\u011fu zaman hi\u00e7bir durumda de\u011fi\u015fmeyen gizemli katmanlar\u0131n\u0131 birlikte ele al\u0131yor. \u201cBu kitap \u015fizofreni hastalar\u0131ma, onlar\u0131n, i\u00e7inde bulunduklar\u0131 zor duruma getirdikleri d\u00e2hiyane, yarat\u0131c\u0131 \u00e7\u00f6z\u00fcmlere ve \u00f6zellikle de engin cesaretlerine adanm\u0131\u015ft\u0131r.\u201d <\/p>\n","protected":false},"excerpt":{"rendered":"<p>Tecrit, zihinsel de\u011fi\u015fikli\u011fe yol a\u00e7an ila\u00e7 tedavileri, tamamen kapat\u0131lma\u2026 G\u00fcn\u00fcm\u00fczde pek \u00e7ok \u015fizofreni hastas\u0131 bu t\u00fcr durumlarla kar\u015f\u0131 kar\u015f\u0131ya. Ge\u00e7mi\u015fte \u00e7o\u011fu zaman hayat boyu hastane odalar\u0131na<span class=\"excerpt-hellip\"> [\u2026]<\/span><\/p>\n","protected":false},"featured_media":0,"template":"","meta":{"_monsterinsights_skip_tracking":false,"_monsterinsights_sitenote_active":false,"_monsterinsights_sitenote_note":"","_monsterinsights_sitenote_category":0},"product_brand":[],"product_cat":[18545,12291],"product_tag":[],"class_list":{"0":"post-712876","1":"product","2":"type-product","3":"status-publish","5":"product_cat-anlati","6":"product_cat-edebiyat","7":"pa_cilt-ciltsiz","8":"pa_tur-kitap","9":"pa_yayinevi-yapi-kredi-yayinlari","10":"pa_yazar-christopher-bollas","12":"first","13":"instock","14":"sale","15":"shipping-taxable","16":"purchasable","17":"product-type-simple"},"_links":{"self":[{"href":"https:\/\/roveyayinevi.com.tr\/index.php\/wp-json\/wp\/v2\/product\/712876","targetHints":{"allow":["GET"]}}],"collection":[{"href":"https:\/\/roveyayinevi.com.tr\/index.php\/wp-json\/wp\/v2\/product"}],"about":[{"href":"https:\/\/roveyayinevi.com.tr\/index.php\/wp-json\/wp\/v2\/types\/product"}],"wp:attachment":[{"href":"https:\/\/roveyayinevi.com.tr\/index.php\/wp-json\/wp\/v2\/media?parent=712876"}],"wp:term":[{"taxonomy":"product_brand","embeddable":true,"href":"https:\/\/roveyayinevi.com.tr\/index.php\/wp-json\/wp\/v2\/product_brand?post=712876"},{"taxonomy":"product_cat","embeddable":true,"href":"https:\/\/roveyayinevi.com.tr\/index.php\/wp-json\/wp\/v2\/product_cat?post=712876"},{"taxonomy":"product_tag","embeddable":true,"href":"https:\/\/roveyayinevi.com.tr\/index.php\/wp-json\/wp\/v2\/product_tag?post=712876"}],"curies":[{"name":"wp","href":"https:\/\/api.w.org\/{rel}","templated":true}]}}