{"id":712875,"date":"2025-08-27T17:01:17","date_gmt":"2025-08-27T14:01:17","guid":{"rendered":"https:\/\/roveyayinevi.com.tr\/index.php\/urun\/gecis\/"},"modified":"2026-04-16T02:21:37","modified_gmt":"2026-04-15T23:21:37","slug":"gecis","status":"publish","type":"product","link":"https:\/\/roveyayinevi.com.tr\/index.php\/urun\/gecis\/","title":{"rendered":"Ge\u00e7i\u015f"},"content":{"rendered":"<p>Yazar Faye, bo\u015fanman\u0131n ard\u0131ndan iki o\u011fluyla beraber Londra\u2019ya ta\u015f\u0131n\u0131r. Sat\u0131n ald\u0131\u011f\u0131 harabe halindeki dairenin tadilat\u0131 s\u00fcrer, kendisi de h\u00e2l\u00e2 geride b\u0131rak\u0131lamam\u0131\u015f bir ge\u00e7mi\u015fle belirsiz bir gelecek aras\u0131nda arafta beklerken, \u00e7e\u015fitli insanlar\u0131n \u2013eski bir sevgili, yeniden bir araya gelinen dostlar, yazarlar ve ba\u015fkalar\u0131\u2013 anlatt\u0131\u011f\u0131 hik\u00e2yeleri dinler: Anne babalar\u0131n ve \u00e7ocuklar\u0131n g\u00f6lgelerinin \u00fc\u015f\u00fc\u015ft\u00fc\u011f\u00fc, eski ba\u011flar\u0131 kopar\u0131p atmaktan ve ayn\u0131 kalmaktan s\u00f6z edilen, biten \u015feylerin a\u011f\u0131rl\u0131\u011f\u0131n\u0131n alt\u0131nda de\u011fi\u015fimin k\u0131p\u0131rt\u0131s\u0131n\u0131n hissedildi\u011fi hik\u00e2yeler. Konu\u015fmaktansa dinlemeyi tercih eden anlat\u0131c\u0131n\u0131n so\u011fuk bak\u0131\u015f\u0131n\u0131n alt\u0131nda, temas edilen b\u00fct\u00fcn hayatlar, aile, kader, arzu, yaln\u0131zl\u0131k, ba\u011flanma ve sorumluluk hakk\u0131nda \u015fiirsel mesellere d\u00f6n\u00fc\u015f\u00fcr. Rachel Cusk, \u00c7er\u00e7eve ile ba\u015flad\u0131\u011f\u0131 yeni bir t\u00fcr roman yazma giri\u015fimini, Ge\u00e7i\u015f\u2019te yeni temalara a\u00e7\u0131larak ve yeni derinlikler ke\u015ffederek s\u00fcrd\u00fcr\u00fcyor. Cusk kural kitab\u0131n\u0131 y\u0131rt\u0131p atm\u0131\u015f, b\u00f6ylece ba\u015f d\u00f6nd\u00fcr\u00fcc\u00fc g\u00fczellikte ve \u00f6zg\u00fcnl\u00fckte bir roman yazm\u0131\u015f. &#8211; New York Times C\u00fcretk\u00e2r, \u00f6zg\u00fcn ve insanc\u0131l. &#8211; Daily Telegraph <\/p>\n","protected":false},"excerpt":{"rendered":"<p>Yazar Faye, bo\u015fanman\u0131n ard\u0131ndan iki o\u011fluyla beraber Londra\u2019ya ta\u015f\u0131n\u0131r. Sat\u0131n ald\u0131\u011f\u0131 harabe halindeki dairenin tadilat\u0131 s\u00fcrer, kendisi de h\u00e2l\u00e2 geride b\u0131rak\u0131lamam\u0131\u015f bir ge\u00e7mi\u015fle belirsiz bir gelecek<span class=\"excerpt-hellip\"> [\u2026]<\/span><\/p>\n","protected":false},"featured_media":0,"template":"","meta":{"_monsterinsights_skip_tracking":false,"_monsterinsights_sitenote_active":false,"_monsterinsights_sitenote_note":"","_monsterinsights_sitenote_category":0},"product_brand":[],"product_cat":[12291,12711],"product_tag":[],"class_list":{"0":"post-712875","1":"product","2":"type-product","3":"status-publish","5":"product_cat-edebiyat","6":"product_cat-roman-oyku","7":"pa_cilt-ciltsiz","8":"pa_tur-kitap","9":"pa_yayinevi-yapi-kredi-yayinlari","10":"pa_yazar-rachel-cusk","12":"first","13":"instock","14":"sale","15":"shipping-taxable","16":"purchasable","17":"product-type-simple"},"_links":{"self":[{"href":"https:\/\/roveyayinevi.com.tr\/index.php\/wp-json\/wp\/v2\/product\/712875","targetHints":{"allow":["GET"]}}],"collection":[{"href":"https:\/\/roveyayinevi.com.tr\/index.php\/wp-json\/wp\/v2\/product"}],"about":[{"href":"https:\/\/roveyayinevi.com.tr\/index.php\/wp-json\/wp\/v2\/types\/product"}],"wp:attachment":[{"href":"https:\/\/roveyayinevi.com.tr\/index.php\/wp-json\/wp\/v2\/media?parent=712875"}],"wp:term":[{"taxonomy":"product_brand","embeddable":true,"href":"https:\/\/roveyayinevi.com.tr\/index.php\/wp-json\/wp\/v2\/product_brand?post=712875"},{"taxonomy":"product_cat","embeddable":true,"href":"https:\/\/roveyayinevi.com.tr\/index.php\/wp-json\/wp\/v2\/product_cat?post=712875"},{"taxonomy":"product_tag","embeddable":true,"href":"https:\/\/roveyayinevi.com.tr\/index.php\/wp-json\/wp\/v2\/product_tag?post=712875"}],"curies":[{"name":"wp","href":"https:\/\/api.w.org\/{rel}","templated":true}]}}