{"id":712874,"date":"2025-08-27T17:01:16","date_gmt":"2025-08-27T14:01:16","guid":{"rendered":"https:\/\/roveyayinevi.com.tr\/index.php\/urun\/beden-kayit-tutar-travmanin-iyilesmesinde-beyin-zihin-ve-beden\/"},"modified":"2025-12-30T10:12:59","modified_gmt":"2025-12-30T07:12:59","slug":"beden-kayit-tutar-travmanin-iyilesmesinde-beyin-zihin-ve-beden","status":"publish","type":"product","link":"https:\/\/roveyayinevi.com.tr\/index.php\/urun\/beden-kayit-tutar-travmanin-iyilesmesinde-beyin-zihin-ve-beden\/","title":{"rendered":"Beden Kay\u0131t Tutar &#8211; Travman\u0131n \u0130yile\u015fmesinde Beyin, Zihin ve Beden"},"content":{"rendered":"<p>Ne yaz\u0131k ki \u015fimdiki psikiyatri anlay\u0131\u015f\u0131, yak\u0131nmalar\u0131n\u0131z\u0131 anlatman\u0131z ve hekimin de bu yak\u0131nmalar\u0131 d\u00fczeltecek bir ila\u00e7 \u00f6nermesi \u00fczerine kurulu. Ancak \u201cHi\u00e7 bir ila\u00e7, k\u00f6t\u00fc ge\u00e7mi\u015f bir \u00e7ocuklu\u011fu d\u00fczeltmiyor\u201d. Anne-baban\u0131z\u0131n veya e\u015finizin size nas\u0131l davrand\u0131\u011f\u0131, nas\u0131l bir ailede b\u00fcy\u00fcd\u00fc\u011f\u00fcn\u00fcz, anne-baban\u0131z\u0131n birbirlerine sevgi dolu ya da d\u00fc\u015fmanca davran\u0131\u015flar\u0131, bireysel, ailesel, hatta toplumsal travmalar\u0131n \u00fczerinizdeki izleri ne yaz\u0131k ki hi\u00e7 konu\u015fulmuyor.Art\u0131k biliyoruz ki beynimiz ve bedenimiz kar\u015f\u0131l\u0131kl\u0131 etkile\u015fimler \u00fczerinde \u015fekilleniyor. Bu etkile\u015fimlerin de\u011ferlendirilmedi\u011fi bir tan\u0131 ve tedavi anlay\u0131\u015f\u0131 her zaman eksik kalacakt\u0131r. S\u0131kl\u0131kla, \u201c\u00d6yle d\u00fc\u015f\u00fcnmemelisin\u2026 D\u00fc\u015f\u00fcnce \u015feklin yanl\u0131\u015f!\u201d diyen terapistlerle kar\u015f\u0131la\u015f\u0131yorum. \u201cOltaya yakalanm\u0131\u015f bir bal\u0131\u011f\u0131n davran\u0131\u015flar\u0131n\u0131 g\u00f6ren arkada\u015flar\u0131, onun \u00e7\u0131ld\u0131rd\u0131\u011f\u0131n\u0131 d\u00fc\u015f\u00fcnebilir\u201d. Ama bal\u0131\u011f\u0131n yapt\u0131\u011f\u0131 sadece hayat\u0131n\u0131 kurtarmaya \u00e7al\u0131\u015fmakt\u0131r. \u0130nsanlar\u0131 ya\u015fad\u0131klar\u0131 ya da yeti\u015ftikleri ortamlardan ayr\u0131 de\u011ferlendiremeyiz, oltay\u0131 g\u00f6remezseniz bu davran\u0131\u015flar\u0131 anlamak ve anlamland\u0131rmak da m\u00fcmk\u00fcn olmayacakt\u0131r.Hekimlik, \u00e7aresizli\u011fe tahamm\u00fcl etmenizi gerektirir. \u0130nsanlar hastalan\u0131r, ya\u015flan\u0131r ve \u00f6l\u00fcrler. Hen\u00fcz \u00e7\u00f6z\u00fcm\u00fcn\u00fc bilmiyoruz. Yapabildi\u011fimiz \u00e7o\u011fu zaman ac\u0131lar\u0131 azaltmak, ac\u0131 \u00e7eken insanlar\u0131n yan\u0131nda olmak, \u00f6l\u00fcm\u00fc geciktirmeye \u00e7al\u0131\u015fmak, \u00e7o\u011fu zaman da \u00e7aresizce beklemek\u2026 Ac\u0131 ka\u00e7\u0131n\u0131lmazd\u0131r. Ya\u015fam hepimiz i\u00e7in ne\u015fe sa\u011fl\u0131k ve mutluluk kadar, az ya da \u00e7ok \u0131st\u0131rap ve kay\u0131pla dolu. Kimimiz bunlarla \u00e7ok erken, \u00e7ok savunmas\u0131zken ve \u00fcst \u00fcste kar\u015f\u0131la\u015f\u0131r\u0131z, kimimiz daha ge\u00e7. Bunca y\u0131l sonra psikiyatrinin en \u00f6nemli g\u00f6revlerinden birinin bu ac\u0131 ve kay\u0131plarla ba\u015f etmede insanlara yard\u0131mc\u0131 olmak, yeniden toparlan\u0131p, ge\u00e7mi\u015flerinin etkisinden kurtulup m\u00fcmk\u00fcnse daha g\u00fc\u00e7l\u00fc bir \u015fekilde ya\u015famlar\u0131na devam etmelerini sa\u011flamak oldu\u011funu d\u00fc\u015f\u00fcn\u00fcyoruz.\u201cBeden Kay\u0131t Tutar\u201d var olan psikiyatri anlay\u0131\u015f\u0131n\u0131n t\u0131kanm\u0131\u015fl\u0131\u011f\u0131na bir umut \u0131\u015f\u0131\u011f\u0131 yak\u0131yor, n\u00f6robilimdeki geli\u015fmeler sayesinde ruhsal ve hatta bedensel hastal\u0131klar\u0131m\u0131z\u0131n k\u00f6keninin daha farkl\u0131 anla\u015f\u0131lmas\u0131n\u0131, ta\u015flar\u0131n yerine oturmas\u0131n\u0131 a\u00e7\u0131k, kan\u0131ta dayal\u0131 ve anla\u015f\u0131l\u0131r bir \u015fekilde sunuyor. Yirmi birinci y\u00fczy\u0131l\u0131n getirdi\u011fi yeni terapi y\u00f6ntemlerini tan\u0131tarak etkili ba\u015fa \u00e7\u0131kman\u0131n nas\u0131l olabilece\u011finin yollar\u0131n\u0131 g\u00f6steriyor.Bunu yaparken, ger\u00e7ek \u00f6yk\u00fclerle insan\u0131n zek\u00e2s\u0131na, dayan\u0131kl\u0131l\u0131\u011f\u0131na, ba\u015f etme ve iyile\u015fme g\u00fcc\u00fcne bir kez daha hayran b\u0131rak\u0131yor. B\u00fcy\u00fck zaferlerin b\u00fcy\u00fck y\u0131k\u0131mlardan do\u011fmas\u0131 gibi, en \u00e7ok ac\u0131yan yerimizi korumam\u0131z gibi travmadan iyile\u015fmenin muhte\u015fem sonu\u00e7lar\u0131n\u0131 g\u00f6steriyor. Pek \u00e7ok kez ya\u015fad\u0131klar\u0131 travmalar\u0131, hayatlar\u0131n\u0131n kayna\u011f\u0131 yapan hatta bunun \u00f6tesine ge\u00e7ip ba\u015fkalar\u0131 ayn\u0131 ac\u0131y\u0131 ya\u015famas\u0131n diye m\u00fccadele eden insanlar tan\u0131d\u0131k. Bu kitapta da okuyaca\u011f\u0131n\u0131z ya\u015famlar gibi\u2026Zorlay\u0131c\u0131 ya\u015fam olaylar\u0131nda duyguda\u015fl\u0131k yapt\u0131\u011f\u0131m\u0131z dan\u0131\u015fanlara, an\u0131lar\u0131yla yapt\u0131klar\u0131 sava\u015flarda ate\u015fkes sa\u011flama \u00e7abalar\u0131m\u0131zda, zihinlerindeki olumsuz inan\u00e7lar\u0131yla, bedenlerindeki rahats\u0131zl\u0131k veren duyumlar\u0131yla kavgalar\u0131nda uzla\u015ft\u0131r\u0131c\u0131l\u0131k yaparken, travmaya tan\u0131kl\u0131k yapman\u0131n etkileriyle bo\u011fu\u015furken travma \u00e7al\u0131\u015fanlar\u0131 i\u00e7in bir pusula oldu\u011funu d\u00fc\u015f\u00fcn\u00fcyoruz. Tekrar tekrar okunmay\u0131 hak eden bir ba\u015feser.En az bizim kadar \u201cBeden Kay\u0131t Tutar\u201d dan faydalanman\u0131z\u0131 dileriz. <\/p>\n","protected":false},"excerpt":{"rendered":"<p>Ne yaz\u0131k ki \u015fimdiki psikiyatri anlay\u0131\u015f\u0131, yak\u0131nmalar\u0131n\u0131z\u0131 anlatman\u0131z ve hekimin de bu yak\u0131nmalar\u0131 d\u00fczeltecek bir ila\u00e7 \u00f6nermesi \u00fczerine kurulu. Ancak \u201cHi\u00e7 bir ila\u00e7, k\u00f6t\u00fc ge\u00e7mi\u015f bir<span class=\"excerpt-hellip\"> [\u2026]<\/span><\/p>\n","protected":false},"featured_media":0,"template":"","meta":{"_monsterinsights_skip_tracking":false,"_monsterinsights_sitenote_active":false,"_monsterinsights_sitenote_note":"","_monsterinsights_sitenote_category":0},"product_brand":[],"product_cat":[12358,12357],"product_tag":[],"class_list":{"0":"post-712874","1":"product","2":"type-product","3":"status-publish","5":"product_cat-genel-psikoloji","6":"product_cat-psikoloji","7":"pa_cilt-ciltsiz","8":"pa_tur-kitap","9":"pa_yayinevi-nobel-yasam","10":"pa_yazar-bessel-a-van-der-kolk","12":"first","13":"instock","14":"sale","15":"shipping-taxable","16":"purchasable","17":"product-type-simple"},"_links":{"self":[{"href":"https:\/\/roveyayinevi.com.tr\/index.php\/wp-json\/wp\/v2\/product\/712874","targetHints":{"allow":["GET"]}}],"collection":[{"href":"https:\/\/roveyayinevi.com.tr\/index.php\/wp-json\/wp\/v2\/product"}],"about":[{"href":"https:\/\/roveyayinevi.com.tr\/index.php\/wp-json\/wp\/v2\/types\/product"}],"wp:attachment":[{"href":"https:\/\/roveyayinevi.com.tr\/index.php\/wp-json\/wp\/v2\/media?parent=712874"}],"wp:term":[{"taxonomy":"product_brand","embeddable":true,"href":"https:\/\/roveyayinevi.com.tr\/index.php\/wp-json\/wp\/v2\/product_brand?post=712874"},{"taxonomy":"product_cat","embeddable":true,"href":"https:\/\/roveyayinevi.com.tr\/index.php\/wp-json\/wp\/v2\/product_cat?post=712874"},{"taxonomy":"product_tag","embeddable":true,"href":"https:\/\/roveyayinevi.com.tr\/index.php\/wp-json\/wp\/v2\/product_tag?post=712874"}],"curies":[{"name":"wp","href":"https:\/\/api.w.org\/{rel}","templated":true}]}}