{"id":712873,"date":"2025-08-27T17:01:16","date_gmt":"2025-08-27T14:01:16","guid":{"rendered":"https:\/\/roveyayinevi.com.tr\/index.php\/urun\/iyi-ogretmen-dogru-okul\/"},"modified":"2026-04-16T02:21:37","modified_gmt":"2026-04-15T23:21:37","slug":"iyi-ogretmen-dogru-okul","status":"publish","type":"product","link":"https:\/\/roveyayinevi.com.tr\/index.php\/urun\/iyi-ogretmen-dogru-okul\/","title":{"rendered":"\u0130yi \u00d6\u011fretmen Do\u011fru Okul"},"content":{"rendered":"<p>Uzunca bir s\u00fcredir \u00f6\u011fretmenleri g\u00fc\u00e7lendirmeye y\u00f6nelik e\u011fitimler yap\u0131yorum. Elinizdeki kitap bu e\u011fitimlerde ele al\u0131nan konular\u0131n geni\u015fletilmesiyle ve yeni konular\u0131n eklenmesiyle olu\u015ftu. Bu kitab\u0131n olu\u015fmas\u0131na bu e\u011fitimlerde d\u00fc\u015f\u00fcncelerimi payla\u015ft\u0131\u011f\u0131m \u00f6\u011fretmenler y\u00f6n verdi. Onlar g\u00f6rd\u00fc\u011f\u00fcm en iyi insanlar; ancak \u00e7ok bunalm\u0131\u015f durumdalar. Onlardan \u00e7ok \u015fey bekleniyor ama onlar\u0131n yeti\u015fmesine \u00e7ok az \u00f6nem veriliyor; iyi niyetleri hantal bir sistemin i\u00e7inde kayboluyor. Daha sonra da sisteme uyumlu hale gelerek de\u011fi\u015fime kar\u015f\u0131 direniyor ve ele\u015ftirilerin oda\u011f\u0131nda oluyorlar. Kitapta ele al\u0131nan konular ve a\u00e7\u0131klamalar \u00f6\u011fretmenlerimizi bu odaktan bir par\u00e7a uzakla\u015ft\u0131rmak amac\u0131n\u0131 g\u00fctt\u00fc. Kitapta bilindik bilgilerin yan\u0131 s\u0131ra baz\u0131 g\u00f6r\u00fc\u015f ve iddialar\u0131ma da yer verdim. Dolay\u0131s\u0131yla \u00e7er\u00e7eve, okul alg\u0131s\u0131 ve kapsam\u0131 i\u00e7inde y\u00f6netici, \u00f6\u011fretmen, \u00f6\u011frenci ve veli olmakla ilgilidir. Bu konular\u0131n a\u00e7\u0131klanmas\u0131nda k\u0131smen akademik bir dil kullan\u0131m\u0131n\u0131n yan\u0131nda ele al\u0131nan konular\u0131n okuyucular a\u00e7\u0131s\u0131ndan daha anla\u015f\u0131l\u0131r, i\u015fe yarar ve uygulamalarda nas\u0131l olmas\u0131 gerekti\u011fine \u00f6zen g\u00f6sterdim. Bu nedenle kuramsal s\u00f6ylemler ve teknik ifadelerden m\u00fcmk\u00fcn oldu\u011funca uzak durmaya \u00e7al\u0131\u015ft\u0131m. Konular\u0131 se\u00e7erken okulla ilgili temel konulara; \u00f6zellikle e\u011fitimle ilgilenenlerin ihtiyac\u0131 oldu\u011funu d\u00fc\u015f\u00fcnd\u00fc\u011f\u00fcm ve e\u011fitimlerde \u00f6\u011fretmenlerin etkilendiklerini g\u00f6zlemledi\u011fim konulara yer vermeye \u00e7al\u0131\u015ft\u0131m. <\/p>\n","protected":false},"excerpt":{"rendered":"<p>Uzunca bir s\u00fcredir \u00f6\u011fretmenleri g\u00fc\u00e7lendirmeye y\u00f6nelik e\u011fitimler yap\u0131yorum. Elinizdeki kitap bu e\u011fitimlerde ele al\u0131nan konular\u0131n geni\u015fletilmesiyle ve yeni konular\u0131n eklenmesiyle olu\u015ftu. Bu kitab\u0131n olu\u015fmas\u0131na bu e\u011fitimlerde<span class=\"excerpt-hellip\"> [\u2026]<\/span><\/p>\n","protected":false},"featured_media":0,"template":"","meta":{"_monsterinsights_skip_tracking":false,"_monsterinsights_sitenote_active":false,"_monsterinsights_sitenote_note":"","_monsterinsights_sitenote_category":0},"product_brand":[],"product_cat":[12573,12566],"product_tag":[],"class_list":{"0":"post-712873","1":"product","2":"type-product","3":"status-publish","5":"product_cat-akademik-kitaplar","6":"product_cat-egitim","7":"pa_cilt-ciltsiz","8":"pa_tur-kitap","9":"pa_yayinevi-ani-yayincilik","10":"pa_yazar-tuncay-akcadag","12":"first","13":"instock","14":"sale","15":"shipping-taxable","16":"purchasable","17":"product-type-simple"},"_links":{"self":[{"href":"https:\/\/roveyayinevi.com.tr\/index.php\/wp-json\/wp\/v2\/product\/712873","targetHints":{"allow":["GET"]}}],"collection":[{"href":"https:\/\/roveyayinevi.com.tr\/index.php\/wp-json\/wp\/v2\/product"}],"about":[{"href":"https:\/\/roveyayinevi.com.tr\/index.php\/wp-json\/wp\/v2\/types\/product"}],"wp:attachment":[{"href":"https:\/\/roveyayinevi.com.tr\/index.php\/wp-json\/wp\/v2\/media?parent=712873"}],"wp:term":[{"taxonomy":"product_brand","embeddable":true,"href":"https:\/\/roveyayinevi.com.tr\/index.php\/wp-json\/wp\/v2\/product_brand?post=712873"},{"taxonomy":"product_cat","embeddable":true,"href":"https:\/\/roveyayinevi.com.tr\/index.php\/wp-json\/wp\/v2\/product_cat?post=712873"},{"taxonomy":"product_tag","embeddable":true,"href":"https:\/\/roveyayinevi.com.tr\/index.php\/wp-json\/wp\/v2\/product_tag?post=712873"}],"curies":[{"name":"wp","href":"https:\/\/api.w.org\/{rel}","templated":true}]}}