{"id":712872,"date":"2025-08-27T17:01:15","date_gmt":"2025-08-27T14:01:15","guid":{"rendered":"https:\/\/roveyayinevi.com.tr\/index.php\/urun\/muzik-alfabesini-taniyalim\/"},"modified":"2025-08-28T19:16:02","modified_gmt":"2025-08-28T16:16:02","slug":"muzik-alfabesini-taniyalim","status":"publish","type":"product","link":"https:\/\/roveyayinevi.com.tr\/index.php\/urun\/muzik-alfabesini-taniyalim\/","title":{"rendered":"M\u00fczik Alfabesini Tan\u0131yal\u0131m"},"content":{"rendered":"<p>Bu oyun kartlar\u0131 7\u2019den 77\u2019ye m\u00fczi\u011fe ilgi duyan herkese y\u00f6nelik olarak haz\u0131rlanm\u0131\u015ft\u0131r. Kutuda bulunan 72 kart\u0131n \u00f6n y\u00fcz\u00fcnde m\u00fczik dilinde kullan\u0131lan \u00e7e\u015fitli semboller, arka y\u00fcz\u00fcnde ise bu sembollerin a\u00e7\u0131klamas\u0131 yer almaktad\u0131r. Kartlarla bireysel ya da toplu olarak oynamak, oynarken de m\u00fczik alfabesini hem kolay yoldan hem de e\u011flenerek \u00f6\u011frenmek ve \u00f6\u011fretmek hedeflenmi\u015ftir. Keyif alman\u0131z ve m\u00fczik yapmaya daha fazla istek duyman\u0131z dile\u011fiyle. <\/p>\n","protected":false},"excerpt":{"rendered":"<p>Bu oyun kartlar\u0131 7\u2019den 77\u2019ye m\u00fczi\u011fe ilgi duyan herkese y\u00f6nelik olarak haz\u0131rlanm\u0131\u015ft\u0131r. Kutuda bulunan 72 kart\u0131n \u00f6n y\u00fcz\u00fcnde m\u00fczik dilinde kullan\u0131lan \u00e7e\u015fitli semboller, arka y\u00fcz\u00fcnde ise<span class=\"excerpt-hellip\"> [\u2026]<\/span><\/p>\n","protected":false},"featured_media":0,"template":"","meta":{"_monsterinsights_skip_tracking":false,"_monsterinsights_sitenote_active":false,"_monsterinsights_sitenote_note":"","_monsterinsights_sitenote_category":0},"product_brand":[],"product_cat":[12274,12649],"product_tag":[],"class_list":{"0":"post-712872","1":"product","2":"type-product","3":"status-publish","5":"product_cat-cocuk-ve-genclik-kitaplari","6":"product_cat-hobi-muzik","7":"pa_cilt-ciltsiz","8":"pa_tur-kitap","9":"pa_yayinevi-muzik-egitimi-yayinlari","10":"pa_yazar-sinem-guney-kuru","12":"first","13":"instock","14":"sale","15":"shipping-taxable","16":"purchasable","17":"product-type-simple"},"_links":{"self":[{"href":"https:\/\/roveyayinevi.com.tr\/index.php\/wp-json\/wp\/v2\/product\/712872","targetHints":{"allow":["GET"]}}],"collection":[{"href":"https:\/\/roveyayinevi.com.tr\/index.php\/wp-json\/wp\/v2\/product"}],"about":[{"href":"https:\/\/roveyayinevi.com.tr\/index.php\/wp-json\/wp\/v2\/types\/product"}],"wp:attachment":[{"href":"https:\/\/roveyayinevi.com.tr\/index.php\/wp-json\/wp\/v2\/media?parent=712872"}],"wp:term":[{"taxonomy":"product_brand","embeddable":true,"href":"https:\/\/roveyayinevi.com.tr\/index.php\/wp-json\/wp\/v2\/product_brand?post=712872"},{"taxonomy":"product_cat","embeddable":true,"href":"https:\/\/roveyayinevi.com.tr\/index.php\/wp-json\/wp\/v2\/product_cat?post=712872"},{"taxonomy":"product_tag","embeddable":true,"href":"https:\/\/roveyayinevi.com.tr\/index.php\/wp-json\/wp\/v2\/product_tag?post=712872"}],"curies":[{"name":"wp","href":"https:\/\/api.w.org\/{rel}","templated":true}]}}