{"id":712870,"date":"2025-08-27T17:01:13","date_gmt":"2025-08-27T14:01:13","guid":{"rendered":"https:\/\/roveyayinevi.com.tr\/index.php\/urun\/benlik-pratikleri\/"},"modified":"2026-04-16T02:21:37","modified_gmt":"2026-04-15T23:21:37","slug":"benlik-pratikleri","status":"publish","type":"product","link":"https:\/\/roveyayinevi.com.tr\/index.php\/urun\/benlik-pratikleri\/","title":{"rendered":"Benlik Pratikleri"},"content":{"rendered":"<p>Benlik Pratikleri, sosyolog Zygmunt Bauman ile akademisyen Rein Raud\u2019un 2014 y\u0131l\u0131 boyunca elektronik posta yoluyla kar\u015f\u0131l\u0131kl\u0131 s\u00f6yle\u015fmelerinin u\u0308ru\u0308nu\u0308.\u201cBenlik nas\u0131l ortaya \u00e7\u0131kar? Her insanda, her ku\u0308ltu\u0308rde, her ya\u015f grubunda ayn\u0131 geli\u015fim \u00f6ru\u0308ntu\u0308su\u0308nu\u0308 mu\u0308 g\u00f6sterir? Yoksa tarihsel ba\u011flam\u0131 i\u00e7inde du\u0308\u015fu\u0308nu\u0308lmesi gereken sosyo-ku\u0308ltu\u0308rel bir yap\u0131 m\u0131d\u0131r? E\u011fer \u00f6yleyse, \u015fimdi neler ya\u015fan\u0131yor peki? Gu\u0308nu\u0308mu\u0308z du\u0308nyas\u0131nda benlik \u00f6ru\u0308ntu\u0308leri bir de\u011fi\u015fimden mi ge\u00e7iyor? Gu\u0308nu\u0308mu\u0308z teknolojileri bize daha fazla \u00f6zerklik mi sa\u011fl\u0131yor yoksa \u00f6zgu\u0308rlu\u0308klerimizden feragat etmemiz konusunda bizi ba\u015ftan m\u0131 \u00e7\u0131kar\u0131yor?\u201dBu sorulara verilmi\u015f cevaplar\u0131 birlikte du\u0308\u015fu\u0308nmeye koyulan Bauman ve Raud, dert edindikleri bu teorik meseleyi bugu\u0308nu\u0308n aciliyet gerektiren toplumsal ve siyasal krizlerini anlamaya dair bir yol g\u00f6sterici olarak g\u00f6rmemizi \u00f6neriyor.Bu kitapta okuyaca\u011f\u0131n\u0131z uzun soluklu mektupla\u015fmalar, \u201cinsanca, pek insanca ya\u015fama\u201d ilkesinin \u00f6nemini vurguluyor ve onun imkan ve s\u0131n\u0131rlar\u0131n\u0131 sorguluyor. Bu ilkeyi Amartya Sen\u2019in \u201cbir insan olarak tam anlam\u0131yla i\u015flev g\u00f6sterebilme yetisine dair e\u015fitlik\u201de yapt\u0131\u011f\u0131 vurgu ile birlikte du\u0308\u015fu\u0308nen Bauman ve Raud, sosyalizm ve liberalizme dair farkl\u0131 siyasal vizyonlar\u0131ndan \u00f6tu\u0308ru\u0308 kimi zaman uzla\u015f\u0131yor kimi zaman \u00e7at\u0131\u015f\u0131yorlar. S\u00f6z konusu uzla\u015f\u0131 ve \u00e7at\u0131\u015fmalar\u0131n ger\u00e7ekle\u015fti\u011fi metinsel evrenin bir ucunun G\u0131lgam\u0131\u015f Destan\u0131\u2019na di\u011fer ucunun yirmi birinci yu\u0308zy\u0131l Rus oligarklar\u0131n\u0131n insan bilincini bilgisayar ortam\u0131na aktarma fu\u0308tu\u0308rist du\u0308\u015flemlerine uzand\u0131\u011f\u0131 bu kitap, \u201cBenlik nedir?\u201d sorusu \u00f6zelinde ziyaret etti\u011fi du\u0308\u015fu\u0308nce du\u0308nyalar\u0131n\u0131n zenginli\u011fi bak\u0131m\u0131ndan ufak \u00f6l\u00e7ekli bir ansiklopedi niteli\u011finde&#8230; <\/p>\n","protected":false},"excerpt":{"rendered":"<p>Benlik Pratikleri, sosyolog Zygmunt Bauman ile akademisyen Rein Raud\u2019un 2014 y\u0131l\u0131 boyunca elektronik posta yoluyla kar\u015f\u0131l\u0131kl\u0131 s\u00f6yle\u015fmelerinin u\u0308ru\u0308nu\u0308.\u201cBenlik nas\u0131l ortaya \u00e7\u0131kar? Her insanda, her ku\u0308ltu\u0308rde, her<span class=\"excerpt-hellip\"> [\u2026]<\/span><\/p>\n","protected":false},"featured_media":0,"template":"","meta":{"_monsterinsights_skip_tracking":false,"_monsterinsights_sitenote_active":false,"_monsterinsights_sitenote_note":"","_monsterinsights_sitenote_category":0},"product_brand":[],"product_cat":[13072,12291],"product_tag":[],"class_list":{"0":"post-712870","1":"product","2":"type-product","3":"status-publish","5":"product_cat-arastirma-inceleme-referans","6":"product_cat-edebiyat","7":"pa_cilt-ciltsiz","8":"pa_tur-kitap","9":"pa_yayinevi-ayrinti-yayinlari","10":"pa_yazar-zygmunt-bauman-rein-raud","12":"first","13":"instock","14":"sale","15":"shipping-taxable","16":"purchasable","17":"product-type-simple"},"_links":{"self":[{"href":"https:\/\/roveyayinevi.com.tr\/index.php\/wp-json\/wp\/v2\/product\/712870","targetHints":{"allow":["GET"]}}],"collection":[{"href":"https:\/\/roveyayinevi.com.tr\/index.php\/wp-json\/wp\/v2\/product"}],"about":[{"href":"https:\/\/roveyayinevi.com.tr\/index.php\/wp-json\/wp\/v2\/types\/product"}],"wp:attachment":[{"href":"https:\/\/roveyayinevi.com.tr\/index.php\/wp-json\/wp\/v2\/media?parent=712870"}],"wp:term":[{"taxonomy":"product_brand","embeddable":true,"href":"https:\/\/roveyayinevi.com.tr\/index.php\/wp-json\/wp\/v2\/product_brand?post=712870"},{"taxonomy":"product_cat","embeddable":true,"href":"https:\/\/roveyayinevi.com.tr\/index.php\/wp-json\/wp\/v2\/product_cat?post=712870"},{"taxonomy":"product_tag","embeddable":true,"href":"https:\/\/roveyayinevi.com.tr\/index.php\/wp-json\/wp\/v2\/product_tag?post=712870"}],"curies":[{"name":"wp","href":"https:\/\/api.w.org\/{rel}","templated":true}]}}