{"id":712868,"date":"2025-08-27T17:01:12","date_gmt":"2025-08-27T14:01:12","guid":{"rendered":"https:\/\/roveyayinevi.com.tr\/index.php\/urun\/lenini-yeniden-kesfetmek\/"},"modified":"2026-04-16T02:21:37","modified_gmt":"2026-04-15T23:21:37","slug":"lenini-yeniden-kesfetmek","status":"publish","type":"product","link":"https:\/\/roveyayinevi.com.tr\/index.php\/urun\/lenini-yeniden-kesfetmek\/","title":{"rendered":"Lenin&#8217;i Yeniden Ke\u015ffetmek"},"content":{"rendered":"<p>Lenin\u2019in 1902\u2019de yay\u0131mlananNe Yapmal\u0131?adl\u0131 eseri, uzunca bir s\u00fcre \u201cyeni bir parti tipinin\u201d kurucu belgesi olarakde\u011ferlendirilmi\u015ftir. Kimilerine g\u00f6re,Ne Yapmal\u0131?genel anlam\u0131yla Bol\u015fevizmin esas\u0131n\u0131 olu\u015fturan \u201c\u00f6nc\u00fcparti\u201d modelini tart\u0131\u015fm\u0131\u015f;kimilerine g\u00f6re ise Lenin\u2019in i\u015f\u00e7i s\u0131n\u0131f\u0131na y\u00f6nelik elitist ve \u00e7\u0131karc\u0131 tavr\u0131n\u0131 d\u0131\u015fa vurmu\u015ftur. Lars T. Lih\u2019in dil a\u00e7\u0131s\u0131ndan \u00e7a\u011fda\u015fRus ve Alman kaynaklar\u0131na yaslanan bu \u00f6nemli kitab\u0131,\u015fimdiye kadar eri\u015fimi m\u00fcmk\u00fcn olmayanba\u011flamsal bilgileri temel alarak, her iki g\u00f6r\u00fc\u015f\u00fcn de alt\u0131n\u0131 oymakla kalm\u0131yor, ayn\u0131 zamanda Lenin\u2019in arg\u00fcmanlar\u0131n\u0131n asl\u0131nda nas\u0131ldaiyimser bir g\u00fcven temelinde i\u015f\u00e7ilerin devrimci e\u011filimlerine dayand\u0131\u011f\u0131n\u0131 ve Lenin\u2019in Alman Sosyal Demokrasi hareketine olan \u00f6zelhayranl\u0131\u011f\u0131n\u0131 g\u00f6zler \u00f6n\u00fcne seriyor. Lars T. Lih, Lenin\u2019in bak\u0131\u015fa\u00e7\u0131s\u0131n\u0131n, uluslararas\u0131 Sosyal Demokrasi hareketinin durumu, RusSosyal Demokrasi hareketinde d\u00f6nen tart\u0131\u015fmalar ve devrimci yeralt\u0131 organizasyonlar\u0131 d\u0131\u015far\u0131da tutuldu\u011fu takdirde anla\u015f\u0131lamayaca\u011f\u0131n\u0131vurgulamaktad\u0131r. Lars T. Lih\u2019in yorumlar\u0131 Lenin\u2019in metnindeki \u00e7evirisi hayli zor olan baz\u0131 kilit terimlere odaklan\u0131yor veLenin\u2019i Yeniden Ke\u015ffetmek,Ne Yapmal\u0131?\u2019n\u0131n yazar taraf\u0131ndan yap\u0131lm\u0131\u015forijinal bir \u00e7evirisiyle birlikte ilerliyor.Bu kapsaml\u0131 \u00e7al\u0131\u015fma, Marx efsanesi, tarihsel bir g\u00fc\u00e7 olarak Bol\u015fevizm, Sovyet tarihi gibi meselelerde yeni ve sars\u0131c\u0131 sorular ortayaat\u0131yor; bu esnada Lenin hakk\u0131ndaki basmakal\u0131p yorumlar\u0131 ele\u015ftiriyor, Lenin\u2019in devrimci perspektifini akt\u00fcel bir ba\u011flama ta\u015f\u0131yor. Hem ge\u00e7mi\u015fin hem de g\u00fcn\u00fcm\u00fcz\u00fcn tart\u0131\u015fmalar\u0131na \u0131\u015f\u0131k tutan \u00f6nemli bir \u00e7al\u0131\u015fma.. <\/p>\n","protected":false},"excerpt":{"rendered":"<p>Lenin\u2019in 1902\u2019de yay\u0131mlananNe Yapmal\u0131?adl\u0131 eseri, uzunca bir s\u00fcre \u201cyeni bir parti tipinin\u201d kurucu belgesi olarakde\u011ferlendirilmi\u015ftir. Kimilerine g\u00f6re,Ne Yapmal\u0131?genel anlam\u0131yla Bol\u015fevizmin esas\u0131n\u0131 olu\u015fturan \u201c\u00f6nc\u00fcparti\u201d modelini tart\u0131\u015fm\u0131\u015f;kimilerine g\u00f6re<span class=\"excerpt-hellip\"> [\u2026]<\/span><\/p>\n","protected":false},"featured_media":0,"template":"","meta":{"_monsterinsights_skip_tracking":false,"_monsterinsights_sitenote_active":false,"_monsterinsights_sitenote_note":"","_monsterinsights_sitenote_category":0},"product_brand":[],"product_cat":[12388,15536],"product_tag":[],"class_list":{"0":"post-712868","1":"product","2":"type-product","3":"status-publish","5":"product_cat-felsefe","6":"product_cat-siyaset-felsefesi","7":"pa_cilt-ciltsiz","8":"pa_tur-kitap","9":"pa_yayinevi-ayrinti-yayinlari","10":"pa_yazar-lars-t-lih","12":"first","13":"instock","14":"sale","15":"shipping-taxable","16":"purchasable","17":"product-type-simple"},"_links":{"self":[{"href":"https:\/\/roveyayinevi.com.tr\/index.php\/wp-json\/wp\/v2\/product\/712868","targetHints":{"allow":["GET"]}}],"collection":[{"href":"https:\/\/roveyayinevi.com.tr\/index.php\/wp-json\/wp\/v2\/product"}],"about":[{"href":"https:\/\/roveyayinevi.com.tr\/index.php\/wp-json\/wp\/v2\/types\/product"}],"wp:attachment":[{"href":"https:\/\/roveyayinevi.com.tr\/index.php\/wp-json\/wp\/v2\/media?parent=712868"}],"wp:term":[{"taxonomy":"product_brand","embeddable":true,"href":"https:\/\/roveyayinevi.com.tr\/index.php\/wp-json\/wp\/v2\/product_brand?post=712868"},{"taxonomy":"product_cat","embeddable":true,"href":"https:\/\/roveyayinevi.com.tr\/index.php\/wp-json\/wp\/v2\/product_cat?post=712868"},{"taxonomy":"product_tag","embeddable":true,"href":"https:\/\/roveyayinevi.com.tr\/index.php\/wp-json\/wp\/v2\/product_tag?post=712868"}],"curies":[{"name":"wp","href":"https:\/\/api.w.org\/{rel}","templated":true}]}}