{"id":712867,"date":"2025-08-27T17:01:12","date_gmt":"2025-08-27T14:01:12","guid":{"rendered":"https:\/\/roveyayinevi.com.tr\/index.php\/urun\/kor-baykus-3\/"},"modified":"2026-04-16T02:21:37","modified_gmt":"2026-04-15T23:21:37","slug":"kor-baykus-3","status":"publish","type":"product","link":"https:\/\/roveyayinevi.com.tr\/index.php\/urun\/kor-baykus-3\/","title":{"rendered":"K\u00f6r Bayku\u015f"},"content":{"rendered":"<p>K\u00f6r Bayku\u015f, uyku ve uyan\u0131kl\u0131k halinde ge\u00e7en iki b\u00f6l\u00fcmden olu\u015fmaktad\u0131r. Ancak r\u00fcyan\u0131n ger\u00e7ekten ay\u0131rt edilmesi ne kadar zorsa, ger\u00e7ek de ger\u00e7ek olamayacak kadar ilgin\u00e7tir. \u00d6l\u00fcm\u00fcn pe\u015finden ayr\u0131lmayan, epey ince fikirli bir yazard\u0131r S\u00e2d\u0131k Hidayet; yirminci y\u00fczy\u0131l \u0130ran edebiyat\u0131na y\u00f6n veren isimdir. K\u00f6r Bayku\u015f\u2019ta kurgulad\u0131\u011f\u0131 anlat\u0131c\u0131, hayalle ger\u00e7ek aras\u0131nda, d\u00fcnle bug\u00fcn aras\u0131nda gidip gelir; hayat ve ger\u00e7ekler kar\u015f\u0131s\u0131nda yenik d\u00fc\u015fen insan\u0131n hik\u00e2yesini bug\u00fcne nakleder. Birinci \u015fahs\u0131n a\u011fz\u0131ndan anlat\u0131lan hik\u00e2ye, g\u00fczel bir \u015fiirden, bir ac\u0131n\u0131n mateminden ba\u015fka bir \u015fey de\u011fildir. Hem d\u00fcnden kopar\u0131lm\u0131\u015f hem de yar\u0131n\u0131 olmayan, ba\u015f\u0131bo\u015f ve huzursuz insan\u0131n \u00f6yk\u00fcs\u00fcd\u00fcr bu. S\u00e2d\u0131k Hidayet\u2019in eserlerinde, onun manevi ve d\u00fcnyevi sorunlar\u0131ndan ziyade, g\u00fczelli\u011fe dair d\u00fc\u015f\u00fcncelerini g\u00f6rmek m\u00fcmk\u00fcnd\u00fcr. K\u00f6r Bayku\u015f da bunun en iyi \u00f6rne\u011fidir.Sev\u00e2l G\u00fcnbal\u2019\u0131n Fars\u00e7a asl\u0131ndan \u00e7evirisi ve \u00f6ns\u00f6z\u00fcyle&#8230;\u201cBa\u015fyap\u0131t diye bir \u015fey varsa o da budur.\u201dAndr\u00e9 Breton <\/p>\n","protected":false},"excerpt":{"rendered":"<p>K\u00f6r Bayku\u015f, uyku ve uyan\u0131kl\u0131k halinde ge\u00e7en iki b\u00f6l\u00fcmden olu\u015fmaktad\u0131r. Ancak r\u00fcyan\u0131n ger\u00e7ekten ay\u0131rt edilmesi ne kadar zorsa, ger\u00e7ek de ger\u00e7ek olamayacak kadar ilgin\u00e7tir. \u00d6l\u00fcm\u00fcn pe\u015finden<span class=\"excerpt-hellip\"> [\u2026]<\/span><\/p>\n","protected":false},"featured_media":0,"template":"","meta":{"_monsterinsights_skip_tracking":false,"_monsterinsights_sitenote_active":false,"_monsterinsights_sitenote_note":"","_monsterinsights_sitenote_category":0},"product_brand":[],"product_cat":[12291,12711],"product_tag":[],"class_list":{"0":"post-712867","1":"product","2":"type-product","3":"status-publish","5":"product_cat-edebiyat","6":"product_cat-roman-oyku","7":"pa_cilt-ciltsiz","8":"pa_tur-kitap","9":"pa_yayinevi-timas-yayinlari","10":"pa_yazar-sadik-hidayet","12":"first","13":"instock","14":"sale","15":"shipping-taxable","16":"purchasable","17":"product-type-simple"},"_links":{"self":[{"href":"https:\/\/roveyayinevi.com.tr\/index.php\/wp-json\/wp\/v2\/product\/712867","targetHints":{"allow":["GET"]}}],"collection":[{"href":"https:\/\/roveyayinevi.com.tr\/index.php\/wp-json\/wp\/v2\/product"}],"about":[{"href":"https:\/\/roveyayinevi.com.tr\/index.php\/wp-json\/wp\/v2\/types\/product"}],"wp:attachment":[{"href":"https:\/\/roveyayinevi.com.tr\/index.php\/wp-json\/wp\/v2\/media?parent=712867"}],"wp:term":[{"taxonomy":"product_brand","embeddable":true,"href":"https:\/\/roveyayinevi.com.tr\/index.php\/wp-json\/wp\/v2\/product_brand?post=712867"},{"taxonomy":"product_cat","embeddable":true,"href":"https:\/\/roveyayinevi.com.tr\/index.php\/wp-json\/wp\/v2\/product_cat?post=712867"},{"taxonomy":"product_tag","embeddable":true,"href":"https:\/\/roveyayinevi.com.tr\/index.php\/wp-json\/wp\/v2\/product_tag?post=712867"}],"curies":[{"name":"wp","href":"https:\/\/api.w.org\/{rel}","templated":true}]}}