{"id":712866,"date":"2025-08-27T17:01:11","date_gmt":"2025-08-27T14:01:11","guid":{"rendered":"https:\/\/roveyayinevi.com.tr\/index.php\/urun\/miniko-2-sakli-sehrin-izinde\/"},"modified":"2026-04-16T02:21:37","modified_gmt":"2026-04-15T23:21:37","slug":"miniko-2-sakli-sehrin-izinde","status":"publish","type":"product","link":"https:\/\/roveyayinevi.com.tr\/index.php\/urun\/miniko-2-sakli-sehrin-izinde\/","title":{"rendered":"Miniko &#8211; 2 Sakl\u0131 \u015eehrin \u0130zinde"},"content":{"rendered":"<p>D\u00fcnyan\u0131n bir ucunda, denizlerden sonra ormanlar\u0131n ba\u015flad\u0131\u011f\u0131 bir yerde iki tane da\u011f vard\u0131. Biri bu y\u00fcksek da\u011flar\u0131n zirvesine \u00e7\u0131karsa, sa\u00e7lar\u0131n\u0131 bulutlar ok\u015fard\u0131. Biri bu y\u00fcksek da\u011flar\u0131n zirvesinden a\u015fa\u011f\u0131 bakarsa, g\u00f6ky\u00fcz\u00fcnde dans eden ku\u015flar\u0131 g\u00f6r\u00fcrd\u00fc. \u0130ki da\u011f\u0131n u\u00e7suz bucaks\u0131z eteklerinde k\u00fc\u00e7\u00fck bir \u015fehir kurulmu\u015ftu. \u015eehrin b\u00fct\u00fcn bah\u00e7eleri \u00e7i\u00e7eklerle ve \u00e7e\u015fit \u00e7e\u015fit meyve a\u011fa\u00e7lar\u0131yla doluydu. \u0130nsanlar bar\u0131\u015f ve huzur i\u00e7inde hayatlar\u0131na devam ederdi. \u015eehirde Miniko isimli bir \u00e7ocuk ya\u015fard\u0131.Miniko, da\u011flar\u0131 g\u00f6ky\u00fcz\u00fcne kurulmu\u015f k\u00fc\u00e7\u00fck \u00e7ad\u0131rlara benzetirdi. Da\u011flar\u0131n \u00f6tesindeki k\u00f6yleri, \u015fehirleri, \u00fclkeleri, insanlar\u0131  ve hayvanlar\u0131 merak ederdi.  Bir de k\u0131\u015f geldi\u011finde en \u00e7ok kar\u0131n ya\u011fmas\u0131na sevinirdi\u2026En \u00e7ok da kar\u0131n gizlediklerini merak ederdi.Miniko ve arkada\u015flar\u0131yla birlikte sakl\u0131 \u015fehrin izinde, macera dolu bir yolculu\u011fa \u00e7\u0131kmaya haz\u0131r m\u0131s\u0131n\u0131z? <\/p>\n","protected":false},"excerpt":{"rendered":"<p>D\u00fcnyan\u0131n bir ucunda, denizlerden sonra ormanlar\u0131n ba\u015flad\u0131\u011f\u0131 bir yerde iki tane da\u011f vard\u0131. Biri bu y\u00fcksek da\u011flar\u0131n zirvesine \u00e7\u0131karsa, sa\u00e7lar\u0131n\u0131 bulutlar ok\u015fard\u0131. Biri bu y\u00fcksek da\u011flar\u0131n<span class=\"excerpt-hellip\"> [\u2026]<\/span><\/p>\n","protected":false},"featured_media":0,"template":"","meta":{"_monsterinsights_skip_tracking":false,"_monsterinsights_sitenote_active":false,"_monsterinsights_sitenote_note":"","_monsterinsights_sitenote_category":0},"product_brand":[],"product_cat":[12275,12274],"product_tag":[],"class_list":{"0":"post-712866","1":"product","2":"type-product","3":"status-publish","5":"product_cat-6-12-yas-kitaplari","6":"product_cat-cocuk-ve-genclik-kitaplari","7":"pa_cilt-ciltsiz","8":"pa_tur-kitap","9":"pa_yayinevi-timas-cocuk","10":"pa_yazar-mehtap-kabatas","12":"first","13":"instock","14":"sale","15":"shipping-taxable","16":"purchasable","17":"product-type-simple"},"_links":{"self":[{"href":"https:\/\/roveyayinevi.com.tr\/index.php\/wp-json\/wp\/v2\/product\/712866","targetHints":{"allow":["GET"]}}],"collection":[{"href":"https:\/\/roveyayinevi.com.tr\/index.php\/wp-json\/wp\/v2\/product"}],"about":[{"href":"https:\/\/roveyayinevi.com.tr\/index.php\/wp-json\/wp\/v2\/types\/product"}],"wp:attachment":[{"href":"https:\/\/roveyayinevi.com.tr\/index.php\/wp-json\/wp\/v2\/media?parent=712866"}],"wp:term":[{"taxonomy":"product_brand","embeddable":true,"href":"https:\/\/roveyayinevi.com.tr\/index.php\/wp-json\/wp\/v2\/product_brand?post=712866"},{"taxonomy":"product_cat","embeddable":true,"href":"https:\/\/roveyayinevi.com.tr\/index.php\/wp-json\/wp\/v2\/product_cat?post=712866"},{"taxonomy":"product_tag","embeddable":true,"href":"https:\/\/roveyayinevi.com.tr\/index.php\/wp-json\/wp\/v2\/product_tag?post=712866"}],"curies":[{"name":"wp","href":"https:\/\/api.w.org\/{rel}","templated":true}]}}