{"id":712865,"date":"2025-08-27T17:01:10","date_gmt":"2025-08-27T14:01:10","guid":{"rendered":"https:\/\/roveyayinevi.com.tr\/index.php\/urun\/jupiterden-kacis\/"},"modified":"2026-04-16T02:21:37","modified_gmt":"2026-04-15T23:21:37","slug":"jupiterden-kacis","status":"publish","type":"product","link":"https:\/\/roveyayinevi.com.tr\/index.php\/urun\/jupiterden-kacis\/","title":{"rendered":"J\u00fcpiter&#8217;den Ka\u00e7\u0131\u015f"},"content":{"rendered":"<p>Ke\u015fif i\u00e7in g\u00f6nderilen G\u00f6kt\u00fcrk Uzay Arac\u0131, uzay\u0131n derinliklerinde kaybolur. G\u00f6kt\u00fcrk\u2019\u00fcn J\u00fcpiter\u2019e d\u00fc\u015ft\u00fc\u011f\u00fcn\u00fc d\u00fc\u015f\u00fcnen Gezgin Perde ve m\u00fcrettabat\u0131 yola \u00e7\u0131kar. Uzay\u0131n derinliklerinde kaybolan pek \u00e7ok uzay arac\u0131n\u0131 bulan Gezgin Perde, acaba G\u00f6kt\u00fcrk\u2019\u00fc bulabilecek mi? G\u00f6kta\u015f\u0131 ya\u011fmurundan, J\u00fcpiter\u2019in \u00e7\u00fcr\u00fck yumurta gibi kokan uydusu \u0130o\u2019dan kurtulup sa\u011f salim eve d\u00f6nebilecekler mi?J\u00fcpiter\u2019den Ka\u00e7\u0131\u015f, sizi hem ke\u015ffe hem de \u00e7\u0131lg\u0131n bir maceraya bekliyor! Sak\u0131n ha ke\u015ffederken J\u00fcpiter\u2019in \u00fc\u00e7 y\u00fcz y\u0131ld\u0131r esen kas\u0131rgas\u0131 \u201cK\u0131rm\u0131z\u0131 Benek\u2019in\u201d b\u00fcy\u00fcl\u00fc manzaras\u0131na kap\u0131lmay\u0131n, en iyi ihtimal ile yutulacaks\u0131n\u0131z. J\u00fcpiter sizi yutarsa e\u011fer, oradan kurtulmay\u0131 ba\u015farabilir misiniz? <\/p>\n","protected":false},"excerpt":{"rendered":"<p>Ke\u015fif i\u00e7in g\u00f6nderilen G\u00f6kt\u00fcrk Uzay Arac\u0131, uzay\u0131n derinliklerinde kaybolur. G\u00f6kt\u00fcrk\u2019\u00fcn J\u00fcpiter\u2019e d\u00fc\u015ft\u00fc\u011f\u00fcn\u00fc d\u00fc\u015f\u00fcnen Gezgin Perde ve m\u00fcrettabat\u0131 yola \u00e7\u0131kar. Uzay\u0131n derinliklerinde kaybolan pek \u00e7ok uzay arac\u0131n\u0131<span class=\"excerpt-hellip\"> [\u2026]<\/span><\/p>\n","protected":false},"featured_media":0,"template":"","meta":{"_monsterinsights_skip_tracking":false,"_monsterinsights_sitenote_active":false,"_monsterinsights_sitenote_note":"","_monsterinsights_sitenote_category":0},"product_brand":[],"product_cat":[12291,14777],"product_tag":[],"class_list":{"0":"post-712865","1":"product","2":"type-product","3":"status-publish","5":"product_cat-edebiyat","6":"product_cat-fantastik","7":"pa_cilt-ciltsiz","8":"pa_tur-kitap","9":"pa_yayinevi-genc-timas","10":"pa_yazar-zubeyir-tokgoz","12":"first","13":"instock","14":"sale","15":"shipping-taxable","16":"purchasable","17":"product-type-simple"},"_links":{"self":[{"href":"https:\/\/roveyayinevi.com.tr\/index.php\/wp-json\/wp\/v2\/product\/712865","targetHints":{"allow":["GET"]}}],"collection":[{"href":"https:\/\/roveyayinevi.com.tr\/index.php\/wp-json\/wp\/v2\/product"}],"about":[{"href":"https:\/\/roveyayinevi.com.tr\/index.php\/wp-json\/wp\/v2\/types\/product"}],"wp:attachment":[{"href":"https:\/\/roveyayinevi.com.tr\/index.php\/wp-json\/wp\/v2\/media?parent=712865"}],"wp:term":[{"taxonomy":"product_brand","embeddable":true,"href":"https:\/\/roveyayinevi.com.tr\/index.php\/wp-json\/wp\/v2\/product_brand?post=712865"},{"taxonomy":"product_cat","embeddable":true,"href":"https:\/\/roveyayinevi.com.tr\/index.php\/wp-json\/wp\/v2\/product_cat?post=712865"},{"taxonomy":"product_tag","embeddable":true,"href":"https:\/\/roveyayinevi.com.tr\/index.php\/wp-json\/wp\/v2\/product_tag?post=712865"}],"curies":[{"name":"wp","href":"https:\/\/api.w.org\/{rel}","templated":true}]}}