{"id":712864,"date":"2025-08-27T17:01:10","date_gmt":"2025-08-27T14:01:10","guid":{"rendered":"https:\/\/roveyayinevi.com.tr\/index.php\/urun\/genesis\/"},"modified":"2026-04-16T02:21:37","modified_gmt":"2026-04-15T23:21:37","slug":"genesis","status":"publish","type":"product","link":"https:\/\/roveyayinevi.com.tr\/index.php\/urun\/genesis\/","title":{"rendered":"Genesis"},"content":{"rendered":"<p>&#8220;Yedi ya\u015f\u0131mdan beri t\u00fcm hayat\u0131m \u2018hayatta kalmak\u2019 \u00fczerine kurulmu\u015ftu. Ve \u015fimdi o hayat benden al\u0131nmak \u00fczereydi.&#8221;Quincy Emerson, Oasis i\u00e7in b\u00fcy\u00fck bir tehditti. Kan\u0131nda bulunan X geni, vir\u00fcs\u00fc aktif h\u00e2le getirebilir ve t\u00fcm insanl\u0131\u011f\u0131 yok edebilirdi. Ka\u00e7t\u0131\u011f\u0131 Oasis topraklar\u0131n\u0131n ac\u0131mas\u0131z ve kanl\u0131 ellerine yeniden d\u00fc\u015fmesi planlar\u0131nda yoktu. Yeniden ya\u015fad\u0131\u011f\u0131 a\u00e7l\u0131k, sefalet ve \u015fiddetle daha da h\u0131rslanm\u0131\u015f olan Quincy art\u0131k tek ba\u015f\u0131na de\u011fil. Ona yard\u0131m eden insanlar ve onu koruyan Kole var. Peki Quincy g\u00fcvenmek istedi\u011fi bu insanlar i\u00e7in kendini tehlikeye atabilir mi? En \u00f6nemli soru ise \u015fu: Oasis&#8217;in kirli s\u0131rlar\u0131n\u0131n aras\u0131nda Genesis&#8217;e ait bilgiler bulmas\u0131 hem onun hem de \u00e7evresindekilerin kurtulu\u015f bileti mi, yoksa \u00f6l\u00fcm \u00e7emberi mi olacak? <\/p>\n","protected":false},"excerpt":{"rendered":"<p>&#8220;Yedi ya\u015f\u0131mdan beri t\u00fcm hayat\u0131m \u2018hayatta kalmak\u2019 \u00fczerine kurulmu\u015ftu. Ve \u015fimdi o hayat benden al\u0131nmak \u00fczereydi.&#8221;Quincy Emerson, Oasis i\u00e7in b\u00fcy\u00fck bir tehditti. Kan\u0131nda bulunan X geni,<span class=\"excerpt-hellip\"> [\u2026]<\/span><\/p>\n","protected":false},"featured_media":0,"template":"","meta":{"_monsterinsights_skip_tracking":false,"_monsterinsights_sitenote_active":false,"_monsterinsights_sitenote_note":"","_monsterinsights_sitenote_category":0},"product_brand":[],"product_cat":[12540,12291],"product_tag":[],"class_list":{"0":"post-712864","1":"product","2":"type-product","3":"status-publish","5":"product_cat-bilim-kurgu","6":"product_cat-edebiyat","7":"pa_cilt-ciltsiz","8":"pa_tur-kitap","9":"pa_yayinevi-genc-timas","10":"pa_yazar-eilis-barrett","12":"first","13":"instock","14":"sale","15":"shipping-taxable","16":"purchasable","17":"product-type-simple"},"_links":{"self":[{"href":"https:\/\/roveyayinevi.com.tr\/index.php\/wp-json\/wp\/v2\/product\/712864","targetHints":{"allow":["GET"]}}],"collection":[{"href":"https:\/\/roveyayinevi.com.tr\/index.php\/wp-json\/wp\/v2\/product"}],"about":[{"href":"https:\/\/roveyayinevi.com.tr\/index.php\/wp-json\/wp\/v2\/types\/product"}],"wp:attachment":[{"href":"https:\/\/roveyayinevi.com.tr\/index.php\/wp-json\/wp\/v2\/media?parent=712864"}],"wp:term":[{"taxonomy":"product_brand","embeddable":true,"href":"https:\/\/roveyayinevi.com.tr\/index.php\/wp-json\/wp\/v2\/product_brand?post=712864"},{"taxonomy":"product_cat","embeddable":true,"href":"https:\/\/roveyayinevi.com.tr\/index.php\/wp-json\/wp\/v2\/product_cat?post=712864"},{"taxonomy":"product_tag","embeddable":true,"href":"https:\/\/roveyayinevi.com.tr\/index.php\/wp-json\/wp\/v2\/product_tag?post=712864"}],"curies":[{"name":"wp","href":"https:\/\/api.w.org\/{rel}","templated":true}]}}