{"id":712857,"date":"2025-08-27T17:01:05","date_gmt":"2025-08-27T14:01:05","guid":{"rendered":"https:\/\/roveyayinevi.com.tr\/index.php\/urun\/insan-vucudu-arastirma-dizisi\/"},"modified":"2026-04-16T02:21:36","modified_gmt":"2026-04-15T23:21:36","slug":"insan-vucudu-arastirma-dizisi","status":"publish","type":"product","link":"https:\/\/roveyayinevi.com.tr\/index.php\/urun\/insan-vucudu-arastirma-dizisi\/","title":{"rendered":"\u0130nsan V\u00fccudu &#8211; Ara\u015ft\u0131rma Dizisi"},"content":{"rendered":"<p>Sayfalan kar\u0131\u015ft\u0131r ve insan v\u00fccudunu ke\u015ffet.  Kemikleri keserek akar ve  2. sayfada anlat\u0131lan \u015fekilde iskeletini olu\u015ftur.  Kitab\u0131n sayfalar\u0131n\u0131 t\u0131rt\u0131kl\u0131 yerlerinden kolayca ay\u0131rabilirsin.  32 sayfa boyunca bilim ve insan v\u00fccuduyla ilgili bir\u00e7ok \u015fey \u00f6\u011freneceksin. <\/p>\n","protected":false},"excerpt":{"rendered":"<p>Sayfalan kar\u0131\u015ft\u0131r ve insan v\u00fccudunu ke\u015ffet. Kemikleri keserek akar ve 2. sayfada anlat\u0131lan \u015fekilde iskeletini olu\u015ftur. Kitab\u0131n sayfalar\u0131n\u0131 t\u0131rt\u0131kl\u0131 yerlerinden kolayca ay\u0131rabilirsin. 32 sayfa boyunca bilim<span class=\"excerpt-hellip\"> [\u2026]<\/span><\/p>\n","protected":false},"featured_media":0,"template":"","meta":{"_monsterinsights_skip_tracking":false,"_monsterinsights_sitenote_active":false,"_monsterinsights_sitenote_note":"","_monsterinsights_sitenote_category":0},"product_brand":[],"product_cat":[13829,12274],"product_tag":[],"class_list":{"0":"post-712857","1":"product","2":"type-product","3":"status-publish","5":"product_cat-bilimsel-kitaplar","6":"product_cat-cocuk-ve-genclik-kitaplari","7":"pa_cilt-ciltsiz","8":"pa_tur-kitap","9":"pa_yayinevi-teleskop-populer-bilim","10":"pa_yazar-kollektif","12":"first","13":"instock","14":"sale","15":"shipping-taxable","16":"purchasable","17":"product-type-simple"},"_links":{"self":[{"href":"https:\/\/roveyayinevi.com.tr\/index.php\/wp-json\/wp\/v2\/product\/712857","targetHints":{"allow":["GET"]}}],"collection":[{"href":"https:\/\/roveyayinevi.com.tr\/index.php\/wp-json\/wp\/v2\/product"}],"about":[{"href":"https:\/\/roveyayinevi.com.tr\/index.php\/wp-json\/wp\/v2\/types\/product"}],"wp:attachment":[{"href":"https:\/\/roveyayinevi.com.tr\/index.php\/wp-json\/wp\/v2\/media?parent=712857"}],"wp:term":[{"taxonomy":"product_brand","embeddable":true,"href":"https:\/\/roveyayinevi.com.tr\/index.php\/wp-json\/wp\/v2\/product_brand?post=712857"},{"taxonomy":"product_cat","embeddable":true,"href":"https:\/\/roveyayinevi.com.tr\/index.php\/wp-json\/wp\/v2\/product_cat?post=712857"},{"taxonomy":"product_tag","embeddable":true,"href":"https:\/\/roveyayinevi.com.tr\/index.php\/wp-json\/wp\/v2\/product_tag?post=712857"}],"curies":[{"name":"wp","href":"https:\/\/api.w.org\/{rel}","templated":true}]}}