{"id":712856,"date":"2025-08-27T17:01:05","date_gmt":"2025-08-27T14:01:05","guid":{"rendered":"https:\/\/roveyayinevi.com.tr\/index.php\/urun\/iyiligin-bilim-hali\/"},"modified":"2026-04-11T02:26:43","modified_gmt":"2026-04-10T23:26:43","slug":"iyiligin-bilim-hali","status":"publish","type":"product","link":"https:\/\/roveyayinevi.com.tr\/index.php\/urun\/iyiligin-bilim-hali\/","title":{"rendered":"\u0130yili\u011fin Bilim Hali"},"content":{"rendered":"<p>\u201cSence iyilik ne zaman kazanacak?\u201d Ya\u015fam\u0131n boyunca bu soruyu defalarca kendine sormad\u0131n m\u0131? Sordun\u2026 \u015eu anda elinde tuttu\u011fun kitap i\u015fte bu sorunun cevab\u0131 olman i\u00e7in yaz\u0131ld\u0131. Tarih boyunca, \u201ciyilik\u201d olgusunun kar\u015f\u0131s\u0131nda her zaman \u015fu iki muhalif d\u00fc\u015f\u00fcnce yap\u0131s\u0131 vard\u0131: 1. \u0130nsan do\u011fas\u0131 k\u00f6t\u00fcd\u00fcr, kabul et. (\u0130yili\u011fin Bilim Hali) 2. D\u00fcnyay\u0131 tek ba\u015f\u0131na nas\u0131l de\u011fi\u015ftirebilirsin ki? (\u0130yili\u011fin Hareket Hali) \u0130Y\u0130L\u0130\u011e\u0130N B\u0130L\u0130M HAL\u0130 ilk maddeye yan\u0131t vermek i\u00e7in kaleme al\u0131nd\u0131. Bu kitapta yer alan 210 adet bilimsel \u00e7al\u0131\u015fma insan do\u011fas\u0131n\u0131 tart\u0131\u015f\u0131lmaz bi\u00e7imde g\u00f6zler \u00f6n\u00fcne seriyor. Asl\u0131nda senin de hep bildi\u011fin bir ger\u00e7e\u011fin alt\u0131n\u0131 \u00e7iziyor.  \u0130nsanlar\u0131n iyi oldu\u011funu\u2026 Bu lidersiz iyilik hareketi kendinden ba\u015flayan \u201ciyilik hali\u201dni etrafa yaymaya karar vermenle m\u00fcmk\u00fcn\u2026 D\u00fcnyay\u0131 de\u011fi\u015ftirmek mi istiyorsun? \u00d6nce kendinden ba\u015fla. \u0130yili\u011fi uzakta arama. K\u00fc\u00e7\u00fck de olsa bir ad\u0131m at. <\/p>\n","protected":false},"excerpt":{"rendered":"<p>\u201cSence iyilik ne zaman kazanacak?\u201d Ya\u015fam\u0131n boyunca bu soruyu defalarca kendine sormad\u0131n m\u0131? Sordun\u2026 \u015eu anda elinde tuttu\u011fun kitap i\u015fte bu sorunun cevab\u0131 olman i\u00e7in yaz\u0131ld\u0131.<span class=\"excerpt-hellip\"> [\u2026]<\/span><\/p>\n","protected":false},"featured_media":0,"template":"","meta":{"_monsterinsights_skip_tracking":false,"_monsterinsights_sitenote_active":false,"_monsterinsights_sitenote_note":"","_monsterinsights_sitenote_category":0},"product_brand":[],"product_cat":[12364,12376],"product_tag":[],"class_list":{"0":"post-712856","1":"product","2":"type-product","3":"status-publish","5":"product_cat-genel-konular","6":"product_cat-kisisel-gelisim","7":"pa_cilt-ciltsiz","8":"pa_tur-kitap","9":"pa_yayinevi-destek-yayinlari","10":"pa_yazar-metin-hara","12":"first","13":"instock","14":"sale","15":"shipping-taxable","16":"purchasable","17":"product-type-simple"},"_links":{"self":[{"href":"https:\/\/roveyayinevi.com.tr\/index.php\/wp-json\/wp\/v2\/product\/712856","targetHints":{"allow":["GET"]}}],"collection":[{"href":"https:\/\/roveyayinevi.com.tr\/index.php\/wp-json\/wp\/v2\/product"}],"about":[{"href":"https:\/\/roveyayinevi.com.tr\/index.php\/wp-json\/wp\/v2\/types\/product"}],"wp:attachment":[{"href":"https:\/\/roveyayinevi.com.tr\/index.php\/wp-json\/wp\/v2\/media?parent=712856"}],"wp:term":[{"taxonomy":"product_brand","embeddable":true,"href":"https:\/\/roveyayinevi.com.tr\/index.php\/wp-json\/wp\/v2\/product_brand?post=712856"},{"taxonomy":"product_cat","embeddable":true,"href":"https:\/\/roveyayinevi.com.tr\/index.php\/wp-json\/wp\/v2\/product_cat?post=712856"},{"taxonomy":"product_tag","embeddable":true,"href":"https:\/\/roveyayinevi.com.tr\/index.php\/wp-json\/wp\/v2\/product_tag?post=712856"}],"curies":[{"name":"wp","href":"https:\/\/api.w.org\/{rel}","templated":true}]}}