{"id":712855,"date":"2025-08-27T17:01:04","date_gmt":"2025-08-27T14:01:04","guid":{"rendered":"https:\/\/roveyayinevi.com.tr\/index.php\/urun\/bazi-yollar-yalniz-yurunur\/"},"modified":"2026-04-11T13:40:55","modified_gmt":"2026-04-11T10:40:55","slug":"bazi-yollar-yalniz-yurunur","status":"publish","type":"product","link":"https:\/\/roveyayinevi.com.tr\/index.php\/urun\/bazi-yollar-yalniz-yurunur\/","title":{"rendered":"Baz\u0131 Yollar Yaln\u0131z Y\u00fcr\u00fcn\u00fcr"},"content":{"rendered":"<p>Kitaps\u0131z, \u00e7i\u00e7eksiz, hayvans\u0131z, vicdans\u0131z, do\u011frusuz insandan uzak dur. Umudu \u00f6ld\u00fcr\u00fcp, nefreti topra\u011fa dikmek isteyenlerden uzak dur. Hayat\u0131 sadece ideoloji ve d\u00fc\u015f\u00fcnce olarak g\u00f6renden uzak dur. Mutlu olman\u0131, sorgulaman\u0131, d\u00fc\u015f\u00fcnebilmeni kendilerine yap\u0131lm\u0131\u015f bir tehdit olarak g\u00f6renlerden uzak dur. Kendilerine duyduklar\u0131 yabanc\u0131l\u0131k y\u00fcz\u00fcnden kar\u015f\u0131s\u0131ndakini k\u00f6t\u00fc bilenlerden uzak dur. Nefreti evinin kap\u0131s\u0131na koyan, art\u0131k her d\u0131\u015far\u0131 \u00e7\u0131kt\u0131\u011f\u0131nda avucunda nefret ta\u015f\u0131yanlardan uzak dur. \u0130nsan hayat\u0131na olan sayg\u0131s\u0131zl\u0131\u011f\u0131 bir \u00f6v\u00fcn\u00e7 madalyas\u0131 gibi, gurur mekanizmas\u0131 gibi g\u00f6renlerden uzak dur. Kelimeleri \u00f6zenle se\u00e7meyen, her c\u00fcmlesi biat olan, her s\u00f6zc\u00fc\u011f\u00fc toz olandan uzak dur. Sesinin tonu kalbinin tonundan \u00e7ok olanlardan uzak dur. \u00c7\u00fcnk\u00fc neye \u00e7ok yakla\u015f\u0131rsan, neyi \u00e7ok biriktirirsen, ona d\u00f6n\u00fc\u015f\u00fcrs\u00fcn.<\/p>\n","protected":false},"excerpt":{"rendered":"<p>Kitaps\u0131z, \u00e7i\u00e7eksiz, hayvans\u0131z, vicdans\u0131z, do\u011frusuz insandan uzak dur. Umudu \u00f6ld\u00fcr\u00fcp, nefreti topra\u011fa dikmek isteyenlerden uzak dur. Hayat\u0131 sadece ideoloji ve d\u00fc\u015f\u00fcnce olarak g\u00f6renden uzak dur. Mutlu<span class=\"excerpt-hellip\"> [\u2026]<\/span><\/p>\n","protected":false},"featured_media":0,"template":"","meta":{"_monsterinsights_skip_tracking":false,"_monsterinsights_sitenote_active":false,"_monsterinsights_sitenote_note":"","_monsterinsights_sitenote_category":0},"product_brand":[],"product_cat":[12777,12291],"product_tag":[],"class_list":{"0":"post-712855","1":"product","2":"type-product","3":"status-publish","5":"product_cat-deneme","6":"product_cat-edebiyat","7":"pa_cilt-ciltsiz","8":"pa_tur-kitap","9":"pa_yayinevi-destek-yayinlari","10":"pa_yazar-ozgur-bacaksiz","12":"first","13":"instock","14":"sale","15":"shipping-taxable","16":"purchasable","17":"product-type-simple"},"_links":{"self":[{"href":"https:\/\/roveyayinevi.com.tr\/index.php\/wp-json\/wp\/v2\/product\/712855","targetHints":{"allow":["GET"]}}],"collection":[{"href":"https:\/\/roveyayinevi.com.tr\/index.php\/wp-json\/wp\/v2\/product"}],"about":[{"href":"https:\/\/roveyayinevi.com.tr\/index.php\/wp-json\/wp\/v2\/types\/product"}],"wp:attachment":[{"href":"https:\/\/roveyayinevi.com.tr\/index.php\/wp-json\/wp\/v2\/media?parent=712855"}],"wp:term":[{"taxonomy":"product_brand","embeddable":true,"href":"https:\/\/roveyayinevi.com.tr\/index.php\/wp-json\/wp\/v2\/product_brand?post=712855"},{"taxonomy":"product_cat","embeddable":true,"href":"https:\/\/roveyayinevi.com.tr\/index.php\/wp-json\/wp\/v2\/product_cat?post=712855"},{"taxonomy":"product_tag","embeddable":true,"href":"https:\/\/roveyayinevi.com.tr\/index.php\/wp-json\/wp\/v2\/product_tag?post=712855"}],"curies":[{"name":"wp","href":"https:\/\/api.w.org\/{rel}","templated":true}]}}