{"id":712854,"date":"2025-08-27T17:01:04","date_gmt":"2025-08-27T14:01:04","guid":{"rendered":"https:\/\/roveyayinevi.com.tr\/index.php\/urun\/islamda-evrimci-yaratilis-teorisi\/"},"modified":"2026-04-16T02:21:36","modified_gmt":"2026-04-15T23:21:36","slug":"islamda-evrimci-yaratilis-teorisi","status":"publish","type":"product","link":"https:\/\/roveyayinevi.com.tr\/index.php\/urun\/islamda-evrimci-yaratilis-teorisi\/","title":{"rendered":"\u0130slam&#8217;da Evrimci Yarat\u0131l\u0131\u015f Teorisi"},"content":{"rendered":"<p>Genel biyolojik evrim teorisi ya da herkesin bildi\u011fi ad\u0131yla Darwinizm 18. y\u00fczy\u0131lda ortaya \u00e7\u0131kt\u0131\u011f\u0131nda bir\u00e7ok kimse taraf\u0131ndan d\u00fc\u015f\u00fcnce tarihinin e\u015fsiz bir devrimi olarak nitelendirildi. Fakat \u00f6ne s\u00fcr\u00fclen bu d\u00fc\u015f\u00fcnceler, siyasi ve felsefi alt yap\u0131dan da ba\u011f\u0131ms\u0131z d\u00fc\u015f\u00fcn\u00fclemeyece\u011fi gibi ilk kez 18. y\u00fczy\u0131lda da ortaya konulmam\u0131\u015ft\u0131r. Bu eser, canl\u0131lar\u0131n k\u00f6keni ve evrim konusuna ilgi duyan Nazz\u00e2m, C\u00e2h\u0131z, \u0130hv\u00e2nus\u2019s-Saf\u00e2, B\u00eer\u00fbn\u00ee, \u0130bn Hald\u00fbn ve K\u0131nal\u0131z\u00e2de Ali Efendi gibi M\u00fcsl\u00fcman bilginlerin bu konuyla ilgili kapsaml\u0131 ve ger\u00e7ek\u00e7i ara\u015ft\u0131rmalar\u0131n\u0131 i\u00e7ermektedir. Ayr\u0131ca bu eser, ak\u0131lda soru i\u015fareti olu\u015fturan konulara a\u00e7\u0131kl\u0131k getirmek ve Darwinizmin \u0130slam d\u00fcnyas\u0131ndaki yank\u0131lar\u0131na cevap verebilmek amac\u0131yla kaleme al\u0131nm\u0131\u015ft\u0131r. <\/p>\n","protected":false},"excerpt":{"rendered":"<p>Genel biyolojik evrim teorisi ya da herkesin bildi\u011fi ad\u0131yla Darwinizm 18. y\u00fczy\u0131lda ortaya \u00e7\u0131kt\u0131\u011f\u0131nda bir\u00e7ok kimse taraf\u0131ndan d\u00fc\u015f\u00fcnce tarihinin e\u015fsiz bir devrimi olarak nitelendirildi. Fakat \u00f6ne<span class=\"excerpt-hellip\"> [\u2026]<\/span><\/p>\n","protected":false},"featured_media":0,"template":"","meta":{"_monsterinsights_skip_tracking":false,"_monsterinsights_sitenote_active":false,"_monsterinsights_sitenote_note":"","_monsterinsights_sitenote_category":0},"product_brand":[],"product_cat":[12718,12719],"product_tag":[],"class_list":{"0":"post-712854","1":"product","2":"type-product","3":"status-publish","5":"product_cat-din","6":"product_cat-islam","7":"pa_cilt-ciltsiz","8":"pa_tur-kitap","9":"pa_yayinevi-otto-yayinlari","10":"pa_yazar-mehmet-bayrakdar","12":"first","13":"instock","14":"sale","15":"shipping-taxable","16":"purchasable","17":"product-type-simple"},"_links":{"self":[{"href":"https:\/\/roveyayinevi.com.tr\/index.php\/wp-json\/wp\/v2\/product\/712854","targetHints":{"allow":["GET"]}}],"collection":[{"href":"https:\/\/roveyayinevi.com.tr\/index.php\/wp-json\/wp\/v2\/product"}],"about":[{"href":"https:\/\/roveyayinevi.com.tr\/index.php\/wp-json\/wp\/v2\/types\/product"}],"wp:attachment":[{"href":"https:\/\/roveyayinevi.com.tr\/index.php\/wp-json\/wp\/v2\/media?parent=712854"}],"wp:term":[{"taxonomy":"product_brand","embeddable":true,"href":"https:\/\/roveyayinevi.com.tr\/index.php\/wp-json\/wp\/v2\/product_brand?post=712854"},{"taxonomy":"product_cat","embeddable":true,"href":"https:\/\/roveyayinevi.com.tr\/index.php\/wp-json\/wp\/v2\/product_cat?post=712854"},{"taxonomy":"product_tag","embeddable":true,"href":"https:\/\/roveyayinevi.com.tr\/index.php\/wp-json\/wp\/v2\/product_tag?post=712854"}],"curies":[{"name":"wp","href":"https:\/\/api.w.org\/{rel}","templated":true}]}}