{"id":712853,"date":"2025-08-27T17:01:03","date_gmt":"2025-08-27T14:01:03","guid":{"rendered":"https:\/\/roveyayinevi.com.tr\/index.php\/urun\/bati-masasi\/"},"modified":"2026-04-16T02:21:36","modified_gmt":"2026-04-15T23:21:36","slug":"bati-masasi","status":"publish","type":"product","link":"https:\/\/roveyayinevi.com.tr\/index.php\/urun\/bati-masasi\/","title":{"rendered":"Bat\u0131 Masas\u0131"},"content":{"rendered":"<p>D\u00fcnyada bulunan 50 \u0130slam \u00fclkesinin ticaretlerinin y\u00fczde 90&#8217;\u0131 Yahudi ve H\u0131ristiyanlarla, y\u00fczde 10&#8217;u kendi aralar\u0131nda. Hangi a\u00e7\u0131dan bak\u0131l\u0131rsa bak\u0131ls\u0131n \u0130slam \u00fclkelerinin tabii lideri olan T\u00fcrkiye bu \u00fclkelerle alakay\u0131 artt\u0131r\u0131rsa, ticari dengeler Bat\u0131l\u0131 \u00fclkelerin aleyhine bozulabilir. Bu sebeplerle T\u00fcrk milletinin \u0130slam&#8217;la ba\u011f\u0131n\u0131n kesilmesi Bat\u0131 menfaatleri bak\u0131m\u0131ndan \u015fartt\u0131r. \u0130slam&#8217;la alakalar\u0131n\u0131 kesmenin tek yolu ise ahlaklar\u0131n\u0131 bozmakt\u0131r. Yani i\u00e7kiye, kumara, zinaya, sahtek\u00e2rl\u0131\u011fa al\u0131\u015ft\u0131r\u0131lmalar\u0131 i\u00e7in azami destek sa\u011flanmal\u0131d\u0131r. \ufffcTan\u0131t\u0131m Metni<\/p>\n","protected":false},"excerpt":{"rendered":"<p>D\u00fcnyada bulunan 50 \u0130slam \u00fclkesinin ticaretlerinin y\u00fczde 90&#8217;\u0131 Yahudi ve H\u0131ristiyanlarla, y\u00fczde 10&#8217;u kendi aralar\u0131nda. Hangi a\u00e7\u0131dan bak\u0131l\u0131rsa bak\u0131ls\u0131n \u0130slam \u00fclkelerinin tabii lideri olan T\u00fcrkiye bu<span class=\"excerpt-hellip\"> [\u2026]<\/span><\/p>\n","protected":false},"featured_media":0,"template":"","meta":{"_monsterinsights_skip_tracking":false,"_monsterinsights_sitenote_active":false,"_monsterinsights_sitenote_note":"","_monsterinsights_sitenote_category":0},"product_brand":[],"product_cat":[12718,12719],"product_tag":[],"class_list":{"0":"post-712853","1":"product","2":"type-product","3":"status-publish","5":"product_cat-din","6":"product_cat-islam","7":"pa_cilt-ciltsiz","8":"pa_tur-kitap","9":"pa_yayinevi-edge-akademi","10":"pa_yazar-ali-yuruk","12":"first","13":"instock","14":"sale","15":"shipping-taxable","16":"purchasable","17":"product-type-simple"},"_links":{"self":[{"href":"https:\/\/roveyayinevi.com.tr\/index.php\/wp-json\/wp\/v2\/product\/712853","targetHints":{"allow":["GET"]}}],"collection":[{"href":"https:\/\/roveyayinevi.com.tr\/index.php\/wp-json\/wp\/v2\/product"}],"about":[{"href":"https:\/\/roveyayinevi.com.tr\/index.php\/wp-json\/wp\/v2\/types\/product"}],"wp:attachment":[{"href":"https:\/\/roveyayinevi.com.tr\/index.php\/wp-json\/wp\/v2\/media?parent=712853"}],"wp:term":[{"taxonomy":"product_brand","embeddable":true,"href":"https:\/\/roveyayinevi.com.tr\/index.php\/wp-json\/wp\/v2\/product_brand?post=712853"},{"taxonomy":"product_cat","embeddable":true,"href":"https:\/\/roveyayinevi.com.tr\/index.php\/wp-json\/wp\/v2\/product_cat?post=712853"},{"taxonomy":"product_tag","embeddable":true,"href":"https:\/\/roveyayinevi.com.tr\/index.php\/wp-json\/wp\/v2\/product_tag?post=712853"}],"curies":[{"name":"wp","href":"https:\/\/api.w.org\/{rel}","templated":true}]}}