{"id":712852,"date":"2025-08-27T17:01:03","date_gmt":"2025-08-27T14:01:03","guid":{"rendered":"https:\/\/roveyayinevi.com.tr\/index.php\/urun\/ataturke-saldirmanin-dayanilmaz-hafifligi\/"},"modified":"2026-04-16T02:21:36","modified_gmt":"2026-04-15T23:21:36","slug":"ataturke-saldirmanin-dayanilmaz-hafifligi","status":"publish","type":"product","link":"https:\/\/roveyayinevi.com.tr\/index.php\/urun\/ataturke-saldirmanin-dayanilmaz-hafifligi\/","title":{"rendered":"Atat\u00fcrk&#8217;e Sald\u0131rman\u0131n Dayan\u0131lmaz Hafifli\u011fi"},"content":{"rendered":"<p>De\u011ferli insan, bilim, k\u00fclt\u00fcr ve devlet adam\u0131 Say\u0131n Ahmet Taner K\u0131\u015flal\u0131\u2019n\u0131n ki\u015fili\u011finde T\u00fcrkiye Cumhuriyeti\u2019nin temel de\u011ferlerine ve \u00f6zellikle laik niteli\u011fine yap\u0131lan hain sald\u0131r\u0131y\u0131 \u015fiddet ve nefretle k\u0131n\u0131yorum. Ahmet Necdet Sezer (Anayasa Mahkemesi Ba\u015fkan\u0131, Cumhurba\u015fkan\u0131) Sevgili Ahmet Taner K\u0131\u015flal\u0131 b\u00fcy\u00fck bir yazar, de\u011ferli bir bilimadam\u0131 ve tutarl\u0131 bir politikac\u0131yd\u0131. B\u00fclent Ecevit (Ba\u015fbakan, DSP Genel Ba\u015fkan\u0131) Gen\u00e7 K\u0131\u015flal\u0131lar\u0131m\u0131z, en mini\u011fine dek, Ahmet Taner K\u0131\u015flal\u0131\u2019n\u0131n yolunu, yani Cumhuriyetimizin ayd\u0131nl\u0131k yolunu a\u00e7\u0131k tutacak. Milyonlarca K\u0131\u015flal\u0131 olu\u015facak ve inan\u0131yorum ki, onu yitiri\u015fimiz bo\u015fa gitmeyecek. Prof. Dr. T\u00fcrkan Saylan (\u00c7YDD Genel Ba\u015fkan\u0131) Savundu\u011fun de\u011ferleri, Cumhuriyet ve onun ilkelerini senin inanc\u0131n ve kararl\u0131l\u0131\u011f\u0131nla savunmaya devam edece\u011fiz. Org. Edip Ba\u015fer (Genelkurmay 2. Ba\u015fkan\u0131) Katillerin hedefi demokratik, laik cumhuriyettir. Size uzanan eller, er ge\u00e7 k\u0131r\u0131lacakt\u0131r. Bayram Meral (T\u00fcrk-\u0130\u015f Genel Ba\u015fkan\u0131) Seni katleden al\u00e7aklar\u0131n da nasibini alaca\u011f\u0131 bir g\u00fczel d\u00fcnya, uygar bir T\u00fcrkiye i\u00e7in yazd\u0131n, d\u00fc\u015f\u00fcnd\u00fcn, anlatt\u0131n. Rahat uyu k\u00fclt\u00fcr\u00fcm\u00fcz\u00fcn beyefendisi. Ahmet \u00d6zer (\u015eair) Kemalizm\u2019in ate\u015fi ilelebet yanacakt\u0131r. Sana s\u00f6z veriyoruz! Prof. Dr. Hakk\u0131 Keskin (Almanya T\u00fcrk Toplumu Genel Ba\u015fkan\u0131, Alman Parlamentosu Milletvekili) <\/p>\n","protected":false},"excerpt":{"rendered":"<p>De\u011ferli insan, bilim, k\u00fclt\u00fcr ve devlet adam\u0131 Say\u0131n Ahmet Taner K\u0131\u015flal\u0131\u2019n\u0131n ki\u015fili\u011finde T\u00fcrkiye Cumhuriyeti\u2019nin temel de\u011ferlerine ve \u00f6zellikle laik niteli\u011fine yap\u0131lan hain sald\u0131r\u0131y\u0131 \u015fiddet ve nefretle<span class=\"excerpt-hellip\"> [\u2026]<\/span><\/p>\n","protected":false},"featured_media":0,"template":"","meta":{"_monsterinsights_skip_tracking":false,"_monsterinsights_sitenote_active":false,"_monsterinsights_sitenote_note":"","_monsterinsights_sitenote_category":0},"product_brand":[],"product_cat":[12370,12304],"product_tag":[],"class_list":{"0":"post-712852","1":"product","2":"type-product","3":"status-publish","5":"product_cat-arastirma-inceleme","6":"product_cat-tarih","7":"pa_cilt-ciltsiz","8":"pa_tur-kitap","9":"pa_yayinevi-kirmizi-kedi-yayinevi","10":"pa_yazar-ahmet-taner-kislali","12":"first","13":"instock","14":"sale","15":"shipping-taxable","16":"purchasable","17":"product-type-simple"},"_links":{"self":[{"href":"https:\/\/roveyayinevi.com.tr\/index.php\/wp-json\/wp\/v2\/product\/712852","targetHints":{"allow":["GET"]}}],"collection":[{"href":"https:\/\/roveyayinevi.com.tr\/index.php\/wp-json\/wp\/v2\/product"}],"about":[{"href":"https:\/\/roveyayinevi.com.tr\/index.php\/wp-json\/wp\/v2\/types\/product"}],"wp:attachment":[{"href":"https:\/\/roveyayinevi.com.tr\/index.php\/wp-json\/wp\/v2\/media?parent=712852"}],"wp:term":[{"taxonomy":"product_brand","embeddable":true,"href":"https:\/\/roveyayinevi.com.tr\/index.php\/wp-json\/wp\/v2\/product_brand?post=712852"},{"taxonomy":"product_cat","embeddable":true,"href":"https:\/\/roveyayinevi.com.tr\/index.php\/wp-json\/wp\/v2\/product_cat?post=712852"},{"taxonomy":"product_tag","embeddable":true,"href":"https:\/\/roveyayinevi.com.tr\/index.php\/wp-json\/wp\/v2\/product_tag?post=712852"}],"curies":[{"name":"wp","href":"https:\/\/api.w.org\/{rel}","templated":true}]}}