{"id":712851,"date":"2025-08-27T17:01:02","date_gmt":"2025-08-27T14:01:02","guid":{"rendered":"https:\/\/roveyayinevi.com.tr\/index.php\/urun\/resimler-ciglik-atarsa\/"},"modified":"2026-04-16T02:21:36","modified_gmt":"2026-04-15T23:21:36","slug":"resimler-ciglik-atarsa","status":"publish","type":"product","link":"https:\/\/roveyayinevi.com.tr\/index.php\/urun\/resimler-ciglik-atarsa\/","title":{"rendered":"Resimler \u00c7\u0131\u011fl\u0131k Atarsa"},"content":{"rendered":"<p>G\u00fcnseli \u00d6zkaya \u0130.\u00dc. Hukuk Fak\u00fcltesi ile \u0130.\u00dc.  Gazetecilik Y\u00fcksek Okulu\u2019nu bitirmi\u015ftir. Avukat olarak \u00e7al\u0131\u015fm\u0131\u015f ve \u00e7e\u015fitli bas\u0131n organlar\u0131nda s\u00fcrekli ve aral\u0131kl\u0131 olarak yaz\u0131lar yazm\u0131\u015ft\u0131r.  T\u00fcrk Kad\u0131nlar Birli\u011fi\u2019nin 24 y\u0131l Genel Ba\u015fkanl\u0131\u011f\u0131n\u0131 yapan \u00d6zkaya, onlarca kad\u0131n\u0131n ilkokul diplomas\u0131na kavu\u015fmas\u0131n\u0131 ve \u00e7al\u0131\u015fan kad\u0131nlar\u0131n 20 y\u0131lda emeklilik haklar\u0131n\u0131 kazanmas\u0131n\u0131 sa\u011flam\u0131\u015ft\u0131r.  D\u00fcnya Kad\u0131nlar Birli\u011fi\u2019nde \u00fcst \u00fcste 9 y\u0131l Y\u00f6netim Kurulu \u00fcyeli\u011fine t\u00fcm devletlerin kad\u0131n temsilcilerinin oylar\u0131yla se\u00e7ilmi\u015ftir. \u00dcstelik aday olmak ki\u015filerin talebine ba\u011fl\u0131 de\u011filken. Hindistan, Pakistan, Rusya, Balkan, Avrupa, Asya ve Afrika \u00fclkelerine haklar\u0131n e\u015fitli\u011fi konusunda \u00f6zel davetli olarak gitmi\u015f ve oralarda kamuoyunun dikkatini \u00e7ekmi\u015ftir. \u00d6zkaya\u2019n\u0131n Tutsakl\u0131ktan \u00d6zg\u00fcrl\u00fc\u011fe Kad\u0131nlar\u0131n Sava\u015f\u0131, Merhaba Parlamento, Tarih \u0130\u00e7inde Kad\u0131n Haklar\u0131, Zirvedeki Siyaset ve Yama\u00e7taki Kad\u0131nlar, Toprak da A\u011flar, Siyasetin Savurdu\u011fu Kad\u0131nlar, Atat\u00fcrk D\u00f6nemi Ankara, adl\u0131 ara\u015ft\u0131rma kitaplar\u0131n\u0131n yan\u0131 s\u0131ra \u00c7a\u011f\u0131 A\u015fan Adam, \u015ei\u015fe ile Mantar ve Veda isimli \u015fiir kitaplar\u0131 da bulunmaktad\u0131r. \u00d6zkaya\u2019n\u0131n s\u00f6zlerini yazd\u0131\u011f\u0131, \u201cAtat\u00fcrk Kad\u0131nlar\u0131 Mar\u015f\u0131\u201d Hikmet \u015eim\u015fek taraf\u0131ndan bestelenerek plak yap\u0131lm\u0131\u015ft\u0131r. T\u00fcrkiye\u2019deki Kad\u0131n Haklar\u0131 konusunda yazd\u0131\u011f\u0131 senaryoyu 1980 y\u0131l\u0131nda belgesel film olarak Behl\u00fcl Dal st\u00fcdyolar\u0131nda yapt\u0131r\u0131lm\u0131\u015f; T\u00fcrkiye sinemalar\u0131nda ve Almanya\u2019da da g\u00f6sterime sunulmu\u015ftur. \u00c7e\u015fitli dernek ve vak\u0131flar\u0131n kurucu ve onursal \u00fcyesi olan \u00d6zkaya, \u0130stanbul milletvekilli\u011fi de yapm\u0131\u015f olup, T\u00fcrk Kad\u0131nlar Birli\u011fi onursal ba\u015fkan\u0131d\u0131r. Uzun bir s\u00fcredir milletvekilli\u011finden ve siyasetten kendi iste\u011fiyle emekli olmu\u015ftur. Emeklili\u011finde alb\u00fcmlerini a\u00e7arak resimleri konu\u015fturmu\u015f, eski g\u00fcnlerin an\u0131lar\u0131 i\u00e7ine dalm\u0131\u015ft\u0131r. B\u00f6ylece bu yeni eserde resimler meyvesini vermi\u015f ve resimler \u00e7\u0131\u011fl\u0131\u011fa d\u00f6n\u00fc\u015fm\u00fc\u015ft\u00fcr. <\/p>\n","protected":false},"excerpt":{"rendered":"<p>G\u00fcnseli \u00d6zkaya \u0130.\u00dc. Hukuk Fak\u00fcltesi ile \u0130.\u00dc. Gazetecilik Y\u00fcksek Okulu\u2019nu bitirmi\u015ftir. Avukat olarak \u00e7al\u0131\u015fm\u0131\u015f ve \u00e7e\u015fitli bas\u0131n organlar\u0131nda s\u00fcrekli ve aral\u0131kl\u0131 olarak yaz\u0131lar yazm\u0131\u015ft\u0131r. T\u00fcrk Kad\u0131nlar<span class=\"excerpt-hellip\"> [\u2026]<\/span><\/p>\n","protected":false},"featured_media":0,"template":"","meta":{"_monsterinsights_skip_tracking":false,"_monsterinsights_sitenote_active":false,"_monsterinsights_sitenote_note":"","_monsterinsights_sitenote_category":0},"product_brand":[],"product_cat":[13590,12337],"product_tag":[],"class_list":{"0":"post-712851","1":"product","2":"type-product","3":"status-publish","5":"product_cat-arastirma-inceleme-politika-siyaset","6":"product_cat-politika-siyaset","7":"pa_cilt-ciltsiz","8":"pa_tur-kitap","9":"pa_yayinevi-karinca-yayinlari","10":"pa_yazar-gunseli-ozkaya","12":"first","13":"instock","14":"sale","15":"shipping-taxable","16":"purchasable","17":"product-type-simple"},"_links":{"self":[{"href":"https:\/\/roveyayinevi.com.tr\/index.php\/wp-json\/wp\/v2\/product\/712851","targetHints":{"allow":["GET"]}}],"collection":[{"href":"https:\/\/roveyayinevi.com.tr\/index.php\/wp-json\/wp\/v2\/product"}],"about":[{"href":"https:\/\/roveyayinevi.com.tr\/index.php\/wp-json\/wp\/v2\/types\/product"}],"wp:attachment":[{"href":"https:\/\/roveyayinevi.com.tr\/index.php\/wp-json\/wp\/v2\/media?parent=712851"}],"wp:term":[{"taxonomy":"product_brand","embeddable":true,"href":"https:\/\/roveyayinevi.com.tr\/index.php\/wp-json\/wp\/v2\/product_brand?post=712851"},{"taxonomy":"product_cat","embeddable":true,"href":"https:\/\/roveyayinevi.com.tr\/index.php\/wp-json\/wp\/v2\/product_cat?post=712851"},{"taxonomy":"product_tag","embeddable":true,"href":"https:\/\/roveyayinevi.com.tr\/index.php\/wp-json\/wp\/v2\/product_tag?post=712851"}],"curies":[{"name":"wp","href":"https:\/\/api.w.org\/{rel}","templated":true}]}}