{"id":712850,"date":"2025-08-27T17:01:02","date_gmt":"2025-08-27T14:01:02","guid":{"rendered":"https:\/\/roveyayinevi.com.tr\/index.php\/urun\/sulari-cekilen-nehir\/"},"modified":"2026-04-16T02:21:36","modified_gmt":"2026-04-15T23:21:36","slug":"sulari-cekilen-nehir","status":"publish","type":"product","link":"https:\/\/roveyayinevi.com.tr\/index.php\/urun\/sulari-cekilen-nehir\/","title":{"rendered":"Sular\u0131 \u00c7ekilen Nehir"},"content":{"rendered":"<p>mermere bir dokundu y\u0131ld\u0131zlar kayd\u0131 birden \u00e7i\u00e7e\u011fi bir koklad\u0131 \u00f6zg\u00fcrl\u00fckt\u00fc boy veren can buldu \u015fiirleri \/ omuz ba\u015f\u0131nda g\u00fczel a\u015fk\u0131 ya\u015famayan\u0131n kavruldu yang\u0131n\u0131nda \u015fiiri solu\u011fuydu \u00e7er\u00e7eveye s\u0131\u011fmayan.   \u2026\u2026     konu\u015fuyor d\u00fcn\u00fcn gencecik eylemcileri an\u0131lara yaslanarak kimi zap boylar\u0131na gidiyor azg\u0131n suya gem vurmaya kimi \u00fcniversite k\u00fcrs\u00fclerinden i\u015fgallere. hapishanelerin karanl\u0131k ko\u011fu\u015flar\u0131 an\u0131lm\u0131yor yer verilmiyor sorgulara gerze t\u00fc*t\u00fcn mitinginden \/ istinye&#8217;nin grev \u00e7ad\u0131rlar\u0131ndan binlerce a\u011f\u0131zdan f\u0131rlayan \u00e7\u0131\u011fl\u0131k k\u0131rk y\u0131l sonra tak\u0131l\u0131yor sesimize: 6. filo defol. <\/p>\n","protected":false},"excerpt":{"rendered":"<p>mermere bir dokundu y\u0131ld\u0131zlar kayd\u0131 birden \u00e7i\u00e7e\u011fi bir koklad\u0131 \u00f6zg\u00fcrl\u00fckt\u00fc boy veren can buldu \u015fiirleri \/ omuz ba\u015f\u0131nda g\u00fczel a\u015fk\u0131 ya\u015famayan\u0131n kavruldu yang\u0131n\u0131nda \u015fiiri solu\u011fuydu \u00e7er\u00e7eveye<span class=\"excerpt-hellip\"> [\u2026]<\/span><\/p>\n","protected":false},"featured_media":0,"template":"","meta":{"_monsterinsights_skip_tracking":false,"_monsterinsights_sitenote_active":false,"_monsterinsights_sitenote_note":"","_monsterinsights_sitenote_category":0},"product_brand":[],"product_cat":[12291,12509],"product_tag":[],"class_list":{"0":"post-712850","1":"product","2":"type-product","3":"status-publish","5":"product_cat-edebiyat","6":"product_cat-siir","7":"pa_cilt-ciltsiz","8":"pa_tur-kitap","9":"pa_yayinevi-bilgi-yayinevi","10":"pa_yazar-ahmet-ozer","12":"first","13":"instock","14":"sale","15":"shipping-taxable","16":"purchasable","17":"product-type-simple"},"_links":{"self":[{"href":"https:\/\/roveyayinevi.com.tr\/index.php\/wp-json\/wp\/v2\/product\/712850","targetHints":{"allow":["GET"]}}],"collection":[{"href":"https:\/\/roveyayinevi.com.tr\/index.php\/wp-json\/wp\/v2\/product"}],"about":[{"href":"https:\/\/roveyayinevi.com.tr\/index.php\/wp-json\/wp\/v2\/types\/product"}],"wp:attachment":[{"href":"https:\/\/roveyayinevi.com.tr\/index.php\/wp-json\/wp\/v2\/media?parent=712850"}],"wp:term":[{"taxonomy":"product_brand","embeddable":true,"href":"https:\/\/roveyayinevi.com.tr\/index.php\/wp-json\/wp\/v2\/product_brand?post=712850"},{"taxonomy":"product_cat","embeddable":true,"href":"https:\/\/roveyayinevi.com.tr\/index.php\/wp-json\/wp\/v2\/product_cat?post=712850"},{"taxonomy":"product_tag","embeddable":true,"href":"https:\/\/roveyayinevi.com.tr\/index.php\/wp-json\/wp\/v2\/product_tag?post=712850"}],"curies":[{"name":"wp","href":"https:\/\/api.w.org\/{rel}","templated":true}]}}