{"id":712849,"date":"2025-08-27T17:01:01","date_gmt":"2025-08-27T14:01:01","guid":{"rendered":"https:\/\/roveyayinevi.com.tr\/index.php\/urun\/kuslar-yalinayak-ucar\/"},"modified":"2026-04-16T02:21:36","modified_gmt":"2026-04-15T23:21:36","slug":"kuslar-yalinayak-ucar","status":"publish","type":"product","link":"https:\/\/roveyayinevi.com.tr\/index.php\/urun\/kuslar-yalinayak-ucar\/","title":{"rendered":"Ku\u015flar Yal\u0131nayak U\u00e7ar"},"content":{"rendered":"<p>uzat dal\u0131n\u0131 yapra\u011f\u0131n\u0131 boyas\u0131n \u00e7ocuklar b\u0131rak anadolum k\u00f6k\u00fcn\u00fc k\u00e2\u011f\u0131d\u0131n kal\u0131nl\u0131\u011f\u0131 kadar sans\u0131nlar ortada ne k\u00fcrek varm\u0131\u015f ne kova o b\u00fcy\u00fck eller dikmi\u015f seni bu topra\u011fa <\/p>\n","protected":false},"excerpt":{"rendered":"<p>uzat dal\u0131n\u0131 yapra\u011f\u0131n\u0131 boyas\u0131n \u00e7ocuklar b\u0131rak anadolum k\u00f6k\u00fcn\u00fc k\u00e2\u011f\u0131d\u0131n kal\u0131nl\u0131\u011f\u0131 kadar sans\u0131nlar ortada ne k\u00fcrek varm\u0131\u015f ne kova o b\u00fcy\u00fck eller dikmi\u015f seni bu topra\u011fa<\/p>\n","protected":false},"featured_media":0,"template":"","meta":{"_monsterinsights_skip_tracking":false,"_monsterinsights_sitenote_active":false,"_monsterinsights_sitenote_note":"","_monsterinsights_sitenote_category":0},"product_brand":[],"product_cat":[12291,12509],"product_tag":[],"class_list":{"0":"post-712849","1":"product","2":"type-product","3":"status-publish","5":"product_cat-edebiyat","6":"product_cat-siir","7":"pa_cilt-ciltsiz","8":"pa_tur-kitap","9":"pa_yayinevi-bilgi-yayinevi","10":"pa_yazar-ertan-sahin","12":"first","13":"instock","14":"sale","15":"shipping-taxable","16":"purchasable","17":"product-type-simple"},"_links":{"self":[{"href":"https:\/\/roveyayinevi.com.tr\/index.php\/wp-json\/wp\/v2\/product\/712849","targetHints":{"allow":["GET"]}}],"collection":[{"href":"https:\/\/roveyayinevi.com.tr\/index.php\/wp-json\/wp\/v2\/product"}],"about":[{"href":"https:\/\/roveyayinevi.com.tr\/index.php\/wp-json\/wp\/v2\/types\/product"}],"wp:attachment":[{"href":"https:\/\/roveyayinevi.com.tr\/index.php\/wp-json\/wp\/v2\/media?parent=712849"}],"wp:term":[{"taxonomy":"product_brand","embeddable":true,"href":"https:\/\/roveyayinevi.com.tr\/index.php\/wp-json\/wp\/v2\/product_brand?post=712849"},{"taxonomy":"product_cat","embeddable":true,"href":"https:\/\/roveyayinevi.com.tr\/index.php\/wp-json\/wp\/v2\/product_cat?post=712849"},{"taxonomy":"product_tag","embeddable":true,"href":"https:\/\/roveyayinevi.com.tr\/index.php\/wp-json\/wp\/v2\/product_tag?post=712849"}],"curies":[{"name":"wp","href":"https:\/\/api.w.org\/{rel}","templated":true}]}}