{"id":712844,"date":"2025-08-27T17:00:58","date_gmt":"2025-08-27T14:00:58","guid":{"rendered":"https:\/\/roveyayinevi.com.tr\/index.php\/urun\/eglenceli-dunyam-tekerlemelerim\/"},"modified":"2026-04-16T02:21:08","modified_gmt":"2026-04-15T23:21:08","slug":"eglenceli-dunyam-tekerlemelerim","status":"publish","type":"product","link":"https:\/\/roveyayinevi.com.tr\/index.php\/urun\/eglenceli-dunyam-tekerlemelerim\/","title":{"rendered":"E\u011flenceli D\u00fcnyam &#8211; Tekerlemelerim"},"content":{"rendered":"<p>Okul \u00f6ncesi d\u00f6nemde tekerleme, bilmece ve parmak oyunlar\u0131, \u00e7ocuklar\u0131n \u00f6zellikle dil ve kavram geli\u015fiminde kafiyeli,Mahmut Y\u0131lmaz az s\u00f6zc\u00fckl\u00fc yap\u0131lar\u0131yla belle\u011fe kolayl\u0131kla yerle\u015febilen \u00fcr\u00fcnlerdir. Bilmecelerin, tekerlemelerin ve parmak oyunlar\u0131n\u0131n ritmik, hareketli yap\u0131lar\u0131 \u00e7ocuklar i\u00e7in pek \u00e7ok \u00f6\u011fretim f\u0131rsat\u0131 sa\u011flar. Dil ve kavram geli\u015fimini e\u011flenceli boyutuyla \u00e7ocuklar\u0131n sosyal ve akademik ya\u015fam\u0131n\u0131 geli\u015ftirir. \u00c7ocuklar\u0131n ya\u015fam kalitesini do\u011frudan etkileyerek, dilin e\u011flenceli ve alg\u0131sal boyutla birle\u015fen y\u00f6n\u00fcn\u00fc de peki\u015ftiren e\u011fitici bir faaliyettir. <\/p>\n","protected":false},"excerpt":{"rendered":"<p>Okul \u00f6ncesi d\u00f6nemde tekerleme, bilmece ve parmak oyunlar\u0131, \u00e7ocuklar\u0131n \u00f6zellikle dil ve kavram geli\u015fiminde kafiyeli,Mahmut Y\u0131lmaz az s\u00f6zc\u00fckl\u00fc yap\u0131lar\u0131yla belle\u011fe kolayl\u0131kla yerle\u015febilen \u00fcr\u00fcnlerdir. Bilmecelerin, tekerlemelerin ve<span class=\"excerpt-hellip\"> [\u2026]<\/span><\/p>\n","protected":false},"featured_media":0,"template":"","meta":{"_monsterinsights_skip_tracking":false,"_monsterinsights_sitenote_active":false,"_monsterinsights_sitenote_note":"","_monsterinsights_sitenote_category":0},"product_brand":[],"product_cat":[12291,15566],"product_tag":[],"class_list":{"0":"post-712844","1":"product","2":"type-product","3":"status-publish","5":"product_cat-edebiyat","6":"product_cat-oyun","7":"pa_cilt-ciltsiz","8":"pa_tur-kitap","9":"pa_yayinevi-egiten-kitap","10":"pa_yazar-evren-julide-koc","12":"first","13":"instock","14":"sale","15":"shipping-taxable","16":"purchasable","17":"product-type-simple"},"_links":{"self":[{"href":"https:\/\/roveyayinevi.com.tr\/index.php\/wp-json\/wp\/v2\/product\/712844","targetHints":{"allow":["GET"]}}],"collection":[{"href":"https:\/\/roveyayinevi.com.tr\/index.php\/wp-json\/wp\/v2\/product"}],"about":[{"href":"https:\/\/roveyayinevi.com.tr\/index.php\/wp-json\/wp\/v2\/types\/product"}],"wp:attachment":[{"href":"https:\/\/roveyayinevi.com.tr\/index.php\/wp-json\/wp\/v2\/media?parent=712844"}],"wp:term":[{"taxonomy":"product_brand","embeddable":true,"href":"https:\/\/roveyayinevi.com.tr\/index.php\/wp-json\/wp\/v2\/product_brand?post=712844"},{"taxonomy":"product_cat","embeddable":true,"href":"https:\/\/roveyayinevi.com.tr\/index.php\/wp-json\/wp\/v2\/product_cat?post=712844"},{"taxonomy":"product_tag","embeddable":true,"href":"https:\/\/roveyayinevi.com.tr\/index.php\/wp-json\/wp\/v2\/product_tag?post=712844"}],"curies":[{"name":"wp","href":"https:\/\/api.w.org\/{rel}","templated":true}]}}