{"id":712842,"date":"2025-08-27T17:00:57","date_gmt":"2025-08-27T14:00:57","guid":{"rendered":"https:\/\/roveyayinevi.com.tr\/index.php\/urun\/bir-guzel-istanbul-vardi\/"},"modified":"2026-04-16T02:21:08","modified_gmt":"2026-04-15T23:21:08","slug":"bir-guzel-istanbul-vardi","status":"publish","type":"product","link":"https:\/\/roveyayinevi.com.tr\/index.php\/urun\/bir-guzel-istanbul-vardi\/","title":{"rendered":"Bir G\u00fczel \u0130stanbul Vard\u0131"},"content":{"rendered":"<p>Gen\u00e7li\u011fimi d\u00fc\u015f\u00fcnd\u00fc\u011f\u00fcmde Ey\u00fcp, Ey\u00fcp&#8217;\u00fc d\u00fc\u015f\u00fcnd\u00fc\u011f\u00fcmde gen\u00e7li\u011fim akl\u0131ma gelir. Gen\u00e7li\u011fim ve Ey\u00fcp, ikisi birlikte beni \u0130stanbul&#8217;a al\u0131r g\u00f6t\u00fcr\u00fcrler. <\/p>\n","protected":false},"excerpt":{"rendered":"<p>Gen\u00e7li\u011fimi d\u00fc\u015f\u00fcnd\u00fc\u011f\u00fcmde Ey\u00fcp, Ey\u00fcp&#8217;\u00fc d\u00fc\u015f\u00fcnd\u00fc\u011f\u00fcmde gen\u00e7li\u011fim akl\u0131ma gelir. Gen\u00e7li\u011fim ve Ey\u00fcp, ikisi birlikte beni \u0130stanbul&#8217;a al\u0131r g\u00f6t\u00fcr\u00fcrler.<\/p>\n","protected":false},"featured_media":0,"template":"","meta":{"_monsterinsights_skip_tracking":false,"_monsterinsights_sitenote_active":false,"_monsterinsights_sitenote_note":"","_monsterinsights_sitenote_category":0},"product_brand":[],"product_cat":[13701,12291],"product_tag":[],"class_list":{"0":"post-712842","1":"product","2":"type-product","3":"status-publish","5":"product_cat-ani-mektup-gunluk","6":"product_cat-edebiyat","7":"pa_cilt-ciltsiz","8":"pa_tur-kitap","9":"pa_yayinevi-baris-kitap","10":"pa_yazar-orhan-selen","12":"first","13":"instock","14":"sale","15":"shipping-taxable","16":"purchasable","17":"product-type-simple"},"_links":{"self":[{"href":"https:\/\/roveyayinevi.com.tr\/index.php\/wp-json\/wp\/v2\/product\/712842","targetHints":{"allow":["GET"]}}],"collection":[{"href":"https:\/\/roveyayinevi.com.tr\/index.php\/wp-json\/wp\/v2\/product"}],"about":[{"href":"https:\/\/roveyayinevi.com.tr\/index.php\/wp-json\/wp\/v2\/types\/product"}],"wp:attachment":[{"href":"https:\/\/roveyayinevi.com.tr\/index.php\/wp-json\/wp\/v2\/media?parent=712842"}],"wp:term":[{"taxonomy":"product_brand","embeddable":true,"href":"https:\/\/roveyayinevi.com.tr\/index.php\/wp-json\/wp\/v2\/product_brand?post=712842"},{"taxonomy":"product_cat","embeddable":true,"href":"https:\/\/roveyayinevi.com.tr\/index.php\/wp-json\/wp\/v2\/product_cat?post=712842"},{"taxonomy":"product_tag","embeddable":true,"href":"https:\/\/roveyayinevi.com.tr\/index.php\/wp-json\/wp\/v2\/product_tag?post=712842"}],"curies":[{"name":"wp","href":"https:\/\/api.w.org\/{rel}","templated":true}]}}