{"id":712841,"date":"2025-08-27T17:00:56","date_gmt":"2025-08-27T14:00:56","guid":{"rendered":"https:\/\/roveyayinevi.com.tr\/index.php\/urun\/mikro-iktisat-2\/"},"modified":"2026-04-16T02:21:08","modified_gmt":"2026-04-15T23:21:08","slug":"mikro-iktisat-2","status":"publish","type":"product","link":"https:\/\/roveyayinevi.com.tr\/index.php\/urun\/mikro-iktisat-2\/","title":{"rendered":"Mikro \u0130ktisat"},"content":{"rendered":"<p>Piyasada bu kadar Mikro \u0130ktisat kitab\u0131 varken neden yeni bir kitaba ihtiya\u00e7 duyduk?Akademik kitaplar\u0131n en \u00f6nemli \u00f6zelliklerinden biri, her birinin \u00f6zg\u00fcn nitelikte haz\u0131rlan\u0131yor olmas\u0131d\u0131r. Gerek yabanc\u0131 gerekse de yerli akademisyenler taraf\u0131ndan kaleme al\u0131nan Mikro \u0130ktisat ders kitaplar\u0131n\u0131n i\u00e7eri\u011fi birbiriyle olduk\u00e7a paralel olmas\u0131na kar\u015f\u0131n, eserlerin sunulu\u015f bi\u00e7imi birbirinden tamamen farkl\u0131 olabilmektedir. Bu farkl\u0131l\u0131k akademik a\u00e7\u0131dan son derece \u00f6nemli bir kazan\u0131m olmas\u0131na kar\u015f\u0131n, \u00fclkemizdeki \u00f6\u011frenciler a\u00e7\u0131s\u0131ndan bazen dezavantaja d\u00f6n\u00fc\u015febilmektedir.\u00d6zellikle mezuniyet sonras\u0131nda \u00e7e\u015fitli kurum s\u0131navlar\u0131na giren \u00f6\u011frencilerden gelen Mikro \u0130ktisat ders kitaplar\u0131na y\u00f6nelik temel ele\u015ftiri, kitaplar\u0131n sunu\u015f bi\u00e7imi ile kurum s\u0131navlar\u0131nda kar\u015f\u0131la\u015f\u0131lan sorular aras\u0131nda paralellik olmamas\u0131d\u0131r. Bu durum \u00f6\u011frencileri mezuniyet sonras\u0131nda akademik i\u00e7erikten uzak, ezbere dayal\u0131 haz\u0131rlanm\u0131\u015f s\u0131navlara haz\u0131rl\u0131k kitaplar\u0131na y\u00f6nlendirmekte ve ne yaz\u0131k ki \u00f6\u011frencileri akademik bak\u0131\u015f a\u00e7\u0131s\u0131ndan uzakla\u015ft\u0131rmaktad\u0131r.\u015eu anda elinizde tutmu\u015f oldu\u011funuz Mikro \u0130ktisat kitab\u0131n\u0131n muadillerinden temel fark\u0131, akademik ilkeleri ve \u00f6\u011frencilerin s\u0131nav kayg\u0131s\u0131n\u0131 dikkate alarak haz\u0131rlanm\u0131\u015f bir kitap olmas\u0131d\u0131r. \u0130\u00e7erik tamamen akademik ilkeler g\u00f6zetilerek haz\u0131rlanm\u0131\u015ft\u0131r. S\u0131nav kayg\u0131s\u0131n\u0131n giderilmesi i\u00e7in ise kitab\u0131n sunulu\u015f bi\u00e7iminde farkl\u0131l\u0131\u011fa gidilmi\u015ftir. Bu ama\u00e7la metin i\u00e7inde anlat\u0131lan konulara ili\u015fkin ayr\u0131nt\u0131l\u0131 soru \u00e7\u00f6z\u00fcmlerine yer verilmi\u015ftir. Soru \u00e7\u00f6z\u00fcmlerinde detaydan ka\u00e7\u0131n\u0131lmam\u0131\u015f, aksine benzer konularda birden fazla soruya ve \u00e7\u00f6z\u00fcm\u00fcne yer verilerek konunun tam olarak \u00f6z\u00fcmsenmesi hedeflenmi\u015ftir. B\u00f6l\u00fcm sonlar\u0131nda yer alan deneme sorular\u0131 ile bilgi d\u00fczeyinin test edilmesi de ama\u00e7lanm\u0131\u015ft\u0131r. \u00c7\u00fcnk\u00fc ba\u015far\u0131 detayda gizlidir.<\/p>\n","protected":false},"excerpt":{"rendered":"<p>Piyasada bu kadar Mikro \u0130ktisat kitab\u0131 varken neden yeni bir kitaba ihtiya\u00e7 duyduk?Akademik kitaplar\u0131n en \u00f6nemli \u00f6zelliklerinden biri, her birinin \u00f6zg\u00fcn nitelikte haz\u0131rlan\u0131yor olmas\u0131d\u0131r. Gerek yabanc\u0131<span class=\"excerpt-hellip\"> [\u2026]<\/span><\/p>\n","protected":false},"featured_media":0,"template":"","meta":{"_monsterinsights_skip_tracking":false,"_monsterinsights_sitenote_active":false,"_monsterinsights_sitenote_note":"","_monsterinsights_sitenote_category":0},"product_brand":[],"product_cat":[20333,13043],"product_tag":[],"class_list":{"0":"post-712841","1":"product","2":"type-product","3":"status-publish","5":"product_cat-diger-ekonomi","6":"product_cat-ekonomi","7":"pa_cilt-ciltsiz","8":"pa_tur-kitap","9":"pa_yayinevi-efil-yayinevi","10":"pa_yazar-serkan-cicek","12":"first","13":"instock","14":"sale","15":"shipping-taxable","16":"purchasable","17":"product-type-simple"},"_links":{"self":[{"href":"https:\/\/roveyayinevi.com.tr\/index.php\/wp-json\/wp\/v2\/product\/712841","targetHints":{"allow":["GET"]}}],"collection":[{"href":"https:\/\/roveyayinevi.com.tr\/index.php\/wp-json\/wp\/v2\/product"}],"about":[{"href":"https:\/\/roveyayinevi.com.tr\/index.php\/wp-json\/wp\/v2\/types\/product"}],"wp:attachment":[{"href":"https:\/\/roveyayinevi.com.tr\/index.php\/wp-json\/wp\/v2\/media?parent=712841"}],"wp:term":[{"taxonomy":"product_brand","embeddable":true,"href":"https:\/\/roveyayinevi.com.tr\/index.php\/wp-json\/wp\/v2\/product_brand?post=712841"},{"taxonomy":"product_cat","embeddable":true,"href":"https:\/\/roveyayinevi.com.tr\/index.php\/wp-json\/wp\/v2\/product_cat?post=712841"},{"taxonomy":"product_tag","embeddable":true,"href":"https:\/\/roveyayinevi.com.tr\/index.php\/wp-json\/wp\/v2\/product_tag?post=712841"}],"curies":[{"name":"wp","href":"https:\/\/api.w.org\/{rel}","templated":true}]}}