{"id":712840,"date":"2025-08-27T17:00:55","date_gmt":"2025-08-27T14:00:55","guid":{"rendered":"https:\/\/roveyayinevi.com.tr\/index.php\/urun\/tavsancik-pasta-yarismasi\/"},"modified":"2026-04-16T02:21:08","modified_gmt":"2026-04-15T23:21:08","slug":"tavsancik-pasta-yarismasi","status":"publish","type":"product","link":"https:\/\/roveyayinevi.com.tr\/index.php\/urun\/tavsancik-pasta-yarismasi\/","title":{"rendered":"Tav\u015fanc\u0131k Pasta Yar\u0131\u015fmas\u0131"},"content":{"rendered":"<p>\u00d6nl\u00fckleri tak\u0131yoruz, tarifler de haz\u0131r. Ve \u015fimdi y\u0131l\u0131n en b\u00fcy\u00fck Tavs\u0327anc\u0131k Pasta Yar\u0131\u015fmas\u0131 i\u00e7in tam zaman\u0131. Peki bu tuhaf giyinen yar\u0131\u015fmac\u0131 da kim? Quentin s\u0131rad\u0131s\u0327\u0131 hobisiyle s\u0131ra d\u0131s\u0327\u0131 bir kurttur. Pastalardan ball\u0131 \u00e7\u00f6reklere kadar hamur i\u015fleri pi\u015firmeye bay\u0131l\u0131r. Tavs\u0327anc\u0131k Pasta Yar\u0131\u015fmas\u0131\u2019na kat\u0131lmak i\u00e7in yanl\u0131\u015fla davetiye ald\u0131\u011f\u0131nda, o da kat\u0131lmak i\u00e7in kendisini tav\u015fan k\u0131l\u0131\u011f\u0131na sokar. Hem de ustaca. \u00dcstelik tarifleri de ustaca yapar ama yar\u0131\u015fmac\u0131lardan k\u0131skan\u00e7 bir tavs\u0327anc\u0131k, Quentin\u2019e bir oyun oynar ve t\u00fcm \u00e7abalar\u0131 az kals\u0131n bo\u015fa gidecektir&#8230; EllieSnowdon\u2019un yaz\u0131p resimledi\u011fi Tav\u015fanc\u0131k Pasta Yar\u0131\u015fmas\u0131 y\u0131l\u0131n en i\u015ftah a\u00e7\u0131c\u0131 resimli hik\u00e2ye kitab\u0131. \u00dcstelik yaln\u0131zca tav\u015fanc\u0131klar i\u00e7in de de\u011fil! <\/p>\n","protected":false},"excerpt":{"rendered":"<p>\u00d6nl\u00fckleri tak\u0131yoruz, tarifler de haz\u0131r. Ve \u015fimdi y\u0131l\u0131n en b\u00fcy\u00fck Tavs\u0327anc\u0131k Pasta Yar\u0131\u015fmas\u0131 i\u00e7in tam zaman\u0131. Peki bu tuhaf giyinen yar\u0131\u015fmac\u0131 da kim? Quentin s\u0131rad\u0131s\u0327\u0131 hobisiyle<span class=\"excerpt-hellip\"> [\u2026]<\/span><\/p>\n","protected":false},"featured_media":0,"template":"","meta":{"_monsterinsights_skip_tracking":false,"_monsterinsights_sitenote_active":false,"_monsterinsights_sitenote_note":"","_monsterinsights_sitenote_category":0},"product_brand":[],"product_cat":[12913,12274],"product_tag":[],"class_list":{"0":"post-712840","1":"product","2":"type-product","3":"status-publish","5":"product_cat-3-6-yas-kitaplari","6":"product_cat-cocuk-ve-genclik-kitaplari","7":"pa_cilt-ciltsiz","8":"pa_tur-kitap","9":"pa_yayinevi-beta-kids","10":"pa_yazar-ellie-snowdon","12":"first","13":"instock","14":"sale","15":"shipping-taxable","16":"purchasable","17":"product-type-simple"},"_links":{"self":[{"href":"https:\/\/roveyayinevi.com.tr\/index.php\/wp-json\/wp\/v2\/product\/712840","targetHints":{"allow":["GET"]}}],"collection":[{"href":"https:\/\/roveyayinevi.com.tr\/index.php\/wp-json\/wp\/v2\/product"}],"about":[{"href":"https:\/\/roveyayinevi.com.tr\/index.php\/wp-json\/wp\/v2\/types\/product"}],"wp:attachment":[{"href":"https:\/\/roveyayinevi.com.tr\/index.php\/wp-json\/wp\/v2\/media?parent=712840"}],"wp:term":[{"taxonomy":"product_brand","embeddable":true,"href":"https:\/\/roveyayinevi.com.tr\/index.php\/wp-json\/wp\/v2\/product_brand?post=712840"},{"taxonomy":"product_cat","embeddable":true,"href":"https:\/\/roveyayinevi.com.tr\/index.php\/wp-json\/wp\/v2\/product_cat?post=712840"},{"taxonomy":"product_tag","embeddable":true,"href":"https:\/\/roveyayinevi.com.tr\/index.php\/wp-json\/wp\/v2\/product_tag?post=712840"}],"curies":[{"name":"wp","href":"https:\/\/api.w.org\/{rel}","templated":true}]}}