{"id":712839,"date":"2025-08-27T17:00:55","date_gmt":"2025-08-27T14:00:55","guid":{"rendered":"https:\/\/roveyayinevi.com.tr\/index.php\/urun\/lutfen-bay-panda\/"},"modified":"2026-02-03T02:34:37","modified_gmt":"2026-02-02T23:34:37","slug":"lutfen-bay-panda","status":"publish","type":"product","link":"https:\/\/roveyayinevi.com.tr\/index.php\/urun\/lutfen-bay-panda\/","title":{"rendered":"L\u00fctfen Bay Panda"},"content":{"rendered":"<p>Bay Panda rastlad\u0131\u011f\u0131 her hayvana, sab\u0131rla ve kibarca, \u201cDonut ister misin?\u201d diye sorar. Hayvanlar\u0131n her biri, \u201cEVET!\u201d der ama hi\u00e7birinin akl\u0131na gelmez \u201cl\u00fctfen\u201d ve \u201cte\u015fekk\u00fcr ederim\u201d demek. Bay Panda\u2019n\u0131n donutlar\u0131n\u0131 hak eden var m\u0131 acaba? Steve Antony\u2019nin yaz\u0131p resimledi\u011fi L\u00fctfen Bay Panda, te\u015fekk\u00fcr etmenin, rica etmenin inceliklerini anlat\u0131rken bunu \u00e7ocuklara anlat\u0131labilecek en cesur, en \u00e7arp\u0131c\u0131 ve ger\u00e7ek\u00e7i yollar\u0131 deniyor: \u201cHay\u0131r alamazs\u0131n!\u201d Halbuki payla\u015fmak g\u00fczeldir ve Bay Panda kadar kim sevebilir payla\u015fmay\u0131? <\/p>\n","protected":false},"excerpt":{"rendered":"<p>Bay Panda rastlad\u0131\u011f\u0131 her hayvana, sab\u0131rla ve kibarca, \u201cDonut ister misin?\u201d diye sorar. Hayvanlar\u0131n her biri, \u201cEVET!\u201d der ama hi\u00e7birinin akl\u0131na gelmez \u201cl\u00fctfen\u201d ve \u201cte\u015fekk\u00fcr ederim\u201d<span class=\"excerpt-hellip\"> [\u2026]<\/span><\/p>\n","protected":false},"featured_media":0,"template":"","meta":{"_monsterinsights_skip_tracking":false,"_monsterinsights_sitenote_active":false,"_monsterinsights_sitenote_note":"","_monsterinsights_sitenote_category":0},"product_brand":[],"product_cat":[12913,12274],"product_tag":[],"class_list":{"0":"post-712839","1":"product","2":"type-product","3":"status-publish","5":"product_cat-3-6-yas-kitaplari","6":"product_cat-cocuk-ve-genclik-kitaplari","7":"pa_cilt-ciltsiz","8":"pa_tur-kitap","9":"pa_yayinevi-beta-kids","10":"pa_yazar-steve-antony","12":"first","13":"instock","14":"sale","15":"shipping-taxable","16":"purchasable","17":"product-type-simple"},"_links":{"self":[{"href":"https:\/\/roveyayinevi.com.tr\/index.php\/wp-json\/wp\/v2\/product\/712839","targetHints":{"allow":["GET"]}}],"collection":[{"href":"https:\/\/roveyayinevi.com.tr\/index.php\/wp-json\/wp\/v2\/product"}],"about":[{"href":"https:\/\/roveyayinevi.com.tr\/index.php\/wp-json\/wp\/v2\/types\/product"}],"wp:attachment":[{"href":"https:\/\/roveyayinevi.com.tr\/index.php\/wp-json\/wp\/v2\/media?parent=712839"}],"wp:term":[{"taxonomy":"product_brand","embeddable":true,"href":"https:\/\/roveyayinevi.com.tr\/index.php\/wp-json\/wp\/v2\/product_brand?post=712839"},{"taxonomy":"product_cat","embeddable":true,"href":"https:\/\/roveyayinevi.com.tr\/index.php\/wp-json\/wp\/v2\/product_cat?post=712839"},{"taxonomy":"product_tag","embeddable":true,"href":"https:\/\/roveyayinevi.com.tr\/index.php\/wp-json\/wp\/v2\/product_tag?post=712839"}],"curies":[{"name":"wp","href":"https:\/\/api.w.org\/{rel}","templated":true}]}}