{"id":712836,"date":"2025-08-27T17:00:09","date_gmt":"2025-08-27T14:00:09","guid":{"rendered":"https:\/\/roveyayinevi.com.tr\/index.php\/urun\/korku-tuneli-1-yarasalar-vadisi\/"},"modified":"2026-04-16T02:21:08","modified_gmt":"2026-04-15T23:21:08","slug":"korku-tuneli-1-yarasalar-vadisi","status":"publish","type":"product","link":"https:\/\/roveyayinevi.com.tr\/index.php\/urun\/korku-tuneli-1-yarasalar-vadisi\/","title":{"rendered":"Korku T\u00fcneli 1 &#8211; Yarasalar Vadisi"},"content":{"rendered":"<p>Yarasalar\u0131n egemen oldu\u011fu bu vadide bir ba\u015f\u0131nas\u0131n\u0131z. Bakal\u0131m Alt\u0131n Tap\u0131nak\u2019a ula\u015fmay\u0131 ba\u015faracak m\u0131s\u0131n\u0131z? Ard\u0131 ard\u0131na ya\u015fad\u0131\u011f\u0131n\u0131z felaketler sizi en b\u00fcy\u00fck korkunuzla y\u00fczle\u015fmek zorunda b\u0131rak\u0131r. Yarasalarla&#8230; Ya\u015fam\u0131n\u0131za yeniden d\u00fczen verebilmek, ama\u00e7lar\u0131n\u0131za ula\u015fabilmek i\u00e7in Yarasalar Vadisi\u2019ni a\u015fmak zorundas\u0131n\u0131z. Bu vadiyi a\u015fmal\u0131, Alt\u0131n Tap\u0131nak\u2019a ula\u015fmal\u0131s\u0131n\u0131z. Ancak bu yolda sizi bekleyen say\u0131s\u0131z tehlike var&#8230; Kanl\u0131 Kayalar Ge\u00e7idi, Korku Da\u011flar\u0131, K\u00e2bus Orman\u0131, Kara \u015eato, Yarasa Kalesi, Cad\u0131lar Evi, Kara Batakl\u0131k bunlardan yaln\u0131zca birka\u00e7\u0131&#8230; B\u00fct\u00fcn bu tehlikeleri a\u015f\u0131p Alt\u0131n Tap\u0131nak\u2019a ula\u015fabilir; ya\u015fam\u0131n\u0131z\u0131 ba\u015far\u0131l\u0131, zengin ve \u00fcnl\u00fc biri olarak s\u00fcrd\u00fcrebilirsiniz. Ya da ya\u015fam\u0131n\u0131zdan olabilirsiniz. Bu kitapta tam 16 farkl\u0131 son var&#8230; Ancak bunlardan sadece biri iyi&#8230; Hangi sona ula\u015faca\u011f\u0131n\u0131z\u0131, roman\u0131 okurken verece\u011finiz kararlar belirleyecek. <\/p>\n","protected":false},"excerpt":{"rendered":"<p>Yarasalar\u0131n egemen oldu\u011fu bu vadide bir ba\u015f\u0131nas\u0131n\u0131z. Bakal\u0131m Alt\u0131n Tap\u0131nak\u2019a ula\u015fmay\u0131 ba\u015faracak m\u0131s\u0131n\u0131z? Ard\u0131 ard\u0131na ya\u015fad\u0131\u011f\u0131n\u0131z felaketler sizi en b\u00fcy\u00fck korkunuzla y\u00fczle\u015fmek zorunda b\u0131rak\u0131r. Yarasalarla&#8230; Ya\u015fam\u0131n\u0131za<span class=\"excerpt-hellip\"> [\u2026]<\/span><\/p>\n","protected":false},"featured_media":0,"template":"","meta":{"_monsterinsights_skip_tracking":false,"_monsterinsights_sitenote_active":false,"_monsterinsights_sitenote_note":"","_monsterinsights_sitenote_category":0},"product_brand":[],"product_cat":[12291,12711],"product_tag":[],"class_list":{"0":"post-712836","1":"product","2":"type-product","3":"status-publish","5":"product_cat-edebiyat","6":"product_cat-roman-oyku","7":"pa_cilt-ciltsiz","8":"pa_tur-kitap","9":"pa_yayinevi-genc-hayat","10":"pa_yazar-tuncel-altinkopru","12":"first","13":"instock","14":"sale","15":"shipping-taxable","16":"purchasable","17":"product-type-simple"},"_links":{"self":[{"href":"https:\/\/roveyayinevi.com.tr\/index.php\/wp-json\/wp\/v2\/product\/712836","targetHints":{"allow":["GET"]}}],"collection":[{"href":"https:\/\/roveyayinevi.com.tr\/index.php\/wp-json\/wp\/v2\/product"}],"about":[{"href":"https:\/\/roveyayinevi.com.tr\/index.php\/wp-json\/wp\/v2\/types\/product"}],"wp:attachment":[{"href":"https:\/\/roveyayinevi.com.tr\/index.php\/wp-json\/wp\/v2\/media?parent=712836"}],"wp:term":[{"taxonomy":"product_brand","embeddable":true,"href":"https:\/\/roveyayinevi.com.tr\/index.php\/wp-json\/wp\/v2\/product_brand?post=712836"},{"taxonomy":"product_cat","embeddable":true,"href":"https:\/\/roveyayinevi.com.tr\/index.php\/wp-json\/wp\/v2\/product_cat?post=712836"},{"taxonomy":"product_tag","embeddable":true,"href":"https:\/\/roveyayinevi.com.tr\/index.php\/wp-json\/wp\/v2\/product_tag?post=712836"}],"curies":[{"name":"wp","href":"https:\/\/api.w.org\/{rel}","templated":true}]}}