{"id":712835,"date":"2025-08-27T17:00:08","date_gmt":"2025-08-27T14:00:08","guid":{"rendered":"https:\/\/roveyayinevi.com.tr\/index.php\/urun\/egitim-yonetimi-alanin-temelleri-ve-cagdas-yonelimler\/"},"modified":"2026-04-16T02:21:08","modified_gmt":"2026-04-15T23:21:08","slug":"egitim-yonetimi-alanin-temelleri-ve-cagdas-yonelimler","status":"publish","type":"product","link":"https:\/\/roveyayinevi.com.tr\/index.php\/urun\/egitim-yonetimi-alanin-temelleri-ve-cagdas-yonelimler\/","title":{"rendered":"E\u011fitim Y\u00f6netimi Alan\u0131n Temelleri Ve \u00c7a\u011fda\u015f Y\u00f6nelimler"},"content":{"rendered":"<p>Bu kitap \u00e7e\u015fitli nedenlerle yaz\u0131ld\u0131. Bu nedenlerden ilki, bir bilim dal\u0131 olarak e\u011fitim y\u00f6netiminin amac\u0131n\u0131, s\u0131n\u0131r\u0131n\u0131 ve i\u00e7eri\u011fini anlatan T\u00fcrk\u00e7e yaz\u0131lm\u0131\u015f eser say\u0131s\u0131n\u0131n parmakla say\u0131labilecek kadar az olu\u015fudur. Mevcut eserler alan\u0131n T\u00fcrkiye\u2019de yerle\u015fmesine ink\u00e2r edilemez katk\u0131 sa\u011flam\u0131\u015flard\u0131r. Bununla birlikte e\u011fitim y\u00f6netiminin T\u00fcrkiye\u2019de k\u00f6kle\u015fmesi i\u00e7in alan\u0131n neli\u011fini sorunsalla\u015ft\u0131ran ve farkl\u0131 yazarlarca kaleme al\u0131nm\u0131\u015f ilave \u00e7al\u0131\u015fmalara ihtiya\u00e7 oldu\u011fu d\u00fc\u015f\u00fcn\u00fclmektedir. Bir di\u011fer \u00f6nemli \u00e7\u0131k\u0131\u015f noktas\u0131 ise yazar\u0131n e\u011fitim y\u00f6netimini kendi zihninde bir yere yerle\u015ftirme konusunda ya\u015fad\u0131\u011f\u0131 i\u00e7 gerilimdir. Bu gerilimin doktora yeterlik ve do\u00e7entlik s\u0131navlar\u0131na haz\u0131rlanan doktor ve do\u00e7ent adaylar\u0131n\u0131n da ortak sorunu oldu\u011fu d\u00fc\u015f\u00fcn\u00fclmektedir. E\u011fitim y\u00f6netimi, sosyal bilimlerin farkl\u0131 disiplinlerinin kav\u015fak noktas\u0131ndad\u0131r. Bu nedenle e\u011fitim y\u00f6netimi geni\u015f bir bilgi temeline sahip ve tam da bu nedenle \u00fczerinde kapsaml\u0131 ve derin bir okuma gerektiren bir disiplindir. Bu durum alandaki bilim insanlar\u0131n\u0131 ve \u00f6\u011frencileri bir hayli zorlamaktad\u0131r. Bu ba\u011flamda bu \u00e7al\u0131\u015fma, kitab\u0131n yazar\u0131 da d\u00e2hil olmak \u00fczere e\u011fitim y\u00f6netimi \u00f6\u011frencilerinin zihinlerindeki \u201cE\u011fitim y\u00f6netimi nedir?\u201d sorusuna bir nebze yan\u0131t bulabilmek amac\u0131yla kaleme al\u0131nm\u0131\u015ft\u0131r. <\/p>\n","protected":false},"excerpt":{"rendered":"<p>Bu kitap \u00e7e\u015fitli nedenlerle yaz\u0131ld\u0131. Bu nedenlerden ilki, bir bilim dal\u0131 olarak e\u011fitim y\u00f6netiminin amac\u0131n\u0131, s\u0131n\u0131r\u0131n\u0131 ve i\u00e7eri\u011fini anlatan T\u00fcrk\u00e7e yaz\u0131lm\u0131\u015f eser say\u0131s\u0131n\u0131n parmakla say\u0131labilecek kadar<span class=\"excerpt-hellip\"> [\u2026]<\/span><\/p>\n","protected":false},"featured_media":0,"template":"","meta":{"_monsterinsights_skip_tracking":false,"_monsterinsights_sitenote_active":false,"_monsterinsights_sitenote_note":"","_monsterinsights_sitenote_category":0},"product_brand":[],"product_cat":[12573,12566],"product_tag":[],"class_list":{"0":"post-712835","1":"product","2":"type-product","3":"status-publish","5":"product_cat-akademik-kitaplar","6":"product_cat-egitim","7":"pa_cilt-ciltsiz","8":"pa_tur-kitap","9":"pa_yayinevi-ani-yayincilik","10":"pa_yazar-murat-ozdemir","12":"first","13":"instock","14":"sale","15":"shipping-taxable","16":"purchasable","17":"product-type-simple"},"_links":{"self":[{"href":"https:\/\/roveyayinevi.com.tr\/index.php\/wp-json\/wp\/v2\/product\/712835","targetHints":{"allow":["GET"]}}],"collection":[{"href":"https:\/\/roveyayinevi.com.tr\/index.php\/wp-json\/wp\/v2\/product"}],"about":[{"href":"https:\/\/roveyayinevi.com.tr\/index.php\/wp-json\/wp\/v2\/types\/product"}],"wp:attachment":[{"href":"https:\/\/roveyayinevi.com.tr\/index.php\/wp-json\/wp\/v2\/media?parent=712835"}],"wp:term":[{"taxonomy":"product_brand","embeddable":true,"href":"https:\/\/roveyayinevi.com.tr\/index.php\/wp-json\/wp\/v2\/product_brand?post=712835"},{"taxonomy":"product_cat","embeddable":true,"href":"https:\/\/roveyayinevi.com.tr\/index.php\/wp-json\/wp\/v2\/product_cat?post=712835"},{"taxonomy":"product_tag","embeddable":true,"href":"https:\/\/roveyayinevi.com.tr\/index.php\/wp-json\/wp\/v2\/product_tag?post=712835"}],"curies":[{"name":"wp","href":"https:\/\/api.w.org\/{rel}","templated":true}]}}