{"id":712832,"date":"2025-08-27T17:00:06","date_gmt":"2025-08-27T14:00:06","guid":{"rendered":"https:\/\/roveyayinevi.com.tr\/index.php\/urun\/moderato-cantabile\/"},"modified":"2026-04-16T02:21:08","modified_gmt":"2026-04-15T23:21:08","slug":"moderato-cantabile","status":"publish","type":"product","link":"https:\/\/roveyayinevi.com.tr\/index.php\/urun\/moderato-cantabile\/","title":{"rendered":"Moderato Cantabile"},"content":{"rendered":"<p>Modern Frans\u0131z edebiyat\u0131n\u0131n en g\u00fc\u00e7l\u00fc kalemlerinden Marguerite Duras\u2019dan m\u00fczikal tarzda ritimlendirilmi\u015f, dolup bo\u015falan her \u015farap kadehinde kesintiye u\u011frayan k\u0131sa sahnelerin birbirine eklemlendi\u011fi, \u00f6l\u00e7\u00fcl\u00fc, minimal bir metin, k\u00fc\u00e7\u00fck bir ba\u015fyap\u0131t: Moderato Cantabile.Bir cinayet: Bir adam bir kafede sevgilisini \u00f6ld\u00fcr\u00fcr. Bir kar\u015f\u0131la\u015fma: Burjuva bir kad\u0131n yine ayn\u0131 kafede, kocas\u0131n\u0131n yan\u0131nda \u00e7al\u0131\u015fan, belli ki uzun s\u00fcredir pe\u015finde olan bir adamla tan\u0131\u015f\u0131r. Cinayetin nedeni \u00fczerine ba\u015flayan sohbet hayata, a\u015fka ve \u00f6l\u00fcme dair s\u00f6ylenmi\u015flerle s\u00f6ylenmemi\u015fler, ya\u015fanm\u0131\u015flarla ya\u015fanmam\u0131\u015flar aras\u0131nda akar. Koyula\u015fan diyaloglar \u0131\u015f\u0131\u011f\u0131nda a\u00e7\u0131\u011fa kavu\u015fan\u0131n ya da gizemini koruyan\u0131n ne oldu\u011funu okura b\u0131rakan Duras, son derece etkileyici \u00fcslubuyla hayat\u0131n ta kendisini anlat\u0131r.Marguerite Duras\u2019ya yay\u0131nland\u0131\u011f\u0131 y\u0131l Goncourt \u00d6d\u00fcl\u00fc\u2019n\u00fc kazand\u0131ran, Peter Brook taraf\u0131ndan ayn\u0131 adla sinemaya da uyarlanan yap\u0131t, moderato cantabile ritminde, doru\u011fa ad\u0131m ad\u0131m yakla\u015fan, ta\u015fk\u0131n bir anlat\u0131. <\/p>\n","protected":false},"excerpt":{"rendered":"<p>Modern Frans\u0131z edebiyat\u0131n\u0131n en g\u00fc\u00e7l\u00fc kalemlerinden Marguerite Duras\u2019dan m\u00fczikal tarzda ritimlendirilmi\u015f, dolup bo\u015falan her \u015farap kadehinde kesintiye u\u011frayan k\u0131sa sahnelerin birbirine eklemlendi\u011fi, \u00f6l\u00e7\u00fcl\u00fc, minimal bir metin,<span class=\"excerpt-hellip\"> [\u2026]<\/span><\/p>\n","protected":false},"featured_media":0,"template":"","meta":{"_monsterinsights_skip_tracking":false,"_monsterinsights_sitenote_active":false,"_monsterinsights_sitenote_note":"","_monsterinsights_sitenote_category":0},"product_brand":[],"product_cat":[12291,12711],"product_tag":[],"class_list":{"0":"post-712832","1":"product","2":"type-product","3":"status-publish","5":"product_cat-edebiyat","6":"product_cat-roman-oyku","7":"pa_cilt-ciltsiz","8":"pa_tur-kitap","9":"pa_yayinevi-sel-yayincilik","10":"pa_yazar-marguerite-duras","12":"first","13":"instock","14":"sale","15":"shipping-taxable","16":"purchasable","17":"product-type-simple"},"_links":{"self":[{"href":"https:\/\/roveyayinevi.com.tr\/index.php\/wp-json\/wp\/v2\/product\/712832","targetHints":{"allow":["GET"]}}],"collection":[{"href":"https:\/\/roveyayinevi.com.tr\/index.php\/wp-json\/wp\/v2\/product"}],"about":[{"href":"https:\/\/roveyayinevi.com.tr\/index.php\/wp-json\/wp\/v2\/types\/product"}],"wp:attachment":[{"href":"https:\/\/roveyayinevi.com.tr\/index.php\/wp-json\/wp\/v2\/media?parent=712832"}],"wp:term":[{"taxonomy":"product_brand","embeddable":true,"href":"https:\/\/roveyayinevi.com.tr\/index.php\/wp-json\/wp\/v2\/product_brand?post=712832"},{"taxonomy":"product_cat","embeddable":true,"href":"https:\/\/roveyayinevi.com.tr\/index.php\/wp-json\/wp\/v2\/product_cat?post=712832"},{"taxonomy":"product_tag","embeddable":true,"href":"https:\/\/roveyayinevi.com.tr\/index.php\/wp-json\/wp\/v2\/product_tag?post=712832"}],"curies":[{"name":"wp","href":"https:\/\/api.w.org\/{rel}","templated":true}]}}