{"id":712831,"date":"2025-08-27T17:00:05","date_gmt":"2025-08-27T14:00:05","guid":{"rendered":"https:\/\/roveyayinevi.com.tr\/index.php\/urun\/aysel-bir-ataturk-kizinin-hikayesi\/"},"modified":"2026-04-16T02:21:08","modified_gmt":"2026-04-15T23:21:08","slug":"aysel-bir-ataturk-kizinin-hikayesi","status":"publish","type":"product","link":"https:\/\/roveyayinevi.com.tr\/index.php\/urun\/aysel-bir-ataturk-kizinin-hikayesi\/","title":{"rendered":"Aysel &#8211; Bir Atat\u00fcrk K\u0131z\u0131n\u0131n Hikayesi"},"content":{"rendered":"<p>\u201cAysel hayat\u0131n\u0131, \u00e7ok iyi bir biliminsan\u0131, \u00e7ok iyi bir e\u015f, \u00e7ok iyi bir insan, \u00e7ok iyi bir anne olmaya verdi\u011fi kadar, belki de hepsinden \u00e7ok, \u2018laik cumhuriyeti korumaya\u2019 verdi.   Bu kitap, ad\u0131n\u0131 onun 1980\u2019li y\u0131llardan sa\u011fl\u0131\u011f\u0131n\u0131n elverdi\u011fi son g\u00fcne kadar yapt\u0131\u011f\u0131 hizmet ve m\u00fccadelelerden ald\u0131. Ama o bunlar\u0131 yaparken ne vitrinlere oynad\u0131 ne de yapt\u0131klar\u0131n\u0131 gereksiz yere b\u00fcy\u00fctt\u00fc. O bir isimsiz kahramand\u0131. O kadar ki \u2018\u00c7a\u011fda\u015f Ya\u015fam\u0131 Destekleme Derne\u011fi\u2019ni kim kurdu, kurucu ba\u015fkan\u0131 kimdi?\u2019 diye soran olsa Aysel Ek\u015fi\u2019nin ismini an\u0131msayan herhalde \u00e7ok az ki\u015fi \u00e7\u0131kar.\u201d Oktay Ek\u015fi  \u201cPeki neler yapt\u0131 da \u2018Atat\u00fcrk&#8217;\u00fcn k\u0131z\u0131\u2019 oldu?\u201d sorusunun yan\u0131t\u0131n\u0131 bu kitapta bulacaks\u0131n\u0131z. <\/p>\n","protected":false},"excerpt":{"rendered":"<p>\u201cAysel hayat\u0131n\u0131, \u00e7ok iyi bir biliminsan\u0131, \u00e7ok iyi bir e\u015f, \u00e7ok iyi bir insan, \u00e7ok iyi bir anne olmaya verdi\u011fi kadar, belki de hepsinden \u00e7ok, \u2018laik<span class=\"excerpt-hellip\"> [\u2026]<\/span><\/p>\n","protected":false},"featured_media":0,"template":"","meta":{"_monsterinsights_skip_tracking":false,"_monsterinsights_sitenote_active":false,"_monsterinsights_sitenote_note":"","_monsterinsights_sitenote_category":0},"product_brand":[],"product_cat":[13701,12291],"product_tag":[],"class_list":{"0":"post-712831","1":"product","2":"type-product","3":"status-publish","5":"product_cat-ani-mektup-gunluk","6":"product_cat-edebiyat","7":"pa_cilt-ciltsiz","8":"pa_tur-kitap","9":"pa_yayinevi-kaynak-yayinlari","10":"pa_yazar-oktay-eksi","12":"first","13":"instock","14":"sale","15":"shipping-taxable","16":"purchasable","17":"product-type-simple"},"_links":{"self":[{"href":"https:\/\/roveyayinevi.com.tr\/index.php\/wp-json\/wp\/v2\/product\/712831","targetHints":{"allow":["GET"]}}],"collection":[{"href":"https:\/\/roveyayinevi.com.tr\/index.php\/wp-json\/wp\/v2\/product"}],"about":[{"href":"https:\/\/roveyayinevi.com.tr\/index.php\/wp-json\/wp\/v2\/types\/product"}],"wp:attachment":[{"href":"https:\/\/roveyayinevi.com.tr\/index.php\/wp-json\/wp\/v2\/media?parent=712831"}],"wp:term":[{"taxonomy":"product_brand","embeddable":true,"href":"https:\/\/roveyayinevi.com.tr\/index.php\/wp-json\/wp\/v2\/product_brand?post=712831"},{"taxonomy":"product_cat","embeddable":true,"href":"https:\/\/roveyayinevi.com.tr\/index.php\/wp-json\/wp\/v2\/product_cat?post=712831"},{"taxonomy":"product_tag","embeddable":true,"href":"https:\/\/roveyayinevi.com.tr\/index.php\/wp-json\/wp\/v2\/product_tag?post=712831"}],"curies":[{"name":"wp","href":"https:\/\/api.w.org\/{rel}","templated":true}]}}