{"id":712827,"date":"2025-08-27T17:00:03","date_gmt":"2025-08-27T14:00:03","guid":{"rendered":"https:\/\/roveyayinevi.com.tr\/index.php\/urun\/kaza-sozleri-ve-oteki-metinler-888-nusha\/"},"modified":"2026-04-16T02:21:08","modified_gmt":"2026-04-15T23:21:08","slug":"kaza-sozleri-ve-oteki-metinler-888-nusha","status":"publish","type":"product","link":"https:\/\/roveyayinevi.com.tr\/index.php\/urun\/kaza-sozleri-ve-oteki-metinler-888-nusha\/","title":{"rendered":"Kaza S\u00f6zleri ve \u00d6teki Metinler &#8211; 888 N\u00fcsha"},"content":{"rendered":"<p>\u015eiir? Bir ihtimal. Aforizma? Belki! Yaz\u0131 u\u00e7lar\u0131? Kim bilir&#8230; En \u00e7ok \u201cm\u00fcspet\u201d bir kaz\u00e2\u2019dan arta kalan \u201ck\u0131rp\u0131nt\u0131 metinler\u201d. <\/p>\n","protected":false},"excerpt":{"rendered":"<p>\u015eiir? Bir ihtimal. Aforizma? Belki! Yaz\u0131 u\u00e7lar\u0131? Kim bilir&#8230; En \u00e7ok \u201cm\u00fcspet\u201d bir kaz\u00e2\u2019dan arta kalan \u201ck\u0131rp\u0131nt\u0131 metinler\u201d.<\/p>\n","protected":false},"featured_media":0,"template":"","meta":{"_monsterinsights_skip_tracking":false,"_monsterinsights_sitenote_active":false,"_monsterinsights_sitenote_note":"","_monsterinsights_sitenote_category":0},"product_brand":[],"product_cat":[12777,12291],"product_tag":[],"class_list":{"0":"post-712827","1":"product","2":"type-product","3":"status-publish","5":"product_cat-deneme","6":"product_cat-edebiyat","7":"pa_cilt-ciltsiz","8":"pa_tur-kitap","9":"pa_yayinevi-kirmizi-kedi-yayinevi","10":"pa_yazar-ferit-edgu","12":"first","13":"instock","14":"sale","15":"shipping-taxable","16":"purchasable","17":"product-type-simple"},"_links":{"self":[{"href":"https:\/\/roveyayinevi.com.tr\/index.php\/wp-json\/wp\/v2\/product\/712827","targetHints":{"allow":["GET"]}}],"collection":[{"href":"https:\/\/roveyayinevi.com.tr\/index.php\/wp-json\/wp\/v2\/product"}],"about":[{"href":"https:\/\/roveyayinevi.com.tr\/index.php\/wp-json\/wp\/v2\/types\/product"}],"wp:attachment":[{"href":"https:\/\/roveyayinevi.com.tr\/index.php\/wp-json\/wp\/v2\/media?parent=712827"}],"wp:term":[{"taxonomy":"product_brand","embeddable":true,"href":"https:\/\/roveyayinevi.com.tr\/index.php\/wp-json\/wp\/v2\/product_brand?post=712827"},{"taxonomy":"product_cat","embeddable":true,"href":"https:\/\/roveyayinevi.com.tr\/index.php\/wp-json\/wp\/v2\/product_cat?post=712827"},{"taxonomy":"product_tag","embeddable":true,"href":"https:\/\/roveyayinevi.com.tr\/index.php\/wp-json\/wp\/v2\/product_tag?post=712827"}],"curies":[{"name":"wp","href":"https:\/\/api.w.org\/{rel}","templated":true}]}}