{"id":712824,"date":"2025-08-27T17:00:01","date_gmt":"2025-08-27T14:00:01","guid":{"rendered":"https:\/\/roveyayinevi.com.tr\/index.php\/urun\/utopyalar-politikayla-arzunun-kesistigi-yer\/"},"modified":"2026-04-16T02:21:08","modified_gmt":"2026-04-15T23:21:08","slug":"utopyalar-politikayla-arzunun-kesistigi-yer","status":"publish","type":"product","link":"https:\/\/roveyayinevi.com.tr\/index.php\/urun\/utopyalar-politikayla-arzunun-kesistigi-yer\/","title":{"rendered":"\u00dctopyalar Politikayla Arzunun Kesi\u015fti\u011fi Yer"},"content":{"rendered":"<p>\u201c\u00dctopyalar, b\u00fcy\u00fck \u00f6l\u00e7\u00fcde i\u00e7inde ya\u015fad\u0131\u011f\u0131 ko\u015fullardan ho\u015fnut olmayan \u015fimdiki zaman mutsuzlar\u0131 i\u00e7indir. Ve her \u00e7a\u011f kendi \u015fimdiki zaman mutsuzlar\u0131n\u0131 yarat\u0131r.\u201d &#8211; Murathan Mungan\u201c\u00dctopya dedi\u011fimiz, her ko\u015fulda \u00f6nce bir k\u00f6t\u00fcn\u00fcn tespiti ile ba\u015flar ve bu k\u00f6t\u00fcn\u00fcn ilgas\u0131 i\u00e7in iyinin ne oldu\u011fu sorusunu sorarak devam eder. Yani k\u00f6t\u00fcn\u00fcn ne oldu\u011funa dair bir tarifin olmad\u0131\u011f\u0131, iyinin ne oldu\u011funa ili\u015fkin bir tasavvurun olmad\u0131\u011f\u0131 bir \u015fey, \u00fctopya de\u011fildir.\u201d &#8211; Nilg\u00fcn Toker\u0130\u015fyeri\u201d gibi maddi ve so\u011fuk bir evrenden, t\u00fcrl\u00fc duygular\u0131m\u0131za, cinsiyet kimli\u011fiyle ilgili tahayy\u00fcllere, siborglara kadar uzanarak, g\u00fcndelik hayatta, politikada, felsefede, edebiyatta, sinemada \u00fctopyan\u0131n rotalar\u0131nda gezen yaz\u0131lar&#8230; \u00dctopyalardan daha fazla konu\u015fulduklar\u0131 bir zamanda, distopyalar\u0131 ve onlar\u0131n \u00fctopyalarla ba\u011f\u0131n\u0131 da ihmal etmeden&#8230; \u00dctopyay\u0131, g\u00fcnl\u00fck dilde \u00e7a\u011fr\u0131\u015ft\u0131rd\u0131\u011f\u0131 soyut, naif, imkans\u0131z yerden (\u201colmayan yer\u201d!), d\u00fcnyaya, hayata, aram\u0131za indirmeye \u00e7al\u0131\u015fan kitap, bu bak\u0131\u015f\u0131n ya\u015fatt\u0131\u011f\u0131 bir heyecan\u0131, merak\u0131, hevesi ta\u015f\u0131yor. <\/p>\n","protected":false},"excerpt":{"rendered":"<p>\u201c\u00dctopyalar, b\u00fcy\u00fck \u00f6l\u00e7\u00fcde i\u00e7inde ya\u015fad\u0131\u011f\u0131 ko\u015fullardan ho\u015fnut olmayan \u015fimdiki zaman mutsuzlar\u0131 i\u00e7indir. Ve her \u00e7a\u011f kendi \u015fimdiki zaman mutsuzlar\u0131n\u0131 yarat\u0131r.\u201d &#8211; Murathan Mungan\u201c\u00dctopya dedi\u011fimiz, her ko\u015fulda<span class=\"excerpt-hellip\"> [\u2026]<\/span><\/p>\n","protected":false},"featured_media":0,"template":"","meta":{"_monsterinsights_skip_tracking":false,"_monsterinsights_sitenote_active":false,"_monsterinsights_sitenote_note":"","_monsterinsights_sitenote_category":0},"product_brand":[],"product_cat":[13590,12337],"product_tag":[],"class_list":{"0":"post-712824","1":"product","2":"type-product","3":"status-publish","5":"product_cat-arastirma-inceleme-politika-siyaset","6":"product_cat-politika-siyaset","7":"pa_cilt-ciltsiz","8":"pa_tur-kitap","9":"pa_yayinevi-iletisim-yayinlari","10":"pa_yazar-kollektif","12":"first","13":"instock","14":"sale","15":"shipping-taxable","16":"purchasable","17":"product-type-simple"},"_links":{"self":[{"href":"https:\/\/roveyayinevi.com.tr\/index.php\/wp-json\/wp\/v2\/product\/712824","targetHints":{"allow":["GET"]}}],"collection":[{"href":"https:\/\/roveyayinevi.com.tr\/index.php\/wp-json\/wp\/v2\/product"}],"about":[{"href":"https:\/\/roveyayinevi.com.tr\/index.php\/wp-json\/wp\/v2\/types\/product"}],"wp:attachment":[{"href":"https:\/\/roveyayinevi.com.tr\/index.php\/wp-json\/wp\/v2\/media?parent=712824"}],"wp:term":[{"taxonomy":"product_brand","embeddable":true,"href":"https:\/\/roveyayinevi.com.tr\/index.php\/wp-json\/wp\/v2\/product_brand?post=712824"},{"taxonomy":"product_cat","embeddable":true,"href":"https:\/\/roveyayinevi.com.tr\/index.php\/wp-json\/wp\/v2\/product_cat?post=712824"},{"taxonomy":"product_tag","embeddable":true,"href":"https:\/\/roveyayinevi.com.tr\/index.php\/wp-json\/wp\/v2\/product_tag?post=712824"}],"curies":[{"name":"wp","href":"https:\/\/api.w.org\/{rel}","templated":true}]}}