{"id":712823,"date":"2025-08-27T17:00:01","date_gmt":"2025-08-27T14:00:01","guid":{"rendered":"https:\/\/roveyayinevi.com.tr\/index.php\/urun\/montesquieu-siyaset-ve-tarih\/"},"modified":"2026-04-16T02:21:08","modified_gmt":"2026-04-15T23:21:08","slug":"montesquieu-siyaset-ve-tarih","status":"publish","type":"product","link":"https:\/\/roveyayinevi.com.tr\/index.php\/urun\/montesquieu-siyaset-ve-tarih\/","title":{"rendered":"Montesquieu \u2013 Siyaset ve Tarih"},"content":{"rendered":"<p>\u201cMontesquieu\u2019y\u00fc Montesquieu yapan \u00f6zellik, ele ald\u0131\u011f\u0131 konuya duydu\u011fu merak de\u011fil, sahip oldu\u011fu zek\u00e2d\u0131r. Anlamaktan ba\u015fka bir \u015fey istemiyordu. Bu yolda g\u00f6sterdi\u011fi \u00e7abay\u0131 ve duydu\u011fu gururu a\u00e7\u0131\u011fa vuran baz\u0131 tasvirlere de sahibiz zaten. Montesquieu\u2019n\u00fcn g\u00fcncelerden, tarihlerden, derleme ve anlat\u0131lardan, metin ve belgelerden olu\u015fan u\u00e7suz bucaks\u0131z mirasa dalmas\u0131n\u0131n tek amac\u0131, bunlar\u0131n arkas\u0131nda yatan mant\u0131\u011f\u0131 kavramak, nedeni a\u00e7\u0131\u011fa \u00e7\u0131kartmakt\u0131\u2026 Bu y\u00fczden de Montesquieu\u2019de ke\u015ffeden bir insan\u0131n derin sevinci g\u00f6r\u00fcl\u00fcyordu. Bunu kendisi de biliyordu\u2026 Montesquieu, d\u00fc\u015f\u00fcncesinin daha d\u00fcnyaya gelir gelmez, kendini teslim al\u0131r almaz ve de meslek ya\u015fam\u0131n\u0131 olu\u015fturan otuz y\u0131ll\u0131k \u00e7al\u0131\u015fma s\u00fcresi boyunca, yeni bir d\u00fcnyan\u0131n kap\u0131s\u0131n\u0131 a\u00e7t\u0131\u011f\u0131n\u0131 gayet iyi hissetmektedir. Biz bu ke\u015ffe al\u0131\u015ft\u0131k. \u00d6yle ki, onun b\u00fcy\u00fckl\u00fc\u011f\u00fcn\u00fc \u00f6vd\u00fc\u011f\u00fcm\u00fczde, Montesquieu\u2019y\u00fc kendi k\u00fclt\u00fcr\u00fcm\u00fcz\u00fcn gereklerinden biri olarak saptamadan edemiyoruz; Montesquieu g\u00f6ky\u00fcz\u00fcne \u00e7ak\u0131l\u0131 bir y\u0131ld\u0131z gibidir; ne yaz\u0131k ki, kendisini \u00e7akt\u0131\u011f\u0131m\u0131z g\u00f6ky\u00fcz\u00fcn\u00fc bizlere a\u00e7abilmesi i\u00e7in nas\u0131l da y\u00fcrekli ve tutkulu olmas\u0131 gerekti\u011fini tam anlam\u0131yla kavrayam\u0131yoruz.\u201d Marksist kuram\u0131n en \u00f6zg\u00fcn isimlerinden Louis Althusser, bu kitapta Montesquieu\u2019n\u00fcn bir siyaset d\u00fc\u015f\u00fcn\u00fcr\u00fc olarak getirdi\u011fi yenilikleri ve \u00f6nemini, dahas\u0131 zaaflar\u0131n\u0131 incelikle yorumluyor. <\/p>\n","protected":false},"excerpt":{"rendered":"<p>\u201cMontesquieu\u2019y\u00fc Montesquieu yapan \u00f6zellik, ele ald\u0131\u011f\u0131 konuya duydu\u011fu merak de\u011fil, sahip oldu\u011fu zek\u00e2d\u0131r. Anlamaktan ba\u015fka bir \u015fey istemiyordu. Bu yolda g\u00f6sterdi\u011fi \u00e7abay\u0131 ve duydu\u011fu gururu a\u00e7\u0131\u011fa<span class=\"excerpt-hellip\"> [\u2026]<\/span><\/p>\n","protected":false},"featured_media":0,"template":"","meta":{"_monsterinsights_skip_tracking":false,"_monsterinsights_sitenote_active":false,"_monsterinsights_sitenote_note":"","_monsterinsights_sitenote_category":0},"product_brand":[],"product_cat":[13590,12337],"product_tag":[],"class_list":{"0":"post-712823","1":"product","2":"type-product","3":"status-publish","5":"product_cat-arastirma-inceleme-politika-siyaset","6":"product_cat-politika-siyaset","7":"pa_cilt-ciltsiz","8":"pa_tur-kitap","9":"pa_yayinevi-ithaki-yayinlari","10":"pa_yazar-louis-althusser","12":"first","13":"instock","14":"sale","15":"shipping-taxable","16":"purchasable","17":"product-type-simple"},"_links":{"self":[{"href":"https:\/\/roveyayinevi.com.tr\/index.php\/wp-json\/wp\/v2\/product\/712823","targetHints":{"allow":["GET"]}}],"collection":[{"href":"https:\/\/roveyayinevi.com.tr\/index.php\/wp-json\/wp\/v2\/product"}],"about":[{"href":"https:\/\/roveyayinevi.com.tr\/index.php\/wp-json\/wp\/v2\/types\/product"}],"wp:attachment":[{"href":"https:\/\/roveyayinevi.com.tr\/index.php\/wp-json\/wp\/v2\/media?parent=712823"}],"wp:term":[{"taxonomy":"product_brand","embeddable":true,"href":"https:\/\/roveyayinevi.com.tr\/index.php\/wp-json\/wp\/v2\/product_brand?post=712823"},{"taxonomy":"product_cat","embeddable":true,"href":"https:\/\/roveyayinevi.com.tr\/index.php\/wp-json\/wp\/v2\/product_cat?post=712823"},{"taxonomy":"product_tag","embeddable":true,"href":"https:\/\/roveyayinevi.com.tr\/index.php\/wp-json\/wp\/v2\/product_tag?post=712823"}],"curies":[{"name":"wp","href":"https:\/\/api.w.org\/{rel}","templated":true}]}}