{"id":712822,"date":"2025-08-27T17:00:00","date_gmt":"2025-08-27T14:00:00","guid":{"rendered":"https:\/\/roveyayinevi.com.tr\/index.php\/urun\/ritueller-yapi-ve-anti-yapi\/"},"modified":"2026-04-16T02:21:08","modified_gmt":"2026-04-15T23:21:08","slug":"ritueller-yapi-ve-anti-yapi","status":"publish","type":"product","link":"https:\/\/roveyayinevi.com.tr\/index.php\/urun\/ritueller-yapi-ve-anti-yapi\/","title":{"rendered":"Rit\u00fceller \u2013 Yap\u0131 ve Anti-Yap\u0131"},"content":{"rendered":"<p>Victor Turner\u2019\u0131n bir antropoloji klasi\u011fi haline gelen bu kitab\u0131 ba\u015fl\u0131ca iki k\u0131sma ayr\u0131l\u0131yor. Turner ilk k\u0131s\u0131mda, Afrika\u2019da Ndembu kabilesiyle ya\u015fayarak yapt\u0131\u011f\u0131 saha \u00e7al\u0131\u015fmalar\u0131n\u0131n verilerini okurlarla payla\u015f\u0131yor. Ndembular\u0131n rit\u00fcellerini tek ba\u015flar\u0131na ve kar\u015f\u0131la\u015ft\u0131rmal\u0131 olarak derinlemesine bir analize t\u00e2bi tutan yazar, ikinci k\u0131s\u0131mda gerek tarihsel gerek \u00e7a\u011fda\u015f olu\u015fum ve olgulardan \u00f6rneklerle \u201ckom\u00fcnitas\u201d kavram\u0131n\u0131 sorgulayarak yorumlar\u0131n\u0131n \u00e2deta sa\u011flamas\u0131n\u0131 yap\u0131yor. Fransisken Tarikat\u0131\u2019ndan Bengal\u2019deki dini gruplara ve Gandi\u2019ye kadar geni\u015f bir yelpazede okurlara yol g\u00f6steren Rit\u00fceller, L\u00e9vi-Strauss ve Mircea Eliade\u2019nin metinlerini takip edenlerin \u00f6zellikle ilgilenece\u011fi bir \u00e7al\u0131\u015fma. Victor W. Turner (1920-1983): Doktoras\u0131n\u0131 Manchester \u00dcniversitesi\u2019nde tamamlay\u0131p, Stanford \u00dcniversitesi\u2019nde g\u00f6rev yapm\u0131\u015ft\u0131r. Di\u011fer \u00f6nemli yap\u0131tlar\u0131 aras\u0131nda Dramas, Fields, and Metaphors; From Ritual to Theatre say\u0131labilir. <\/p>\n","protected":false},"excerpt":{"rendered":"<p>Victor Turner\u2019\u0131n bir antropoloji klasi\u011fi haline gelen bu kitab\u0131 ba\u015fl\u0131ca iki k\u0131sma ayr\u0131l\u0131yor. Turner ilk k\u0131s\u0131mda, Afrika\u2019da Ndembu kabilesiyle ya\u015fayarak yapt\u0131\u011f\u0131 saha \u00e7al\u0131\u015fmalar\u0131n\u0131n verilerini okurlarla payla\u015f\u0131yor.<span class=\"excerpt-hellip\"> [\u2026]<\/span><\/p>\n","protected":false},"featured_media":0,"template":"","meta":{"_monsterinsights_skip_tracking":false,"_monsterinsights_sitenote_active":false,"_monsterinsights_sitenote_note":"","_monsterinsights_sitenote_category":0},"product_brand":[],"product_cat":[15499,13488],"product_tag":[],"class_list":{"0":"post-712822","1":"product","2":"type-product","3":"status-publish","5":"product_cat-antropoloji","6":"product_cat-toplum-ve-insan","7":"pa_cilt-ciltsiz","8":"pa_tur-kitap","9":"pa_yayinevi-ithaki-yayinlari","10":"pa_yazar-victor-turner","12":"first","13":"instock","14":"sale","15":"shipping-taxable","16":"purchasable","17":"product-type-simple"},"_links":{"self":[{"href":"https:\/\/roveyayinevi.com.tr\/index.php\/wp-json\/wp\/v2\/product\/712822","targetHints":{"allow":["GET"]}}],"collection":[{"href":"https:\/\/roveyayinevi.com.tr\/index.php\/wp-json\/wp\/v2\/product"}],"about":[{"href":"https:\/\/roveyayinevi.com.tr\/index.php\/wp-json\/wp\/v2\/types\/product"}],"wp:attachment":[{"href":"https:\/\/roveyayinevi.com.tr\/index.php\/wp-json\/wp\/v2\/media?parent=712822"}],"wp:term":[{"taxonomy":"product_brand","embeddable":true,"href":"https:\/\/roveyayinevi.com.tr\/index.php\/wp-json\/wp\/v2\/product_brand?post=712822"},{"taxonomy":"product_cat","embeddable":true,"href":"https:\/\/roveyayinevi.com.tr\/index.php\/wp-json\/wp\/v2\/product_cat?post=712822"},{"taxonomy":"product_tag","embeddable":true,"href":"https:\/\/roveyayinevi.com.tr\/index.php\/wp-json\/wp\/v2\/product_tag?post=712822"}],"curies":[{"name":"wp","href":"https:\/\/api.w.org\/{rel}","templated":true}]}}