{"id":712821,"date":"2025-08-27T17:00:00","date_gmt":"2025-08-27T14:00:00","guid":{"rendered":"https:\/\/roveyayinevi.com.tr\/index.php\/urun\/dunyanin-kiyisinda-dans\/"},"modified":"2025-09-22T11:05:54","modified_gmt":"2025-09-22T08:05:54","slug":"dunyanin-kiyisinda-dans","status":"publish","type":"product","link":"https:\/\/roveyayinevi.com.tr\/index.php\/urun\/dunyanin-kiyisinda-dans\/","title":{"rendered":"D\u00fcnyan\u0131n K\u0131y\u0131s\u0131nda Dans"},"content":{"rendered":"<p>\u201cBas\u0131lan kitaplar\u0131n fikirlerini hic\u0327bir zaman deg\u0306is\u0327tirmemek gibi bir s\u0131k\u0131nt\u0131lar\u0131 var,\u201d diyor Le Guin, D\u00fcnyan\u0131n K\u0131y\u0131s\u0131nda Dans\u2019\u0131n \u00f6ns\u00f6z\u00fcnde ve \u201cfeminizm, edebiyat, seyahat ve sosyal sorumluluk\u201d ba\u015fl\u0131klar\u0131 alt\u0131nda toplad\u0131\u011f\u0131 elli metninde modern edebiyattan menopoza, \u00fctopya d\u00fc\u015f\u00fcncesinden rodeoya, aile planlamas\u0131ndan sans\u00fcre, J.R.R. Tolkien\u2019den Italo Calvino\u2019ya kadar \u00e7e\u015fitli fikirlerini g\u00fc\u00e7l\u00fc, k\u0131vrak ve oyunbaz \u00fcslubuyla bir araya getiriyor. Kelimelerin kadim b\u00fcy\u00fcc\u00fcs\u00fc Le Guin 1976-1988 aras\u0131nda yazd\u0131klar\u0131yla, onlarca sene sonra dahi g\u00fcn\u00fcm\u00fcz\u00fc do\u011frudan etkilemeye devam ediyor\u2026 \u201c\u2026ister sanat, ister bilim, ister teknoloji, ister s\u0327irket yo\u0308netimi, ister yatag\u0306\u0131n alt\u0131n\u0131 su\u0308pu\u0308rmek olsun, neye yeteneg\u0306iniz varsa onu yapman\u0131z\u0131; size s\u0131rf bir kad\u0131n yapt\u0131g\u0306\u0131 ic\u0327in bunun ikinci s\u0131n\u0131f bir is\u0327 oldug\u0306unu so\u0308ylediklerinde cehenneme kadar yollar\u0131n\u0131n oldug\u0306u yan\u0131t\u0131n\u0131 vermenizi ve es\u0327it is\u0327e es\u0327it u\u0308cret kazanman\u0131z\u0131 umuyorum. Hu\u0308kmetme ve hu\u0308kmedilme ihtiyac\u0131 duymadan yas\u0327aman\u0131z\u0131 umuyorum. Hic\u0327bir zaman kurban olmaman\u0131z\u0131 umuyorum ama bas\u0327kalar\u0131 u\u0308zerinde erk sahibi olmaman\u0131z\u0131 da umuyorum. Bas\u0327ar\u0131s\u0131z oldug\u0306unuzda, yenildig\u0306inizde, ac\u0131 c\u0327ektig\u0306inizde, karanl\u0131kta kald\u0131g\u0306\u0131n\u0131zda karanl\u0131g\u0306\u0131n sizin yurdunuz, hic\u0327bir savas\u0327\u0131n olmad\u0131g\u0306\u0131 ve hic\u0327bir savas\u0327\u0131n kazan\u0131lmad\u0131g\u0306\u0131 ama geleceg\u0306in oldug\u0306u, yas\u0327ad\u0131g\u0306\u0131n\u0131z yer oldug\u0306unu hat\u0131rlaman\u0131z\u0131 umuyorum\u2026\u201d <\/p>\n","protected":false},"excerpt":{"rendered":"<p>\u201cBas\u0131lan kitaplar\u0131n fikirlerini hic\u0327bir zaman deg\u0306is\u0327tirmemek gibi bir s\u0131k\u0131nt\u0131lar\u0131 var,\u201d diyor Le Guin, D\u00fcnyan\u0131n K\u0131y\u0131s\u0131nda Dans\u2019\u0131n \u00f6ns\u00f6z\u00fcnde ve \u201cfeminizm, edebiyat, seyahat ve sosyal sorumluluk\u201d ba\u015fl\u0131klar\u0131 alt\u0131nda<span class=\"excerpt-hellip\"> [\u2026]<\/span><\/p>\n","protected":false},"featured_media":0,"template":"","meta":{"_monsterinsights_skip_tracking":false,"_monsterinsights_sitenote_active":false,"_monsterinsights_sitenote_note":"","_monsterinsights_sitenote_category":0},"product_brand":[],"product_cat":[13072,12291],"product_tag":[],"class_list":{"0":"post-712821","1":"product","2":"type-product","3":"status-publish","5":"product_cat-arastirma-inceleme-referans","6":"product_cat-edebiyat","7":"pa_cilt-ciltsiz","8":"pa_tur-kitap","9":"pa_yayinevi-ithaki-yayinlari","10":"pa_yazar-ursula-k-le-guin","12":"first","13":"instock","14":"sale","15":"shipping-taxable","16":"purchasable","17":"product-type-simple"},"_links":{"self":[{"href":"https:\/\/roveyayinevi.com.tr\/index.php\/wp-json\/wp\/v2\/product\/712821","targetHints":{"allow":["GET"]}}],"collection":[{"href":"https:\/\/roveyayinevi.com.tr\/index.php\/wp-json\/wp\/v2\/product"}],"about":[{"href":"https:\/\/roveyayinevi.com.tr\/index.php\/wp-json\/wp\/v2\/types\/product"}],"wp:attachment":[{"href":"https:\/\/roveyayinevi.com.tr\/index.php\/wp-json\/wp\/v2\/media?parent=712821"}],"wp:term":[{"taxonomy":"product_brand","embeddable":true,"href":"https:\/\/roveyayinevi.com.tr\/index.php\/wp-json\/wp\/v2\/product_brand?post=712821"},{"taxonomy":"product_cat","embeddable":true,"href":"https:\/\/roveyayinevi.com.tr\/index.php\/wp-json\/wp\/v2\/product_cat?post=712821"},{"taxonomy":"product_tag","embeddable":true,"href":"https:\/\/roveyayinevi.com.tr\/index.php\/wp-json\/wp\/v2\/product_tag?post=712821"}],"curies":[{"name":"wp","href":"https:\/\/api.w.org\/{rel}","templated":true}]}}