{"id":712820,"date":"2025-08-27T16:59:59","date_gmt":"2025-08-27T13:59:59","guid":{"rendered":"https:\/\/roveyayinevi.com.tr\/index.php\/urun\/bir-yazar-nasil-okunur-cagdas-dunya-edebiyatindan-yazarlarla-soylesiler\/"},"modified":"2026-04-16T02:21:08","modified_gmt":"2026-04-15T23:21:08","slug":"bir-yazar-nasil-okunur-cagdas-dunya-edebiyatindan-yazarlarla-soylesiler","status":"publish","type":"product","link":"https:\/\/roveyayinevi.com.tr\/index.php\/urun\/bir-yazar-nasil-okunur-cagdas-dunya-edebiyatindan-yazarlarla-soylesiler\/","title":{"rendered":"Bir Yazar Nas\u0131l Okunur? \u00c7a\u011fda\u015f D\u00fcnya Edebiyat\u0131ndan Yazarlarla S\u00f6yle\u015filer"},"content":{"rendered":"<p>Hep kitap\u2019\u0131n yazmay\u0131 ve okumay\u0131 hayat\u0131n\u0131n merkezine yerle\u015ftirenlere yol arkada\u015fl\u0131\u011f\u0131 yapmay\u0131 hedefleyen \u201cAt\u00f6lye\u201d serisinden; okudu\u011fu kitab\u0131n her detay\u0131n\u0131 \u00f6z\u00fcmsemek isteyenlere rehber niteli\u011finde bir kitap: Bir Yazar Nas\u0131l Okunur?: \u00c7a\u011fda\u015f D\u00fcnya Edebiyat\u0131ndan Yazarlarla S\u00f6yle\u015filer!D\u00fcnya \u00e7ap\u0131nda iki y\u00fczden fazla dergi ve gazetede kitap ele\u015ftirileri yay\u0131mlanan John Freeman, ne zaman yeni bir kitap \u00e7\u0131ksa elinde kay\u0131t cihaz\u0131 ve not defteriyle yazar\u0131n yan\u0131nda belirmesiyle me\u015fhur bir ele\u015ftirmen. Bir Yazar Nas\u0131l Okunur? kitab\u0131nda da \u00e7a\u011fda\u015f d\u00fcnya edebiyat\u0131ndan elli be\u015f yazarla yapt\u0131\u011f\u0131 en iyi s\u00f6yle\u015filerini derleyip onlardan \u00f6\u011frendiklerini okurlarla payla\u015f\u0131yor.Doris Lessing, Haruki Murakami, Kazuo Ishiguro, Elif \u015eafak, Salman Rushdie, Mo Yan, Toni Morrison, John Updike, Jonathan Franzen, Paul Auster ve \u00e7ok daha fazlas\u0131. Hepsi John Freeman\u2019\u0131n sorular\u0131na cevap vererek, kitaplar\u0131n\u0131 anlatarak okura bir kap\u0131 aral\u0131yor asl\u0131nda. Kitaplar\u0131n\u0131n tahmin edilemez derinliklerine a\u00e7\u0131lan b\u00fcy\u00fcleyici bir kap\u0131. Haliyle Bir Yazar Nas\u0131l Okunur? da eline kitab\u0131n\u0131 al\u0131p bir k\u00f6\u015fede okuyarak kendine k\u00fc\u00e7\u00fck bir d\u00fcnya yaratmay\u0131 sevenlere, bu d\u00fcnyay\u0131 m\u00fcmk\u00fcn k\u0131lanlar hakk\u0131nda daha fazlas\u0131n\u0131 \u00f6\u011frenme f\u0131rsat\u0131 sunuyor! <\/p>\n","protected":false},"excerpt":{"rendered":"<p>Hep kitap\u2019\u0131n yazmay\u0131 ve okumay\u0131 hayat\u0131n\u0131n merkezine yerle\u015ftirenlere yol arkada\u015fl\u0131\u011f\u0131 yapmay\u0131 hedefleyen \u201cAt\u00f6lye\u201d serisinden; okudu\u011fu kitab\u0131n her detay\u0131n\u0131 \u00f6z\u00fcmsemek isteyenlere rehber niteli\u011finde bir kitap: Bir Yazar<span class=\"excerpt-hellip\"> [\u2026]<\/span><\/p>\n","protected":false},"featured_media":0,"template":"","meta":{"_monsterinsights_skip_tracking":false,"_monsterinsights_sitenote_active":false,"_monsterinsights_sitenote_note":"","_monsterinsights_sitenote_category":0},"product_brand":[],"product_cat":[12364,12826],"product_tag":[],"class_list":{"0":"post-712820","1":"product","2":"type-product","3":"status-publish","5":"product_cat-genel-konular","6":"product_cat-soylesi","7":"pa_cilt-ciltsiz","8":"pa_tur-kitap","9":"pa_yayinevi-hep-kitap","10":"pa_yazar-john-freeman","12":"first","13":"instock","14":"sale","15":"shipping-taxable","16":"purchasable","17":"product-type-simple"},"_links":{"self":[{"href":"https:\/\/roveyayinevi.com.tr\/index.php\/wp-json\/wp\/v2\/product\/712820","targetHints":{"allow":["GET"]}}],"collection":[{"href":"https:\/\/roveyayinevi.com.tr\/index.php\/wp-json\/wp\/v2\/product"}],"about":[{"href":"https:\/\/roveyayinevi.com.tr\/index.php\/wp-json\/wp\/v2\/types\/product"}],"wp:attachment":[{"href":"https:\/\/roveyayinevi.com.tr\/index.php\/wp-json\/wp\/v2\/media?parent=712820"}],"wp:term":[{"taxonomy":"product_brand","embeddable":true,"href":"https:\/\/roveyayinevi.com.tr\/index.php\/wp-json\/wp\/v2\/product_brand?post=712820"},{"taxonomy":"product_cat","embeddable":true,"href":"https:\/\/roveyayinevi.com.tr\/index.php\/wp-json\/wp\/v2\/product_cat?post=712820"},{"taxonomy":"product_tag","embeddable":true,"href":"https:\/\/roveyayinevi.com.tr\/index.php\/wp-json\/wp\/v2\/product_tag?post=712820"}],"curies":[{"name":"wp","href":"https:\/\/api.w.org\/{rel}","templated":true}]}}