{"id":712815,"date":"2025-08-27T16:59:56","date_gmt":"2025-08-27T13:59:56","guid":{"rendered":"https:\/\/roveyayinevi.com.tr\/index.php\/urun\/bir-film-nasil-izlenir\/"},"modified":"2026-04-16T02:21:08","modified_gmt":"2026-04-15T23:21:08","slug":"bir-film-nasil-izlenir","status":"publish","type":"product","link":"https:\/\/roveyayinevi.com.tr\/index.php\/urun\/bir-film-nasil-izlenir\/","title":{"rendered":"Bir Film Nas\u0131l \u0130zlenir?"},"content":{"rendered":"<p>\u201cZaman\u0131m\u0131z\u0131n en iyi film yazar\u0131.\u201d \u2013Michael Ondaatje &#8221;En canl\u0131, en edebi, \u00fcretken, provokatif ve c\u00fcretk\u00e2r film ele\u015ftirmeni.\u201d \u2013Philip French, Observer \u201cFilm ele\u015ftirmenli\u011fi konusunda kimse ondan daha bilgili, daha yetkin olamaz.\u201d \u2013Spectator   \u201cBu kitap Thomson\u2019un neden film ele\u015ftirisi alan\u0131nda en bilge ve en ba\u011f\u0131ms\u0131z ki\u015fi oldu\u011funu tekrar g\u00f6steriyor. Bir \u015fekilde her \u015feye yepyeni bir bak\u0131\u015f geli\u015ftirebiliyor.\u201d \u2013Leon Wieseltier \u201cHarika bir bi\u00e7imde bilgilendirici &#8230; filmler i\u00e7in yaz\u0131lm\u0131\u015f g\u00fczel bir \u015f\u00fckran \u015fark\u0131s\u0131.\u201d \u2013The Sunday Times \u201cBu akademik bir el kitab\u0131 ya da yeni ba\u015flyayanlar i\u00e7in giri\u015f kitab\u0131 de\u011fil. \u015eahane ve prokovatif bir zek\u00e2 i\u00e7in okuyun Thomson\u2019u.\u201d \u2013The Washington Post <\/p>\n","protected":false},"excerpt":{"rendered":"<p>\u201cZaman\u0131m\u0131z\u0131n en iyi film yazar\u0131.\u201d \u2013Michael Ondaatje &#8221;En canl\u0131, en edebi, \u00fcretken, provokatif ve c\u00fcretk\u00e2r film ele\u015ftirmeni.\u201d \u2013Philip French, Observer \u201cFilm ele\u015ftirmenli\u011fi konusunda kimse ondan daha<span class=\"excerpt-hellip\"> [\u2026]<\/span><\/p>\n","protected":false},"featured_media":0,"template":"","meta":{"_monsterinsights_skip_tracking":false,"_monsterinsights_sitenote_active":false,"_monsterinsights_sitenote_note":"","_monsterinsights_sitenote_category":0},"product_brand":[],"product_cat":[12409,12408],"product_tag":[],"class_list":{"0":"post-712815","1":"product","2":"type-product","3":"status-publish","5":"product_cat-fotograf-sinema-tiyatro","6":"product_cat-sanat","7":"pa_cilt-ciltsiz","8":"pa_tur-kitap","9":"pa_yayinevi-alfa-yayinlari","10":"pa_yazar-david-thomson","12":"first","13":"instock","14":"sale","15":"shipping-taxable","16":"purchasable","17":"product-type-simple"},"_links":{"self":[{"href":"https:\/\/roveyayinevi.com.tr\/index.php\/wp-json\/wp\/v2\/product\/712815","targetHints":{"allow":["GET"]}}],"collection":[{"href":"https:\/\/roveyayinevi.com.tr\/index.php\/wp-json\/wp\/v2\/product"}],"about":[{"href":"https:\/\/roveyayinevi.com.tr\/index.php\/wp-json\/wp\/v2\/types\/product"}],"wp:attachment":[{"href":"https:\/\/roveyayinevi.com.tr\/index.php\/wp-json\/wp\/v2\/media?parent=712815"}],"wp:term":[{"taxonomy":"product_brand","embeddable":true,"href":"https:\/\/roveyayinevi.com.tr\/index.php\/wp-json\/wp\/v2\/product_brand?post=712815"},{"taxonomy":"product_cat","embeddable":true,"href":"https:\/\/roveyayinevi.com.tr\/index.php\/wp-json\/wp\/v2\/product_cat?post=712815"},{"taxonomy":"product_tag","embeddable":true,"href":"https:\/\/roveyayinevi.com.tr\/index.php\/wp-json\/wp\/v2\/product_tag?post=712815"}],"curies":[{"name":"wp","href":"https:\/\/api.w.org\/{rel}","templated":true}]}}