{"id":712814,"date":"2025-08-27T16:59:56","date_gmt":"2025-08-27T13:59:56","guid":{"rendered":"https:\/\/roveyayinevi.com.tr\/index.php\/urun\/homerosu-yeniden-kesfetmek-destanin-kokenine-dair\/"},"modified":"2025-09-10T06:39:00","modified_gmt":"2025-09-10T03:39:00","slug":"homerosu-yeniden-kesfetmek-destanin-kokenine-dair","status":"publish","type":"product","link":"https:\/\/roveyayinevi.com.tr\/index.php\/urun\/homerosu-yeniden-kesfetmek-destanin-kokenine-dair\/","title":{"rendered":"Homeros&#8217;u Yeniden Ke\u015ffetmek Destan\u0131n K\u00f6kenine Dair"},"content":{"rendered":"<p>Her zaman, herkes taraf\u0131ndan okunacak kitaplar vard\u0131r. B\u00fct\u00fcn d\u00fcnyan\u0131n sorgusuz sualsiz temel eserler olarak g\u00f6rd\u00fc\u011f\u00fc, Homeros\u2019un \u0130lyada ve Odysseia adl\u0131 destanlar\u0131 bu kitaplar aras\u0131ndad\u0131r.  \u00d6te yandan, okurun her seferinde yeni bir \u015feyler ke\u015ffetti\u011fi ve bu nedenle hemen tutkuyla ba\u011fland\u0131\u011f\u0131 bu iki \u015faheser, her a\u00e7\u0131dan bir belirsizlik bulutu i\u00e7ine gizlenmi\u015f gibidir. Onlar hakk\u0131ndaki her \u015fey tart\u0131\u015fmal\u0131d\u0131r: Yap\u0131lar\u0131, ama\u00e7lar\u0131, ilk dinleyicileri ve sonraki aktar\u0131mlar\u0131\u2026  Dilbilimci Andrew Dalby i\u015fte bu en temel bilinmezden hareketle bu kitapta, \u0130lyada ve Odysseia\u2019n\u0131n ger\u00e7ek \u015fairinin pe\u015fine d\u00fc\u015f\u00fcyor. Titiz bir bilim insan\u0131ndan beklenen kapsaml\u0131 bir kaynak \u00e7al\u0131\u015fmas\u0131 \u00e7er\u00e7evesinde, her iki destanda da tezlerinin ge\u00e7erlili\u011fini ara\u015ft\u0131ran Dalby, yine ayn\u0131 titizlikle, olgular ile varsay\u0131mlar\u0131 ay\u0131rt etmeye ve tart\u0131\u015fmaya a\u00e7\u0131k noktalarda fazla \u0131srarc\u0131 olmamaya \u00e7aba g\u00f6steriyor ve okuru da, bu ke\u015fif yolculu\u011funa do\u011frudan dahil ediyor.  Homeros\u2019u Yeniden Ke\u015ffetmek, \u0130lyada ve Odysseia gibi iki muhte\u015fem destan\u0131n olu\u015fumuna ili\u015fkin son derece ilgi \u00e7ekici bilgiler veren ufuk a\u00e7\u0131c\u0131 bir eser. <\/p>\n","protected":false},"excerpt":{"rendered":"<p>Her zaman, herkes taraf\u0131ndan okunacak kitaplar vard\u0131r. B\u00fct\u00fcn d\u00fcnyan\u0131n sorgusuz sualsiz temel eserler olarak g\u00f6rd\u00fc\u011f\u00fc, Homeros\u2019un \u0130lyada ve Odysseia adl\u0131 destanlar\u0131 bu kitaplar aras\u0131ndad\u0131r. \u00d6te yandan,<span class=\"excerpt-hellip\"> [\u2026]<\/span><\/p>\n","protected":false},"featured_media":0,"template":"","meta":{"_monsterinsights_skip_tracking":false,"_monsterinsights_sitenote_active":false,"_monsterinsights_sitenote_note":"","_monsterinsights_sitenote_category":0},"product_brand":[],"product_cat":[52477,52478],"product_tag":[],"class_list":{"0":"post-712814","1":"product","2":"type-product","3":"status-publish","5":"product_cat-arastirma","6":"product_cat-arkeoloji","7":"pa_cilt-ciltsiz","8":"pa_tur-kitap","9":"pa_yayinevi-alfa-yayinlari","10":"pa_yazar-andrew-dalby","12":"first","13":"instock","14":"sale","15":"shipping-taxable","16":"purchasable","17":"product-type-simple"},"_links":{"self":[{"href":"https:\/\/roveyayinevi.com.tr\/index.php\/wp-json\/wp\/v2\/product\/712814","targetHints":{"allow":["GET"]}}],"collection":[{"href":"https:\/\/roveyayinevi.com.tr\/index.php\/wp-json\/wp\/v2\/product"}],"about":[{"href":"https:\/\/roveyayinevi.com.tr\/index.php\/wp-json\/wp\/v2\/types\/product"}],"wp:attachment":[{"href":"https:\/\/roveyayinevi.com.tr\/index.php\/wp-json\/wp\/v2\/media?parent=712814"}],"wp:term":[{"taxonomy":"product_brand","embeddable":true,"href":"https:\/\/roveyayinevi.com.tr\/index.php\/wp-json\/wp\/v2\/product_brand?post=712814"},{"taxonomy":"product_cat","embeddable":true,"href":"https:\/\/roveyayinevi.com.tr\/index.php\/wp-json\/wp\/v2\/product_cat?post=712814"},{"taxonomy":"product_tag","embeddable":true,"href":"https:\/\/roveyayinevi.com.tr\/index.php\/wp-json\/wp\/v2\/product_tag?post=712814"}],"curies":[{"name":"wp","href":"https:\/\/api.w.org\/{rel}","templated":true}]}}