{"id":712812,"date":"2025-08-27T16:59:55","date_gmt":"2025-08-27T13:59:55","guid":{"rendered":"https:\/\/roveyayinevi.com.tr\/index.php\/urun\/ask-bu-basari-ve-mutlugun-sirri-degerlerle-yasamak\/"},"modified":"2026-04-16T02:21:08","modified_gmt":"2026-04-15T23:21:08","slug":"ask-bu-basari-ve-mutlugun-sirri-degerlerle-yasamak","status":"publish","type":"product","link":"https:\/\/roveyayinevi.com.tr\/index.php\/urun\/ask-bu-basari-ve-mutlugun-sirri-degerlerle-yasamak\/","title":{"rendered":"A\u015fk Bu! Ba\u015far\u0131 ve Mutlu\u011fun S\u0131rr\u0131: De\u011ferlerle Ya\u015famak"},"content":{"rendered":"<p>\u0130nsan kendini sevdi mi sevilen bir insan olmamas\u0131 neredeyse imk\u00e2ns\u0131zd\u0131r.Kendini sevmek derken, narsistik boyutunda bir sevgiden s\u00f6z etmiyorum tabii! Anlatmak istedi\u011fim, daha bir kendinden memnun olma, potansiyelini bilme ve hayatta o potansiyel do\u011frultusunda yol alma, sa\u011f\u0131 solu su\u00e7lamak ya da onay almaya \u00e7al\u0131\u015fmak yerine kendini sorgulama, kendinden referans alma hali. B\u00f6yle insanlar genelde kendilerini severler ve mutlu olmaya daha yak\u0131nd\u0131rlar. Niye mi? \u00c7\u00fcnk\u00fc potansiyellerini bildiklerinden hayatta kendi kendilerini ger\u00e7ekle\u015ftirme imk\u00e2nlar\u0131 olur, manevi doygunlu\u011fa ula\u015f\u0131rlar, neleri yap\u0131p neleri yapamayacaklar\u0131n\u0131 bilirler; d\u0131\u015far\u0131dan onaylanmalar\u0131na gerek yoktur, \u00f6zg\u00fcvenleri sa\u011flam olur. Kendilerini seven insanlar, sevmeyi bildiklerinden kolayca ba\u015fkalar\u0131n\u0131 da sever ve sevgilerini g\u00f6stermekte g\u00fc\u00e7l\u00fck \u00e7ekmezler.Elma Yay\u0131nevi, Ataman \u00d6zbay\u2019\u0131n yeni kitab\u0131yla bulu\u015fuyor okuyucusuyla. Keyifli okumalar\u2026 <\/p>\n","protected":false},"excerpt":{"rendered":"<p>\u0130nsan kendini sevdi mi sevilen bir insan olmamas\u0131 neredeyse imk\u00e2ns\u0131zd\u0131r.Kendini sevmek derken, narsistik boyutunda bir sevgiden s\u00f6z etmiyorum tabii! Anlatmak istedi\u011fim, daha bir kendinden memnun olma,<span class=\"excerpt-hellip\"> [\u2026]<\/span><\/p>\n","protected":false},"featured_media":0,"template":"","meta":{"_monsterinsights_skip_tracking":false,"_monsterinsights_sitenote_active":false,"_monsterinsights_sitenote_note":"","_monsterinsights_sitenote_category":0},"product_brand":[],"product_cat":[12364,12376],"product_tag":[],"class_list":{"0":"post-712812","1":"product","2":"type-product","3":"status-publish","5":"product_cat-genel-konular","6":"product_cat-kisisel-gelisim","7":"pa_cilt-ciltsiz","8":"pa_tur-kitap","9":"pa_yayinevi-elma-yayinevi","10":"pa_yazar-ataman-ozbay","12":"first","13":"instock","14":"sale","15":"shipping-taxable","16":"purchasable","17":"product-type-simple"},"_links":{"self":[{"href":"https:\/\/roveyayinevi.com.tr\/index.php\/wp-json\/wp\/v2\/product\/712812","targetHints":{"allow":["GET"]}}],"collection":[{"href":"https:\/\/roveyayinevi.com.tr\/index.php\/wp-json\/wp\/v2\/product"}],"about":[{"href":"https:\/\/roveyayinevi.com.tr\/index.php\/wp-json\/wp\/v2\/types\/product"}],"wp:attachment":[{"href":"https:\/\/roveyayinevi.com.tr\/index.php\/wp-json\/wp\/v2\/media?parent=712812"}],"wp:term":[{"taxonomy":"product_brand","embeddable":true,"href":"https:\/\/roveyayinevi.com.tr\/index.php\/wp-json\/wp\/v2\/product_brand?post=712812"},{"taxonomy":"product_cat","embeddable":true,"href":"https:\/\/roveyayinevi.com.tr\/index.php\/wp-json\/wp\/v2\/product_cat?post=712812"},{"taxonomy":"product_tag","embeddable":true,"href":"https:\/\/roveyayinevi.com.tr\/index.php\/wp-json\/wp\/v2\/product_tag?post=712812"}],"curies":[{"name":"wp","href":"https:\/\/api.w.org\/{rel}","templated":true}]}}