{"id":712810,"date":"2025-08-27T16:59:54","date_gmt":"2025-08-27T13:59:54","guid":{"rendered":"https:\/\/roveyayinevi.com.tr\/index.php\/urun\/en-yesiller-kulubu\/"},"modified":"2026-04-16T02:21:08","modified_gmt":"2026-04-15T23:21:08","slug":"en-yesiller-kulubu","status":"publish","type":"product","link":"https:\/\/roveyayinevi.com.tr\/index.php\/urun\/en-yesiller-kulubu\/","title":{"rendered":"En Ye\u015filler Kul\u00fcb\u00fc"},"content":{"rendered":"<p>Okulu ve evi aras\u0131nda mekik dokuyan Feride\u2019nin hayat\u0131 alabildi\u011fine s\u0131k\u0131c\u0131d\u0131r. Buna bir son vermek i\u00e7in anneannesinin de deste\u011fini alarak En Ye\u015filler Kul\u00fcb\u00fc\u2019ne \u00fcye olur. Bu kul\u00fcp sayesinde g\u00fczel dostluklar kurar. Daha ya\u015fan\u0131l\u0131r bir d\u00fcnya yaratmak i\u00e7in elinden geldi\u011fince \u00e7abalar. Ailesine g\u00f6re gereksiz i\u015fler pe\u015finde ko\u015fan Feride hayat\u0131ndan gayet memnunken beklenmedik s\u00fcrprizlerle kar\u015f\u0131la\u015f\u0131r. Ya\u015fad\u0131klar\u0131n\u0131 ev ahalisinden saklayan Feride, acaba olanlar\u0131n \u00fcstesinden gelebilecek midir? <\/p>\n","protected":false},"excerpt":{"rendered":"<p>Okulu ve evi aras\u0131nda mekik dokuyan Feride\u2019nin hayat\u0131 alabildi\u011fine s\u0131k\u0131c\u0131d\u0131r. Buna bir son vermek i\u00e7in anneannesinin de deste\u011fini alarak En Ye\u015filler Kul\u00fcb\u00fc\u2019ne \u00fcye olur. Bu kul\u00fcp<span class=\"excerpt-hellip\"> [\u2026]<\/span><\/p>\n","protected":false},"featured_media":0,"template":"","meta":{"_monsterinsights_skip_tracking":false,"_monsterinsights_sitenote_active":false,"_monsterinsights_sitenote_note":"","_monsterinsights_sitenote_category":0},"product_brand":[],"product_cat":[12275,12274],"product_tag":[],"class_list":{"0":"post-712810","1":"product","2":"type-product","3":"status-publish","5":"product_cat-6-12-yas-kitaplari","6":"product_cat-cocuk-ve-genclik-kitaplari","7":"pa_cilt-ciltsiz","8":"pa_tur-kitap","9":"pa_yayinevi-altin-kitaplar-ozel-urun","10":"pa_yazar-nehir-yarar","12":"first","13":"instock","14":"sale","15":"shipping-taxable","16":"purchasable","17":"product-type-simple"},"_links":{"self":[{"href":"https:\/\/roveyayinevi.com.tr\/index.php\/wp-json\/wp\/v2\/product\/712810","targetHints":{"allow":["GET"]}}],"collection":[{"href":"https:\/\/roveyayinevi.com.tr\/index.php\/wp-json\/wp\/v2\/product"}],"about":[{"href":"https:\/\/roveyayinevi.com.tr\/index.php\/wp-json\/wp\/v2\/types\/product"}],"wp:attachment":[{"href":"https:\/\/roveyayinevi.com.tr\/index.php\/wp-json\/wp\/v2\/media?parent=712810"}],"wp:term":[{"taxonomy":"product_brand","embeddable":true,"href":"https:\/\/roveyayinevi.com.tr\/index.php\/wp-json\/wp\/v2\/product_brand?post=712810"},{"taxonomy":"product_cat","embeddable":true,"href":"https:\/\/roveyayinevi.com.tr\/index.php\/wp-json\/wp\/v2\/product_cat?post=712810"},{"taxonomy":"product_tag","embeddable":true,"href":"https:\/\/roveyayinevi.com.tr\/index.php\/wp-json\/wp\/v2\/product_tag?post=712810"}],"curies":[{"name":"wp","href":"https:\/\/api.w.org\/{rel}","templated":true}]}}