{"id":712809,"date":"2025-08-27T16:59:53","date_gmt":"2025-08-27T13:59:53","guid":{"rendered":"https:\/\/roveyayinevi.com.tr\/index.php\/urun\/yuregim-dort-mevsim-ask\/"},"modified":"2026-04-16T02:21:08","modified_gmt":"2026-04-15T23:21:08","slug":"yuregim-dort-mevsim-ask","status":"publish","type":"product","link":"https:\/\/roveyayinevi.com.tr\/index.php\/urun\/yuregim-dort-mevsim-ask\/","title":{"rendered":"Y\u00fcre\u011fim D\u00f6rt Mevsim A\u015fk"},"content":{"rendered":"<p>\u0130brahim&#8217;in ate\u015fi say yand\u0131\u011f\u0131m, Kuyu belledim g\u00f6zlerini i\u00e7indeki Yusuf&#8217;um&#8230; Bal\u0131\u011f\u0131n karn\u0131ndaki Yunus&#8217;um \u00e7\u0131kar beni yary\u00fcz\u00fcne G\u00f6zlerinde g\u00f6reyim d\u00fcnyay\u0131&#8230; S\u00f6zlerin anlatamad\u0131\u011f\u0131 yang\u0131n\u0131m, K\u00fcl&#8217;\u00fcm avu\u00e7lar\u0131nda Allah&#8217;a kul sana bende S\u00fcr mehrini mehrime, Sana \u015fair olay\u0131m sen bana \u015fiir\u2026 Ve Y\u00fcre\u011fim D\u00f6rt Mevsim A\u015fk&#8217; t\u0131r sana&#8230; <\/p>\n","protected":false},"excerpt":{"rendered":"<p>\u0130brahim&#8217;in ate\u015fi say yand\u0131\u011f\u0131m, Kuyu belledim g\u00f6zlerini i\u00e7indeki Yusuf&#8217;um&#8230; Bal\u0131\u011f\u0131n karn\u0131ndaki Yunus&#8217;um \u00e7\u0131kar beni yary\u00fcz\u00fcne G\u00f6zlerinde g\u00f6reyim d\u00fcnyay\u0131&#8230; S\u00f6zlerin anlatamad\u0131\u011f\u0131 yang\u0131n\u0131m, K\u00fcl&#8217;\u00fcm avu\u00e7lar\u0131nda Allah&#8217;a kul sana<span class=\"excerpt-hellip\"> [\u2026]<\/span><\/p>\n","protected":false},"featured_media":0,"template":"","meta":{"_monsterinsights_skip_tracking":false,"_monsterinsights_sitenote_active":false,"_monsterinsights_sitenote_note":"","_monsterinsights_sitenote_category":0},"product_brand":[],"product_cat":[12291,12509],"product_tag":[],"class_list":{"0":"post-712809","1":"product","2":"type-product","3":"status-publish","5":"product_cat-edebiyat","6":"product_cat-siir","7":"pa_cilt-ciltsiz","8":"pa_tur-kitap","9":"pa_yayinevi-kultur-ajans-yayinlari","10":"pa_yazar-ahmet-erbey","12":"first","13":"instock","14":"sale","15":"shipping-taxable","16":"purchasable","17":"product-type-simple"},"_links":{"self":[{"href":"https:\/\/roveyayinevi.com.tr\/index.php\/wp-json\/wp\/v2\/product\/712809","targetHints":{"allow":["GET"]}}],"collection":[{"href":"https:\/\/roveyayinevi.com.tr\/index.php\/wp-json\/wp\/v2\/product"}],"about":[{"href":"https:\/\/roveyayinevi.com.tr\/index.php\/wp-json\/wp\/v2\/types\/product"}],"wp:attachment":[{"href":"https:\/\/roveyayinevi.com.tr\/index.php\/wp-json\/wp\/v2\/media?parent=712809"}],"wp:term":[{"taxonomy":"product_brand","embeddable":true,"href":"https:\/\/roveyayinevi.com.tr\/index.php\/wp-json\/wp\/v2\/product_brand?post=712809"},{"taxonomy":"product_cat","embeddable":true,"href":"https:\/\/roveyayinevi.com.tr\/index.php\/wp-json\/wp\/v2\/product_cat?post=712809"},{"taxonomy":"product_tag","embeddable":true,"href":"https:\/\/roveyayinevi.com.tr\/index.php\/wp-json\/wp\/v2\/product_tag?post=712809"}],"curies":[{"name":"wp","href":"https:\/\/api.w.org\/{rel}","templated":true}]}}