{"id":712807,"date":"2025-08-27T16:59:51","date_gmt":"2025-08-27T13:59:51","guid":{"rendered":"https:\/\/roveyayinevi.com.tr\/index.php\/urun\/floddertje-ciltli\/"},"modified":"2026-04-16T02:21:08","modified_gmt":"2026-04-15T23:21:08","slug":"floddertje-ciltli","status":"publish","type":"product","link":"https:\/\/roveyayinevi.com.tr\/index.php\/urun\/floddertje-ciltli\/","title":{"rendered":"Floddertje (Ciltli)"},"content":{"rendered":"<p>Pasakl\u0131 k\u0131z Floddertje\u2019yle tan\u0131\u015f\u0131n! Floddertje\u2019nin \u00fcst\u00fc ba\u015f\u0131 hep kir i\u00e7inde, yar\u0131m saatten fazla temiz kalmay\u0131 bir t\u00fcrl\u00fc ba\u015faram\u0131yor. Bu y\u00fczden, en az kendisi kadar pasakl\u0131 k\u00f6pe\u011fi Smeerkees\u2019le birlikte hemen banyoya g\u00f6t\u00fcr\u00fcl\u00fcyor. Kitaptaki alt\u0131 hik\u00e2yenin her birinde Floddertje \u00fcst\u00fcn\u00fc ba\u015f\u0131n\u0131 kirletmemek i\u00e7in \u00e7abal\u0131yor ama nafile! Floddertje\u2019nin ba\u015f\u0131na a\u00e7t\u0131\u011f\u0131 t\u00fcrl\u00fc i\u015fler, birbirinden komik ve e\u011flenceli maceralar\u0131 beraberinde getiriyor. \u00c7\u00fcnk\u00fc bazen yaramazl\u0131k yap\u0131p kirlenmekten daha e\u011flenceli ne olabilir ki? Hollanda \u00e7ocuk edebiyat\u0131n\u0131n \u201cta\u00e7s\u0131z krali\u00e7esi\u2019\u2019, Andersen \u00f6d\u00fcll\u00fc Annie M.G. Schmidt\u2019in en sevilen kahramanlar\u0131ndan Floddertje\u2019nin  maceralar\u0131 ilk kez T\u00fcrk\u00e7ede! Hollanda\u2019da \u201cYa\u015fam Boyu Ba\u015far\u0131 \u00d6d\u00fcl\u00fc\u201dne de\u011fer g\u00f6r\u00fclen Fiep Westendorp\u2019un resimleriyle. <\/p>\n","protected":false},"excerpt":{"rendered":"<p>Pasakl\u0131 k\u0131z Floddertje\u2019yle tan\u0131\u015f\u0131n! Floddertje\u2019nin \u00fcst\u00fc ba\u015f\u0131 hep kir i\u00e7inde, yar\u0131m saatten fazla temiz kalmay\u0131 bir t\u00fcrl\u00fc ba\u015faram\u0131yor. Bu y\u00fczden, en az kendisi kadar pasakl\u0131 k\u00f6pe\u011fi<span class=\"excerpt-hellip\"> [\u2026]<\/span><\/p>\n","protected":false},"featured_media":0,"template":"","meta":{"_monsterinsights_skip_tracking":false,"_monsterinsights_sitenote_active":false,"_monsterinsights_sitenote_note":"","_monsterinsights_sitenote_category":0},"product_brand":[],"product_cat":[12275,12274],"product_tag":[],"class_list":{"0":"post-712807","1":"product","2":"type-product","3":"status-publish","5":"product_cat-6-12-yas-kitaplari","6":"product_cat-cocuk-ve-genclik-kitaplari","7":"pa_cilt-ciltli","8":"pa_tur-kitap","9":"pa_yayinevi-can-cocuk-yayinlari","10":"pa_yazar-annie-m-g-schmidt","12":"first","13":"instock","14":"sale","15":"shipping-taxable","16":"purchasable","17":"product-type-simple"},"_links":{"self":[{"href":"https:\/\/roveyayinevi.com.tr\/index.php\/wp-json\/wp\/v2\/product\/712807","targetHints":{"allow":["GET"]}}],"collection":[{"href":"https:\/\/roveyayinevi.com.tr\/index.php\/wp-json\/wp\/v2\/product"}],"about":[{"href":"https:\/\/roveyayinevi.com.tr\/index.php\/wp-json\/wp\/v2\/types\/product"}],"wp:attachment":[{"href":"https:\/\/roveyayinevi.com.tr\/index.php\/wp-json\/wp\/v2\/media?parent=712807"}],"wp:term":[{"taxonomy":"product_brand","embeddable":true,"href":"https:\/\/roveyayinevi.com.tr\/index.php\/wp-json\/wp\/v2\/product_brand?post=712807"},{"taxonomy":"product_cat","embeddable":true,"href":"https:\/\/roveyayinevi.com.tr\/index.php\/wp-json\/wp\/v2\/product_cat?post=712807"},{"taxonomy":"product_tag","embeddable":true,"href":"https:\/\/roveyayinevi.com.tr\/index.php\/wp-json\/wp\/v2\/product_tag?post=712807"}],"curies":[{"name":"wp","href":"https:\/\/api.w.org\/{rel}","templated":true}]}}