{"id":712806,"date":"2025-08-27T16:59:51","date_gmt":"2025-08-27T13:59:51","guid":{"rendered":"https:\/\/roveyayinevi.com.tr\/index.php\/urun\/kara-melek\/"},"modified":"2026-04-16T02:21:07","modified_gmt":"2026-04-15T23:21:07","slug":"kara-melek","status":"publish","type":"product","link":"https:\/\/roveyayinevi.com.tr\/index.php\/urun\/kara-melek\/","title":{"rendered":"Kara Melek"},"content":{"rendered":"<p>Ge\u00e7mi\u015fte olan \u015feyler geri d\u00f6ner; \u0131srarla, dilenerek, imal\u0131 s\u00f6zlerle kap\u0131m\u0131z\u0131 \u00e7alarlar. \u00c7o\u011funlukla dudaklar\u0131nda bir g\u00fcl\u00fcmseyi\u015f vard\u0131r; oysa insan kanmamal\u0131d\u0131r, aldat\u0131c\u0131 bir g\u00fcl\u00fcmseyi\u015ftir o. Ve o arada biz hayat\u0131m\u0131z\u0131 ya\u015far\u0131z, yazar\u0131z \u2212 bizi menzile do\u011fru s\u00fcr\u00fckleyen bu yan\u0131lsamada ikisi de ayn\u0131 \u015feydir zaten. \u00d6yk\u00fcleriyle okurlar\u0131n\u0131 imgelerle y\u00fckl\u00fc yolculuklara s\u00fcr\u00fckleyen Tabucchi, kalemini bu kez insan ruhunun kuytular\u0131na itilen ve g\u00fcn\u00fcn birinde \u015fu ya da bu yolla a\u00e7\u0131\u011fa \u00e7\u0131kan karanl\u0131k yanlara y\u00f6neltir. \u0130lk olarak 1991\u2019de yay\u0131mlanan Kara Melek \u00f6yk\u00fcleri k\u00f6t\u00fcc\u00fcll\u00fc\u011f\u00fc, nefreti, zorbal\u0131\u011f\u0131, ihaneti, d\u00fc\u015f k\u0131r\u0131kl\u0131\u011f\u0131n\u0131, yaln\u0131zl\u0131\u011f\u0131 ve korkuyu d\u00fc\u015fsel bir temellendirmeyle, \u015fiirsel bir dille g\u00f6r\u00fcn\u00fcr k\u0131lar. \u00d6yk\u00fclerin i\u00e7inden s\u00fcz\u00fclen \u201cmelekler\u201d, yazar\u0131n deyi\u015fiyle t\u00fcm melekler gibi \u201czorlay\u0131c\u0131 yarat\u0131klard\u0131r\u201d, onlar\u0131n t\u00fcyleri yumu\u015fac\u0131k de\u011fil, \u201ck\u0131sac\u0131kt\u0131r, diken gibi batar\u201d. Tek tip olmad\u0131klar\u0131 gibi, bar\u0131nd\u0131rd\u0131klar\u0131 anlamlar da hayat\u0131n kendisi gibi \u00e7ok katmanl\u0131d\u0131r. Nas\u0131l ki Tabucchi\u2019nin kurmaca d\u00fcnyas\u0131nda \u015fimdi, ge\u00e7mi\u015f ve gelecek, bu d\u00fcnya ve \u201c\u00f6te d\u00fcnya\u201d aras\u0131ndaki s\u0131n\u0131rlar ge\u00e7irgense \u201ciyi\u201d ve \u201ck\u00f6t\u00fc\u201dn\u00fcn de belirlenegelmi\u015f s\u0131n\u0131rlar\u0131 kayganla\u015f\u0131r, ak\u0131\u015fkanla\u015f\u0131r&#8230; geriye sadece insan ve duygular\u0131 kal\u0131r. <\/p>\n","protected":false},"excerpt":{"rendered":"<p>Ge\u00e7mi\u015fte olan \u015feyler geri d\u00f6ner; \u0131srarla, dilenerek, imal\u0131 s\u00f6zlerle kap\u0131m\u0131z\u0131 \u00e7alarlar. \u00c7o\u011funlukla dudaklar\u0131nda bir g\u00fcl\u00fcmseyi\u015f vard\u0131r; oysa insan kanmamal\u0131d\u0131r, aldat\u0131c\u0131 bir g\u00fcl\u00fcmseyi\u015ftir o. Ve o arada<span class=\"excerpt-hellip\"> [\u2026]<\/span><\/p>\n","protected":false},"featured_media":0,"template":"","meta":{"_monsterinsights_skip_tracking":false,"_monsterinsights_sitenote_active":false,"_monsterinsights_sitenote_note":"","_monsterinsights_sitenote_category":0},"product_brand":[],"product_cat":[12291,12711],"product_tag":[],"class_list":{"0":"post-712806","1":"product","2":"type-product","3":"status-publish","5":"product_cat-edebiyat","6":"product_cat-roman-oyku","7":"pa_cilt-ciltsiz","8":"pa_tur-kitap","9":"pa_yayinevi-can-yayinlari","10":"pa_yazar-antonio-tabucchi","12":"first","13":"instock","14":"sale","15":"shipping-taxable","16":"purchasable","17":"product-type-simple"},"_links":{"self":[{"href":"https:\/\/roveyayinevi.com.tr\/index.php\/wp-json\/wp\/v2\/product\/712806","targetHints":{"allow":["GET"]}}],"collection":[{"href":"https:\/\/roveyayinevi.com.tr\/index.php\/wp-json\/wp\/v2\/product"}],"about":[{"href":"https:\/\/roveyayinevi.com.tr\/index.php\/wp-json\/wp\/v2\/types\/product"}],"wp:attachment":[{"href":"https:\/\/roveyayinevi.com.tr\/index.php\/wp-json\/wp\/v2\/media?parent=712806"}],"wp:term":[{"taxonomy":"product_brand","embeddable":true,"href":"https:\/\/roveyayinevi.com.tr\/index.php\/wp-json\/wp\/v2\/product_brand?post=712806"},{"taxonomy":"product_cat","embeddable":true,"href":"https:\/\/roveyayinevi.com.tr\/index.php\/wp-json\/wp\/v2\/product_cat?post=712806"},{"taxonomy":"product_tag","embeddable":true,"href":"https:\/\/roveyayinevi.com.tr\/index.php\/wp-json\/wp\/v2\/product_tag?post=712806"}],"curies":[{"name":"wp","href":"https:\/\/api.w.org\/{rel}","templated":true}]}}