{"id":712805,"date":"2025-08-27T16:59:50","date_gmt":"2025-08-27T13:59:50","guid":{"rendered":"https:\/\/roveyayinevi.com.tr\/index.php\/urun\/mahi\/"},"modified":"2026-04-16T02:21:07","modified_gmt":"2026-04-15T23:21:07","slug":"mahi","status":"publish","type":"product","link":"https:\/\/roveyayinevi.com.tr\/index.php\/urun\/mahi\/","title":{"rendered":"Mahi"},"content":{"rendered":"<p>Al yazman\u0131n ucuna m\u0131 sildin g\u00f6zya\u015flar\u0131n\u0131? A\u011f\u0131d\u0131n\u0131 hangi da\u011fa hayk\u0131rd\u0131n Mahi? K\u0131ra\u00e7 bir toprak sand\u0131\u011f\u0131n bedeninde Nas\u0131r tutan ellerinle ka\u00e7 kundak beledin? Ak s\u00fct\u00fcn\u00fc ak\u0131tt\u0131\u011f\u0131n toprak Damar damar \u00e7atlad\u0131 m\u0131 Mahi? Umuduna kurban oldu\u011fum Mavi g\u00f6zlerine kim oturttu h\u00fczn\u00fc Bilmez misin Bu d\u00fcnyada ki en g\u00fczel mavi senin g\u00f6zlerinin i\u00e7inde Denizi de orada bulurum,  g\u00f6ky\u00fcz\u00fcn\u00fc de Huzurumun ba\u015fkentidir oras\u0131 Ya\u011fmur da ya\u011fsa dolu da ben hep oraya s\u0131\u011f\u0131n\u0131r\u0131m Mahi Y\u00fcre\u011fi yi\u011fit kad\u0131n Yine gel bana Yine yeniden H\u00f6ll\u00fc\u011f\u00fcn\u00fc ele Kunda\u011f\u0131na bele beni Mahi\u2019m Y\u00fcre\u011finden \u00f6perim Ellerinden de <\/p>\n","protected":false},"excerpt":{"rendered":"<p>Al yazman\u0131n ucuna m\u0131 sildin g\u00f6zya\u015flar\u0131n\u0131? A\u011f\u0131d\u0131n\u0131 hangi da\u011fa hayk\u0131rd\u0131n Mahi? K\u0131ra\u00e7 bir toprak sand\u0131\u011f\u0131n bedeninde Nas\u0131r tutan ellerinle ka\u00e7 kundak beledin? Ak s\u00fct\u00fcn\u00fc ak\u0131tt\u0131\u011f\u0131n toprak<span class=\"excerpt-hellip\"> [\u2026]<\/span><\/p>\n","protected":false},"featured_media":0,"template":"","meta":{"_monsterinsights_skip_tracking":false,"_monsterinsights_sitenote_active":false,"_monsterinsights_sitenote_note":"","_monsterinsights_sitenote_category":0},"product_brand":[],"product_cat":[12291,12711],"product_tag":[],"class_list":{"0":"post-712805","1":"product","2":"type-product","3":"status-publish","5":"product_cat-edebiyat","6":"product_cat-roman-oyku","7":"pa_cilt-ciltsiz","8":"pa_tur-kitap","9":"pa_yayinevi-peron-kitap","10":"pa_yazar-serpil-gundogdu-emre","12":"first","13":"instock","14":"sale","15":"shipping-taxable","16":"purchasable","17":"product-type-simple"},"_links":{"self":[{"href":"https:\/\/roveyayinevi.com.tr\/index.php\/wp-json\/wp\/v2\/product\/712805","targetHints":{"allow":["GET"]}}],"collection":[{"href":"https:\/\/roveyayinevi.com.tr\/index.php\/wp-json\/wp\/v2\/product"}],"about":[{"href":"https:\/\/roveyayinevi.com.tr\/index.php\/wp-json\/wp\/v2\/types\/product"}],"wp:attachment":[{"href":"https:\/\/roveyayinevi.com.tr\/index.php\/wp-json\/wp\/v2\/media?parent=712805"}],"wp:term":[{"taxonomy":"product_brand","embeddable":true,"href":"https:\/\/roveyayinevi.com.tr\/index.php\/wp-json\/wp\/v2\/product_brand?post=712805"},{"taxonomy":"product_cat","embeddable":true,"href":"https:\/\/roveyayinevi.com.tr\/index.php\/wp-json\/wp\/v2\/product_cat?post=712805"},{"taxonomy":"product_tag","embeddable":true,"href":"https:\/\/roveyayinevi.com.tr\/index.php\/wp-json\/wp\/v2\/product_tag?post=712805"}],"curies":[{"name":"wp","href":"https:\/\/api.w.org\/{rel}","templated":true}]}}