{"id":712803,"date":"2025-08-27T16:59:49","date_gmt":"2025-08-27T13:59:49","guid":{"rendered":"https:\/\/roveyayinevi.com.tr\/index.php\/urun\/insanlar-arasindaki-esitsizligin-temeli-ve-kokenleri\/"},"modified":"2026-04-16T02:21:07","modified_gmt":"2026-04-15T23:21:07","slug":"insanlar-arasindaki-esitsizligin-temeli-ve-kokenleri","status":"publish","type":"product","link":"https:\/\/roveyayinevi.com.tr\/index.php\/urun\/insanlar-arasindaki-esitsizligin-temeli-ve-kokenleri\/","title":{"rendered":"\u0130nsanlar Aras\u0131ndaki E\u015fitsizli\u011fin Temeli ve K\u00f6kenleri"},"content":{"rendered":"<p>Hi\u00e7bir toplumsal stat\u00fcyle ba\u011flant\u0131s\u0131 olmayan Cenevreli filozof ve yazar Jacques Rousseau, d\u00f6neminin sosyal, siyasal ve dinsel kurumlar\u0131n\u0131n da \u00e7arp\u0131c\u0131 bir ele\u015ftirisini yapm\u0131\u015ft\u0131r.&#8221;\u0130nsan do\u011fal olarak iyidir ama uygarla\u015fma e\u015fitsizli\u011fi ve buna ba\u011fl\u0131 olarak bir dizi k\u00f6t\u00fcl\u00fc\u011f\u00fc de beraberinde getirir&#8221; fikrini savunan Rousseau, toplumun sosyal yap\u0131s\u0131nda ve e\u011fitim sisteminde etkili olmu\u015ftur.Uygarl\u0131k ele\u015ftirisi ve do\u011faya d\u00f6n\u00fc\u015f \u00f6nerisiyle romantik ak\u0131ma \u00f6nc\u00fcl\u00fck etmi\u015f, monar\u015fiye kar\u015f\u0131 halk\u0131n egemenli\u011fini savunmas\u0131yla Frans\u0131z Devrimi&#8217;ni desteklemi\u015f olan Rousseau&#8217;nun, \u0130nsanlar Aras\u0131ndaki E\u015fitsizli\u011finin Temeli ve K\u00f6kenleri kitab\u0131; insanl\u0131\u011f\u0131n toprak ve madenleri i\u015flemesini \u00f6\u011frenmesiyle alt\u0131n d\u00f6nemini yitirdi\u011fi ve insanlar aras\u0131ndaki e\u015fitsizli\u011fin temeli oldu\u011fu gibi savlar\u0131 y\u00fcz\u00fcnden yay\u0131mland\u0131\u011f\u0131nda b\u00fcy\u00fck bir ilgi ve ayn\u0131 zaman tepkiyle kar\u015f\u0131lanm\u0131\u015ft\u0131r.Bir uygarl\u0131k ele\u015ftirisi olarak da kabul edilen bu kitap, sonradan edindi\u011fimiz e\u015fitsizlikleri de tart\u0131\u015fmaya a\u00e7m\u0131\u015ft\u0131r.&#8221;Toplumsal \u00e7\u00f6k\u00fcnt\u00fcleri&#8221; b\u00fct\u00fcn ayr\u0131nt\u0131lar\u0131yla anlamak isteyen herkesin yeniden ve yeniden okumas\u0131 gereken bir d\u00fc\u015f\u00fcn\u00fcrd\u00fcr Rousseau. <\/p>\n","protected":false},"excerpt":{"rendered":"<p>Hi\u00e7bir toplumsal stat\u00fcyle ba\u011flant\u0131s\u0131 olmayan Cenevreli filozof ve yazar Jacques Rousseau, d\u00f6neminin sosyal, siyasal ve dinsel kurumlar\u0131n\u0131n da \u00e7arp\u0131c\u0131 bir ele\u015ftirisini yapm\u0131\u015ft\u0131r.&#8221;\u0130nsan do\u011fal olarak iyidir ama<span class=\"excerpt-hellip\"> [\u2026]<\/span><\/p>\n","protected":false},"featured_media":0,"template":"","meta":{"_monsterinsights_skip_tracking":false,"_monsterinsights_sitenote_active":false,"_monsterinsights_sitenote_note":"","_monsterinsights_sitenote_category":0},"product_brand":[],"product_cat":[12291,12711],"product_tag":[],"class_list":{"0":"post-712803","1":"product","2":"type-product","3":"status-publish","5":"product_cat-edebiyat","6":"product_cat-roman-oyku","7":"pa_cilt-ciltsiz","8":"pa_tur-kitap","9":"pa_yayinevi-oda-yayinlari","10":"pa_yazar-jean-jacques-rousseau","12":"first","13":"instock","14":"sale","15":"shipping-taxable","16":"purchasable","17":"product-type-simple"},"_links":{"self":[{"href":"https:\/\/roveyayinevi.com.tr\/index.php\/wp-json\/wp\/v2\/product\/712803","targetHints":{"allow":["GET"]}}],"collection":[{"href":"https:\/\/roveyayinevi.com.tr\/index.php\/wp-json\/wp\/v2\/product"}],"about":[{"href":"https:\/\/roveyayinevi.com.tr\/index.php\/wp-json\/wp\/v2\/types\/product"}],"wp:attachment":[{"href":"https:\/\/roveyayinevi.com.tr\/index.php\/wp-json\/wp\/v2\/media?parent=712803"}],"wp:term":[{"taxonomy":"product_brand","embeddable":true,"href":"https:\/\/roveyayinevi.com.tr\/index.php\/wp-json\/wp\/v2\/product_brand?post=712803"},{"taxonomy":"product_cat","embeddable":true,"href":"https:\/\/roveyayinevi.com.tr\/index.php\/wp-json\/wp\/v2\/product_cat?post=712803"},{"taxonomy":"product_tag","embeddable":true,"href":"https:\/\/roveyayinevi.com.tr\/index.php\/wp-json\/wp\/v2\/product_tag?post=712803"}],"curies":[{"name":"wp","href":"https:\/\/api.w.org\/{rel}","templated":true}]}}