{"id":712801,"date":"2025-08-27T16:59:48","date_gmt":"2025-08-27T13:59:48","guid":{"rendered":"https:\/\/roveyayinevi.com.tr\/index.php\/urun\/areopagitica-basin-ozgurlugu-uzerine\/"},"modified":"2026-04-16T02:21:07","modified_gmt":"2026-04-15T23:21:07","slug":"areopagitica-basin-ozgurlugu-uzerine","status":"publish","type":"product","link":"https:\/\/roveyayinevi.com.tr\/index.php\/urun\/areopagitica-basin-ozgurlugu-uzerine\/","title":{"rendered":"Areopagitica Bas\u0131n \u00d6zg\u00fcrl\u00fc\u011f\u00fc \u00dczerine"},"content":{"rendered":"<p>Britanya Parlamentosu 1643 y\u0131l\u0131nda bas\u0131n\u0131 d\u00fczenleyip tahakk\u00fcm alt\u0131na alacak bir kararname yay\u0131nlar. 1644 y\u0131l\u0131nda John Milton Areopagitica \u00e7al\u0131\u015fmas\u0131n\u0131 bu karara tepki olarak haz\u0131rlam\u0131\u015ft\u0131r. Milton\u2019\u0131n kaleme ald\u0131\u011f\u0131 bu konu\u015fma parlamentoya hitaben yaz\u0131lm\u0131\u015f kitap\u00e7\u0131k \u015feklindeki bir metindir. \u0130sokrates\u2019in Areopagiticus (M.\u00d6. 355) eseri toplulu\u011fun \u00f6n\u00fcnde okunmas\u0131 i\u00e7in kaleme al\u0131nm\u0131\u015f olan ve adaletin y\u00fcce simgesi Areiopagos\u2019un g\u00fcc\u00fcn\u00fc tekrar kazanmas\u0131 gerekti\u011fini savunan bir konu\u015fmad\u0131r. Milton\u2019\u0131n Areopagitica eseri ise hem bas\u0131na uygulanan k\u0131s\u0131tlamalar\u0131n tarihsel k\u00f6kenlerini g\u00f6sterir hem de sans\u00fcrde \u0131srar edildi\u011fi takdirde muhtemel felaketlerden haber verir. \u0130nsanl\u0131k tarihinin \u00f6l\u00fcms\u00fcz eserlerinden Kay\u0131p Cennet\u2019in yazar\u0131 Milton kendi zaman\u0131ndaki siyasi ve toplumsal kritik sorunlara bak\u0131\u015f a\u00e7\u0131s\u0131n\u0131 bu \u00e7al\u0131\u015fmas\u0131yla ortaya koyar. <\/p>\n","protected":false},"excerpt":{"rendered":"<p>Britanya Parlamentosu 1643 y\u0131l\u0131nda bas\u0131n\u0131 d\u00fczenleyip tahakk\u00fcm alt\u0131na alacak bir kararname yay\u0131nlar. 1644 y\u0131l\u0131nda John Milton Areopagitica \u00e7al\u0131\u015fmas\u0131n\u0131 bu karara tepki olarak haz\u0131rlam\u0131\u015ft\u0131r. Milton\u2019\u0131n kaleme ald\u0131\u011f\u0131<span class=\"excerpt-hellip\"> [\u2026]<\/span><\/p>\n","protected":false},"featured_media":0,"template":"","meta":{"_monsterinsights_skip_tracking":false,"_monsterinsights_sitenote_active":false,"_monsterinsights_sitenote_note":"","_monsterinsights_sitenote_category":0},"product_brand":[],"product_cat":[13590,12337],"product_tag":[],"class_list":{"0":"post-712801","1":"product","2":"type-product","3":"status-publish","5":"product_cat-arastirma-inceleme-politika-siyaset","6":"product_cat-politika-siyaset","7":"pa_cilt-ciltsiz","8":"pa_tur-kitap","9":"pa_yayinevi-pinhan-yayincilik","10":"pa_yazar-john-milton","12":"first","13":"instock","14":"sale","15":"shipping-taxable","16":"purchasable","17":"product-type-simple"},"_links":{"self":[{"href":"https:\/\/roveyayinevi.com.tr\/index.php\/wp-json\/wp\/v2\/product\/712801","targetHints":{"allow":["GET"]}}],"collection":[{"href":"https:\/\/roveyayinevi.com.tr\/index.php\/wp-json\/wp\/v2\/product"}],"about":[{"href":"https:\/\/roveyayinevi.com.tr\/index.php\/wp-json\/wp\/v2\/types\/product"}],"wp:attachment":[{"href":"https:\/\/roveyayinevi.com.tr\/index.php\/wp-json\/wp\/v2\/media?parent=712801"}],"wp:term":[{"taxonomy":"product_brand","embeddable":true,"href":"https:\/\/roveyayinevi.com.tr\/index.php\/wp-json\/wp\/v2\/product_brand?post=712801"},{"taxonomy":"product_cat","embeddable":true,"href":"https:\/\/roveyayinevi.com.tr\/index.php\/wp-json\/wp\/v2\/product_cat?post=712801"},{"taxonomy":"product_tag","embeddable":true,"href":"https:\/\/roveyayinevi.com.tr\/index.php\/wp-json\/wp\/v2\/product_tag?post=712801"}],"curies":[{"name":"wp","href":"https:\/\/api.w.org\/{rel}","templated":true}]}}