{"id":712800,"date":"2025-08-27T16:59:47","date_gmt":"2025-08-27T13:59:47","guid":{"rendered":"https:\/\/roveyayinevi.com.tr\/index.php\/urun\/platonun-politik-felsefesi-kriton-2\/"},"modified":"2026-04-16T02:21:07","modified_gmt":"2026-04-15T23:21:07","slug":"platonun-politik-felsefesi-kriton-2","status":"publish","type":"product","link":"https:\/\/roveyayinevi.com.tr\/index.php\/urun\/platonun-politik-felsefesi-kriton-2\/","title":{"rendered":"Platon&#8217;un Politik Felsefesi Kriton 2"},"content":{"rendered":"<p>Platon\u2019un Kriton diyalo\u011fu, Sokrates\u2019in Savunma\u2019s\u0131n\u0131n do\u011fal devam\u0131 niteli\u011findedir. Savunma Atina halk\u0131yla yap\u0131lan aleni bir sohbet iken, Kriton, Sokrates ile onun en ya\u015fl\u0131 dostu Kriton aras\u0131nda b\u00fcy\u00fck mahremiyet i\u00e7inde yap\u0131lan bir sohbettir. Sohbet sadece b\u00fcy\u00fck mahremiyet i\u00e7inde olmakla kalmaz, Sokrates hapiste oldu\u011fu i\u00e7in d\u00fcnyadan da tecrit olmu\u015flard\u0131r. Buna ek olarak, diyalog ba\u015flad\u0131\u011f\u0131nda hava h\u00e2l\u00e2 karanl\u0131kt\u0131r. Dolay\u0131s\u0131yla, harici olarak Savunma\u2019n\u0131n kar\u015f\u0131 kutbunday\u0131zd\u0131r. Konu: Sokrates, hayat\u0131n\u0131 kurtarmak i\u00e7in hapisten ve elbette Atina\u2019dan ka\u00e7mal\u0131 m\u0131d\u0131r? Daha genel ifade edecek olursak: Yasaya itaatsizlik etmeli midir? Sokrates\u2019in yan\u0131t\u0131 \u015fudur: Amas\u0131z mamas\u0131z yasaya itaat etmelidir. Kriton\u2019da, Sokrates\u2019in ya\u015fl\u0131 dostu Kriton taraf\u0131ndan \u00fcstlenilen bencil kurtarma harekat\u0131n\u0131 bo\u015fa \u00e7\u0131karmak, onu di\u011fer Atinal\u0131 yurtta\u015flarla uzla\u015ft\u0131rmak ve yine Sokrates\u2019in gelecek ku\u015faklara b\u0131rakaca\u011f\u0131 imaj\u0131 y\u00f6netmek ve \u015fekillendirmek i\u00e7in, Atina Yasalar\u0131n\u0131 nas\u0131l ustal\u0131kla ki\u015file\u015ftirdi\u011fini ve ilahla\u015ft\u0131rd\u0131\u011f\u0131n\u0131 g\u00f6rebilir ve duyabiliriz. Hem Savunma\u2019y\u0131 hem de Kriton\u2019u tart\u0131\u015f\u0131rken, Strauss, Platon\u2019un Sokrates\u2019inin dinleyicisinin kafas\u0131n\u0131 kar\u0131\u015ft\u0131rmak ve okuyucu-izleyicisinin d\u00fc\u015f\u00fcnceli fark\u0131ndal\u0131\u011f\u0131n\u0131 tetiklemek i\u00e7in kulland\u0131\u011f\u0131 say\u0131s\u0131z retorik ve \u015fiirsel arac\u0131 a\u00e7\u0131\u011fa \u00e7\u0131karmakla kalmaz, ayn\u0131 zamanda diyaloglardaki arg\u00fcman\u0131n alt\u0131nda yatan ve onlar\u0131 \u015fekillendiren belirli eylemi ayd\u0131nlat\u0131r. <\/p>\n","protected":false},"excerpt":{"rendered":"<p>Platon\u2019un Kriton diyalo\u011fu, Sokrates\u2019in Savunma\u2019s\u0131n\u0131n do\u011fal devam\u0131 niteli\u011findedir. Savunma Atina halk\u0131yla yap\u0131lan aleni bir sohbet iken, Kriton, Sokrates ile onun en ya\u015fl\u0131 dostu Kriton aras\u0131nda b\u00fcy\u00fck<span class=\"excerpt-hellip\"> [\u2026]<\/span><\/p>\n","protected":false},"featured_media":0,"template":"","meta":{"_monsterinsights_skip_tracking":false,"_monsterinsights_sitenote_active":false,"_monsterinsights_sitenote_note":"","_monsterinsights_sitenote_category":0},"product_brand":[],"product_cat":[12388,15536],"product_tag":[],"class_list":{"0":"post-712800","1":"product","2":"type-product","3":"status-publish","5":"product_cat-felsefe","6":"product_cat-siyaset-felsefesi","7":"pa_cilt-ciltsiz","8":"pa_tur-kitap","9":"pa_yayinevi-pinhan-yayincilik","10":"pa_yazar-leo-strauss","12":"first","13":"instock","14":"sale","15":"shipping-taxable","16":"purchasable","17":"product-type-simple"},"_links":{"self":[{"href":"https:\/\/roveyayinevi.com.tr\/index.php\/wp-json\/wp\/v2\/product\/712800","targetHints":{"allow":["GET"]}}],"collection":[{"href":"https:\/\/roveyayinevi.com.tr\/index.php\/wp-json\/wp\/v2\/product"}],"about":[{"href":"https:\/\/roveyayinevi.com.tr\/index.php\/wp-json\/wp\/v2\/types\/product"}],"wp:attachment":[{"href":"https:\/\/roveyayinevi.com.tr\/index.php\/wp-json\/wp\/v2\/media?parent=712800"}],"wp:term":[{"taxonomy":"product_brand","embeddable":true,"href":"https:\/\/roveyayinevi.com.tr\/index.php\/wp-json\/wp\/v2\/product_brand?post=712800"},{"taxonomy":"product_cat","embeddable":true,"href":"https:\/\/roveyayinevi.com.tr\/index.php\/wp-json\/wp\/v2\/product_cat?post=712800"},{"taxonomy":"product_tag","embeddable":true,"href":"https:\/\/roveyayinevi.com.tr\/index.php\/wp-json\/wp\/v2\/product_tag?post=712800"}],"curies":[{"name":"wp","href":"https:\/\/api.w.org\/{rel}","templated":true}]}}