{"id":712799,"date":"2025-08-27T16:59:47","date_gmt":"2025-08-27T13:59:47","guid":{"rendered":"https:\/\/roveyayinevi.com.tr\/index.php\/urun\/sinema-felsefesine-giris-film-yapimi-felsefe\/"},"modified":"2026-01-29T02:38:04","modified_gmt":"2026-01-28T23:38:04","slug":"sinema-felsefesine-giris-film-yapimi-felsefe","status":"publish","type":"product","link":"https:\/\/roveyayinevi.com.tr\/index.php\/urun\/sinema-felsefesine-giris-film-yapimi-felsefe\/","title":{"rendered":"Sinema Felsefesine Giri\u015f (Film &#8211; Yap\u0131m\u0131 Felsefe)"},"content":{"rendered":"<p>Elinizdeki kitap, filmlerin nas\u0131l felsefe yapabilece\u011fini incelemek amac\u0131yla, lisans ve lisans\u00fcst\u00fc \u00f6\u011frencileri, \u00f6\u011fretim \u00fcyeleri ve alan d\u0131\u015f\u0131ndan sinemaya g\u00f6n\u00fcl vermi\u015f bireylere hitap etmek \u00fczere haz\u0131rlanm\u0131\u015ft\u0131r. \u00c7al\u0131\u015fmada, sineman\u0131n kendi tarz\u0131nda \u00fcretti\u011fi felsefe \u201cfilm-yap\u0131m\u0131 felsefe\u201d kavram\u0131yla ele al\u0131nmakta ve bu kavram, sinema filmlerinden aktar\u0131lan sahnelerle tart\u0131\u015f\u0131lmaktad\u0131r. Felsefe; s\u00f6zl\u00fc, yaz\u0131l\u0131 ve sinematik olmak \u00fczere \u00fc\u00e7e ayr\u0131lm\u0131\u015f \u015fekilde ele al\u0131nmal\u0131d\u0131r. Kitab\u0131n temel iddialar\u0131ndan biri, Antik Yunan\u2019da Pazaryeri\u2019nde s\u00f6zl\u00fc olarak ba\u015flayan felsefenin, yaz\u0131yla birlikte \u2018fildi\u015fi kulesine kapand\u0131\u011f\u0131\u2019 ve sinema ile tekrar Pazaryeri\u2019ne inerek, \u201cSinematik Felsefe\u201d olarak tan\u0131mlanabilece\u011fi d\u00fc\u015f\u00fcncesidir. S\u00f6zl\u00fc felsefenin temel medyas\u0131 s\u00f6z iken, yaz\u0131l\u0131 felsefenin yaz\u0131, sineman\u0131n ise \u201cimajlar\u201dd\u0131r. \u0130majlarla yap\u0131lan sinematik felsefeyle birlikte, varl\u0131klara olu\u015f halinde ula\u015fma imk\u00e2n\u0131 do\u011fmu\u015ftur. Filmin yapt\u0131\u011f\u0131 felsefe, ayn\u0131 zamanda, hayattan ta\u015fan unsurlar\u0131n yakalanmas\u0131 \u015fans\u0131na da eri\u015filmesini sa\u011flar. Film-yap\u0131m\u0131 felsefenin yap\u0131lma olanaklar\u0131n\u0131 ve sundu\u011fu f\u0131rsatlar\u0131 analiz eden bu \u00e7al\u0131\u015fma, kuramsal tart\u0131\u015fmalar\u0131 sinematik imajlardan ve yaz\u0131l\u0131 felsefeden yararlanarak ger\u00e7ekle\u015ftirmekte ve Pelin Esmer\u2019in y\u00f6netti\u011fi \u0130\u015fe Yarar Bir \u015eey filmi \u00f6rne\u011finde arg\u00fcmanlar\u0131n\u0131 somutla\u015ft\u0131rmaktad\u0131r. \ufffcTan\u0131t\u0131m Metni<\/p>\n","protected":false},"excerpt":{"rendered":"<p>Elinizdeki kitap, filmlerin nas\u0131l felsefe yapabilece\u011fini incelemek amac\u0131yla, lisans ve lisans\u00fcst\u00fc \u00f6\u011frencileri, \u00f6\u011fretim \u00fcyeleri ve alan d\u0131\u015f\u0131ndan sinemaya g\u00f6n\u00fcl vermi\u015f bireylere hitap etmek \u00fczere haz\u0131rlanm\u0131\u015ft\u0131r. \u00c7al\u0131\u015fmada,<span class=\"excerpt-hellip\"> [\u2026]<\/span><\/p>\n","protected":false},"featured_media":0,"template":"","meta":{"_monsterinsights_skip_tracking":false,"_monsterinsights_sitenote_active":false,"_monsterinsights_sitenote_note":"","_monsterinsights_sitenote_category":0},"product_brand":[],"product_cat":[12409,12408],"product_tag":[],"class_list":{"0":"post-712799","1":"product","2":"type-product","3":"status-publish","5":"product_cat-fotograf-sinema-tiyatro","6":"product_cat-sanat","7":"pa_cilt-ciltsiz","8":"pa_tur-kitap","9":"pa_yayinevi-utopya-yayinevi","10":"pa_yazar-serdar-ozturk","12":"first","13":"instock","14":"sale","15":"shipping-taxable","16":"purchasable","17":"product-type-simple"},"_links":{"self":[{"href":"https:\/\/roveyayinevi.com.tr\/index.php\/wp-json\/wp\/v2\/product\/712799","targetHints":{"allow":["GET"]}}],"collection":[{"href":"https:\/\/roveyayinevi.com.tr\/index.php\/wp-json\/wp\/v2\/product"}],"about":[{"href":"https:\/\/roveyayinevi.com.tr\/index.php\/wp-json\/wp\/v2\/types\/product"}],"wp:attachment":[{"href":"https:\/\/roveyayinevi.com.tr\/index.php\/wp-json\/wp\/v2\/media?parent=712799"}],"wp:term":[{"taxonomy":"product_brand","embeddable":true,"href":"https:\/\/roveyayinevi.com.tr\/index.php\/wp-json\/wp\/v2\/product_brand?post=712799"},{"taxonomy":"product_cat","embeddable":true,"href":"https:\/\/roveyayinevi.com.tr\/index.php\/wp-json\/wp\/v2\/product_cat?post=712799"},{"taxonomy":"product_tag","embeddable":true,"href":"https:\/\/roveyayinevi.com.tr\/index.php\/wp-json\/wp\/v2\/product_tag?post=712799"}],"curies":[{"name":"wp","href":"https:\/\/api.w.org\/{rel}","templated":true}]}}