{"id":712797,"date":"2025-08-27T16:59:46","date_gmt":"2025-08-27T13:59:46","guid":{"rendered":"https:\/\/roveyayinevi.com.tr\/index.php\/urun\/fidanlarin-buyutulmedigi-mevsim\/"},"modified":"2026-04-16T02:21:07","modified_gmt":"2026-04-15T23:21:07","slug":"fidanlarin-buyutulmedigi-mevsim","status":"publish","type":"product","link":"https:\/\/roveyayinevi.com.tr\/index.php\/urun\/fidanlarin-buyutulmedigi-mevsim\/","title":{"rendered":"Fidanlar\u0131n B\u00fcy\u00fct\u00fclmedi\u011fi Mevsim"},"content":{"rendered":"<p>1980 askeri darbesinin hemen sonras\u0131ndaki f\u0131rt\u0131nal\u0131 g\u00fcnler\u2026 G\u00f6zalt\u0131lar, ihbarlar, evbask\u0131nlar\u0131, korkunun her eve sindi\u011fi karanl\u0131k geceler. T\u0131rnoval\u0131 Ailesi bu \u00e7alkant\u0131l\u0131 g\u00fcnlerde bir kabusun i\u00e7ine d\u00fc\u015fer. O\u011fullar\u0131 Mehmet kaybolmu\u015fturvekimseneredeoldu\u011funubilmez. \u00c7aresizce o\u011flunun pe\u015fine d\u00fc\u015fen baba \u0130stanbul\u2019u d\u00f6rt d\u00f6necek, bir yandan daralan zamana bir yandan da zalimli\u011fe kar\u015f\u0131 m\u00fccadele edecektir. 80\u2019lerin \u0130stanbul sokaklar\u0131 nostalji y\u00fckl\u00fc. Bir baban\u0131n hikayesi m\u00fccadele dolu. Bir o\u011flun ya\u015fam\u0131 \u0131zd\u0131rap i\u00e7inde. Bir annenin feryad\u0131 y\u00fcrek par\u00e7alay\u0131c\u0131 ve bir dostun ve fas\u0131 ilham verici. 80\u2019lerin T\u00fcrkiye\u2019sinde herkes kurban. Tanklar\u0131n paletleri insan bedenlerini ezip s\u00fcr\u00fcklerken, umut, vefa, feryat ve dayan\u0131\u015fma sesleri sessiz ve derinden \u0130stanbul\u2019u inletiyor. Baba olmak ne demek? O\u011flunu aramak, t\u00fcm engellere kar\u015f\u0131n yorulmamak ve b\u0131rakmamak ne demek? Baba olmak fidanlar\u0131n b\u00fcy\u00fct\u00fclmedi\u011fi mevsimlerde bile ayakta kalmak demek. \u2018\u2018Sadece be\u015f dakika\u2026 Be\u015f dakika dedi\u011finiz bir \u00f6mr\u00fc bamba\u015fka yerlere g\u00f6t\u00fcr\u00fcr. Be\u015f dakika erken ya da be\u015f dakika ge\u00e7\u2026 O be\u015f dakika b\u00fct\u00fcn bir ya\u015fam olur unutulmayan. Ke\u015fkeler, hep o be\u015f dakikalar\u0131n i\u00e7ine s\u0131\u011far.\u2019\u2019 <\/p>\n","protected":false},"excerpt":{"rendered":"<p>1980 askeri darbesinin hemen sonras\u0131ndaki f\u0131rt\u0131nal\u0131 g\u00fcnler\u2026 G\u00f6zalt\u0131lar, ihbarlar, evbask\u0131nlar\u0131, korkunun her eve sindi\u011fi karanl\u0131k geceler. T\u0131rnoval\u0131 Ailesi bu \u00e7alkant\u0131l\u0131 g\u00fcnlerde bir kabusun i\u00e7ine d\u00fc\u015fer. O\u011fullar\u0131<span class=\"excerpt-hellip\"> [\u2026]<\/span><\/p>\n","protected":false},"featured_media":0,"template":"","meta":{"_monsterinsights_skip_tracking":false,"_monsterinsights_sitenote_active":false,"_monsterinsights_sitenote_note":"","_monsterinsights_sitenote_category":0},"product_brand":[],"product_cat":[12291,12711],"product_tag":[],"class_list":{"0":"post-712797","1":"product","2":"type-product","3":"status-publish","5":"product_cat-edebiyat","6":"product_cat-roman-oyku","7":"pa_cilt-ciltsiz","8":"pa_tur-kitap","9":"pa_yayinevi-yeni-insan-yayinlari","10":"pa_yazar-kemal-yilmaz","12":"first","13":"instock","14":"sale","15":"shipping-taxable","16":"purchasable","17":"product-type-simple"},"_links":{"self":[{"href":"https:\/\/roveyayinevi.com.tr\/index.php\/wp-json\/wp\/v2\/product\/712797","targetHints":{"allow":["GET"]}}],"collection":[{"href":"https:\/\/roveyayinevi.com.tr\/index.php\/wp-json\/wp\/v2\/product"}],"about":[{"href":"https:\/\/roveyayinevi.com.tr\/index.php\/wp-json\/wp\/v2\/types\/product"}],"wp:attachment":[{"href":"https:\/\/roveyayinevi.com.tr\/index.php\/wp-json\/wp\/v2\/media?parent=712797"}],"wp:term":[{"taxonomy":"product_brand","embeddable":true,"href":"https:\/\/roveyayinevi.com.tr\/index.php\/wp-json\/wp\/v2\/product_brand?post=712797"},{"taxonomy":"product_cat","embeddable":true,"href":"https:\/\/roveyayinevi.com.tr\/index.php\/wp-json\/wp\/v2\/product_cat?post=712797"},{"taxonomy":"product_tag","embeddable":true,"href":"https:\/\/roveyayinevi.com.tr\/index.php\/wp-json\/wp\/v2\/product_tag?post=712797"}],"curies":[{"name":"wp","href":"https:\/\/api.w.org\/{rel}","templated":true}]}}